{"id":1224,"date":"2020-03-25T21:54:46","date_gmt":"2020-03-25T18:54:46","guid":{"rendered":"https:\/\/kubikgrup.com\/?page_id=1224"},"modified":"2021-10-25T15:57:14","modified_gmt":"2021-10-25T12:57:14","slug":"kubik-grup-tr-2","status":"publish","type":"page","link":"https:\/\/www.kubikgrup.com\/","title":{"rendered":"Kubik GRUP  &#8211;  TR"},"content":{"rendered":"<div  id=\"overlapable-2\" class=\"features-coloured-icon-boxes-section stripped-coloured-icon-boxes\" style=\"background-color: #ffffff;\" data-label=\"Overlapable\" data-id=\"stripped-coloured-icon-boxes\" data-category=\"overlapable\" data-overlap=\"true\">\n<div  class=\"gridContainer\">\n<div  class=\"features-coloured-icon-boxes-innerrow flexbox-list dark-text\" data-type=\"row\">\n<div  class=\"features-coloured-icon-boxes-featurecol cp2cols\">\n<div  class=\"features-coloured-icon-boxes-iconcontainer\" data-content-item-container=\"true\"><\/div>\n<h4  class=\"\">Biz Kimiz<\/h4>\n<a  class=\"features-coloured-button\" href=\"#hakkind\" target=\"_self\" rel=\"noopener noreferrer\">Devam<\/a>\n\n<\/div>\n<div  class=\"features-coloured-icon-boxes-featurecol cp2cols\">\n<div  class=\"features-coloured-icon-boxes-iconcontainer\" data-content-item-container=\"true\"><\/div>\n<h4  class=\"\">Felsefemiz<\/h4>\n<a  class=\"features-coloured-button\" href=\"#about\" target=\"_self\" rel=\"noopener noreferrer\">Devam<\/a>\n\n<\/div>\n<div  class=\"features-coloured-icon-boxes-featurecol cp2cols\">\n<div  class=\"features-coloured-icon-boxes-iconcontainer\" data-content-item-container=\"true\"><\/div>\n<h4  class=\"\">Faaliyet Alanlar\u0131m\u0131z<\/h4>\n<a  class=\"features-coloured-button\" href=\"#numbers\" target=\"_self\" rel=\"noopener noreferrer\">Devam<\/a>\n\n<\/div>\n<div  class=\"features-coloured-icon-boxes-featurecol cp2cols\">\n<div  class=\"features-coloured-icon-boxes-iconcontainer\" data-content-item-container=\"true\"><\/div>\n<h4  class=\"\">Hizmetlerimiz<\/h4>\n<a  class=\"features-coloured-button\" href=\"#testimonials-2\" target=\"_self\" rel=\"noopener noreferrer\">Devam<\/a>\n\n<\/div>\n<div  class=\"features-coloured-icon-boxes-featurecol cp2cols\">\n<div  class=\"features-coloured-icon-boxes-iconcontainer\" data-content-item-container=\"true\"><\/div>\n<h4  class=\"\">\u0130leti\u015fim<\/h4>\n<a  class=\"features-coloured-button\" href=\"#cta-1\" target=\"_self\" rel=\"noopener noreferrer\">Devam<\/a>\n\n<\/div>\n<\/div>\n<\/div>\n<\/div><div  id=\"hakkindd\" class=\"about-big-images-section\" style=\"background-color: #f6f6f6;\" data-label=\"hakkindd\" data-id=\"about-big-images-section\" data-category=\"about\">\n<div  class=\"gridContainer\">\n<div  class=\"about-big-images-textrow\">\n<div  class=\"about-big-images-textcol dynamic-color\" data-type=\"column\">\n<h5  class=\"\">K\u00dcB\u0130K GRUP<\/h5>\n<h3  class=\"\">Biz Kimiz<\/h3>\n<p  class=\"\">2013 y\u0131l\u0131nda \u0130stanbul\u2019da kurulmu\u015f olan K\u00fcbik Grup, kurumlar\u0131n ihtiya\u00e7lar\u0131na uygun AR-GE ile teknolojik ekosistemi destekleyen, yenilik\u00e7i ve u\u00e7tan uca \u00e7\u00f6z\u00fcmler sa\u011flayan ve projeler geli\u015ftiren bir teknoloji \u015firketidir. AR-GE alan\u0131nda uzman kadrosu ile kurumlara kurulu\u015ftan i\u015fleyi\u015fe, proje deste\u011fi sa\u011flayarak dijital ve teknolojik ekosistemlerine dahil olur. Yaz\u0131l\u0131m, donan\u0131m ve mekatronik \u00e7\u00f6z\u00fcmler geli\u015ftiren K\u00fcbik Grup, \u00fcretme stratejisinin \u00f6nemli bir akt\u00f6r\u00fc olan tasar\u0131m, ar-ge ve proje y\u00f6netimi faaliyetlerini de ger\u00e7ekle\u015ftirmektedir.<\/p>\n<p  class=\"\">Projelerinde savunma, bankac\u0131l\u0131k, bili\u015fim g\u00fcvenli\u011fi, donan\u0131m ve mekanik konusunda uzman m\u00fchendis ve \u00f6\u011fretim \u00fcyeleri ile birlikte \u00e7al\u0131\u015fmalarda bulunmaktad\u0131r.\nM\u00fc\u015fterilerinin ihtiya\u00e7lar\u0131na g\u00f6re \u00e7e\u015fitli \u00fcr\u00fcn ve projeler geli\u015ftirmi\u015f K\u00fcbik Grup, u\u00e7tan uca uygulama ve bilgi g\u00fcvenli\u011fi alt yap\u0131s\u0131 ile \u00e7\u00f6z\u00fcmler sunmaktad\u0131r. Projeleri aras\u0131nda Mobil Anons, Nakit Y\u00f6netim Sistemleri, Fiber LED Ayd\u0131nlatma Sistemleri, Dezenfenktif Antimikrobiyal Sistemler gibi teknoloji \u00e7al\u0131\u015fmalar\u0131 yer almaktad\u0131r.<\/p>\n<p  class=\"\">Ayn\u0131 zamanda \u0130stanbul Teknik \u00dcniversitesi Elektronik Fak\u00fcltesi ile birlikte T\u00fcrkiye\u2019nin ilk Bili\u015fsel Sistemler Laboratuvar\u0131n\u0131 kurmu\u015f olan K\u00fcbik \u015firketi, fak\u00fclte ile birlikte bilimsel yay\u0131nlar ve ara\u015ft\u0131rma geli\u015ftirme faaliyetlerinde bulunmaktad\u0131r.<\/p>\n<p  class=\"\">Sivil Savunma konular\u0131nda \u00f6zel proje \u00e7al\u0131\u015fmalar\u0131nda bulunan firmam\u0131z, \u2018\u2019Y\u00fcksek H\u0131zl\u0131, Arama ve Kurtarma, Su \u00dcst\u00fc Otonom Sistemi Geli\u015ftirme Projesi\u201d multidisipliner proje \u00e7al\u0131\u015fmalar\u0131nda bulunmaktad\u0131r.<\/p>\n<img decoding=\"async\"  class=\"custom-image\" src=\"https:\/\/kubikgrup.com\/wp-content\/uploads\/2020\/04\/27208.jpg\">\n\n<\/div>\n<\/div>\n<\/div>\n<div  class=\"about-big-images-bottomrow\">\n<div  class=\"about-big-images-leftimgcol\"><\/div>\n<div  class=\"about-big-images-centerimgcol\"><\/div>\n<div  class=\"about-big-images-rightimgcol\"><\/div>\n<\/div>\n<\/div><div  id=\"about\" class=\"features-image-cards-section\" style=\"background-color: #f6f6f6;\" data-label=\"about\" data-id=\"features-image-cards-section\" data-category=\"features\">\n<div  class=\"gridContainer\">\n<div  class=\"features-image-cards-textrow\">\n<div  class=\"features-image-cards-textcol dynamic-color\" data-type=\"column\">\n<h2  class=\"\">Felsefemiz<\/h2>\n<\/div>\n<\/div>\n<div  class=\"features-image-cards-innerrow flexbox-list dark-text\" data-type=\"row\">\n<div  class=\"features-image-cards-cardcol cp4cols cp6cols-tablet\">\n<div  class=\"features-image-cards-cardrow\">\n<div  class=\"features-image-cards-cardtextrow\" data-type=\"column\">\n<h4  class=\"\" style=\"text-align: center;\">Vizyon<\/h4>\n<p  class=\"\">Payda\u015flar\u0131 ile birlikte yenilik\u00e7i ve teknoloji odakl\u0131 \u00fcr\u00fcnler geli\u015ftirerek, k\u00fcresel pazarda g\u00fcvenilir bir teknoloji ekosistemine sahip olmak.<\/p>\n\n\n<hr  class=\"features-image-cards-separator\">\n\n<\/div>\n<\/div>\n<\/div>\n<div  class=\"features-image-cards-cardcol cp4cols cp6cols-tablet\">\n<div  class=\"features-image-cards-cardrow\">\n<div  class=\"features-image-cards-cardtextrow\" data-type=\"column\">\n<h4  class=\"\" style=\"text-align: center;\">&nbsp;Misyon<\/h4>\n<p  class=\"\">AR-GE \u00e7al\u0131\u015fmalar\u0131, teknoloji ekosistemleri ve sosyal projeler sunarak b\u00fcy\u00fcmek; yenilik\u00e7i, g\u00fcvenilir, \u00fcr\u00fcn ve \u00e7\u00f6z\u00fcmlerle insan hayat\u0131na de\u011fer katmak.<\/p>\n\n\n<hr  class=\"features-image-cards-separator\">\n\n<\/div>\n<\/div>\n<\/div>\n<\/div>\n<\/div>\n<\/div><div  id=\"testimonials-2\" class=\"testimonials-full-section\" style=\"background-color: #ffffff;\" data-label=\"Testimonials\" data-id=\"testimonials-full-section\" data-category=\"testimonials\">\n<div  class=\"testimonials-full-section gridContainer\">\n<div  class=\"testimonials-full-textrow dynamic-color\">\n<div  class=\"testimonials-full-textcol\" data-type=\"column\">\n<h2  class=\"\">Hizmetlerimiz<\/h2>\n<img decoding=\"async\"  class=\"custom-image\" src=\"https:\/\/kubikgrup.com\/wp-content\/uploads\/2020\/04\/banner5.jpg\">\n<p  class=\"\">Hizmetlerimiz hakk\u0131nda bilgi almak i\u00e7in l\u00fctfen devam\u2019a t\u0131klay\u0131n\u0131z.<\/p>\n<a  class=\"button blue\" href=\"https:\/\/kubikgrup.com?page_id=1682\" rel=\"noopener noreferrer\">Devam<\/a>\n\n<\/div>\n<\/div>\n<div  class=\"testimonials-full-itemsrow dynamic-color\" data-type=\"row\">\n<div  class=\"testimonials-full-itemcol cp6cols-tablet cp12cols\">\n<div  class=\"testimonials-full-imgcol\" data-preview-empty=\"1\"><\/div>\n<div  class=\"testimonials-full-itemtextcol\" data-type=\"column\"><\/div>\n<\/div>\n<\/div>\n<\/div>\n<\/div><div  id=\"numbers\" class=\"numbers-section\" data-label=\"Numbers\" data-id=\"numbers-section\" data-category=\"numbers\" data-bg=\"transparent\" data-parallax-depth=\"20\">\n<div  class=\"dynamic-color\">\n<div  class=\"numbers-itemcol\">\n<h2  class=\"numbers-numbertext\">&nbsp;<\/h2>\n<h3  class=\"numbers-titletext\"><\/h3>\n<\/div>\n<div  class=\"numbers-itemcol\">\n<h2  class=\"numbers-numbertext\">Faaliyet Alanlar\u0131m\u0131z<\/h2>\n<h3  class=\"numbers-titletext\"><\/h3>\n<\/div>\n<div  class=\"numbers-itemcol-last\">\n<h2  class=\"numbers-numbertext\"><\/h2>\n<h3  class=\"numbers-titletext\"><\/h3>\n<\/div>\n<\/div>\n<\/div><div  id=\"features-6\" class=\"features-small-image-cards-section\" style=\"background-color: #f6f6f6;\" data-label=\"Features\" data-id=\"features-small-image-cards-section\" data-category=\"features\">\n<div  class=\"\">\n<div  class=\"features-small-image-cards-featrow dark-text\" data-type=\"row\">\n<div  class=\"features-small-image-cards-featcol\">\n<div  class=\"features-small-image-cards-featinnerrow flexbox-list\">\n<div  class=\"features-small-image-cards-imgcol\" style=\"background-image: url('https:\/\/kubikgrup.com\/wp-content\/uploads\/2020\/03\/gdvfdfvd.jpg');\" data-bg=\"image\"><\/div>\n<div  class=\"features-small-image-cards-featcol-feattextcol\" data-type=\"column\">\n<h4  class=\"heading103\">Mobil ve IOT \u00c7\u00f6z\u00fcmleri<\/h4>\n<p  class=\"\">K\u00fcbik Grup, projeleri do\u011frultusunda, mobil uygulamalar ile web \u00e7\u00f6z\u00fcmleri \u00fcretmektedir. IOT alt yap\u0131s\u0131 kullan\u0131larak \u2026\u2026\u2026.<\/p>\n\n\n<hr  class=\"features-small-image-cards-separator\">\n<p  class=\"\"><a  class=\"\" href=\"https:\/\/kubikgrup.com?page_id=1261\" target=\"_self\" rel=\"noopener noreferrer\">Devam\u0131 i\u00e7in t\u0131klay\u0131n\u0131z.<\/a><\/p>\n\n<\/div>\n<\/div>\n<\/div>\n<div  class=\"features-small-image-cards-featcol\">\n<div  class=\"features-small-image-cards-featinnerrow flexbox-list\">\n<div  class=\"features-small-image-cards-imgcol\" style=\"background-image: url('https:\/\/kubikgrup.com\/wp-content\/uploads\/2020\/03\/fsdfsdf.jpg');\" data-bg=\"image\"><\/div>\n<div  class=\"features-small-image-cards-featcol-feattextcol\" data-type=\"column\">\n<h4  class=\"heading103\">K\u00fcbik LED<\/h4>\n<p  class=\"\">Ayd\u0131nlatma teknolojisindeki geli\u015fmeleri yak\u0131ndan takip eden K\u00fcbik LED, Ar-Ge b\u00f6l\u00fcmlerinde geli\u015ftirdi\u011fi Fiber Led \u2026\u2026\u2026<\/p>\n\n\n<hr  class=\"features-small-image-cards-separator\">\n<p  class=\"\"><a  class=\"\" href=\"http:\/\/www.kubikled.com\" target=\"_self\" rel=\"noopener noreferrer\">Devam\u0131 i\u00e7in t\u0131klay\u0131n\u0131z<\/a><\/p>\n\n<\/div>\n<\/div>\n<\/div>\n<div  class=\"features-small-image-cards-featcol\">\n<div  class=\"features-small-image-cards-featinnerrow flexbox-list\">\n<div  class=\"features-small-image-cards-imgcol\" style=\"background-image: url('https:\/\/kubikgrup.com\/wp-content\/uploads\/2020\/03\/sdfvdfvv.jpg');\" data-bg=\"image\"><\/div>\n<div  class=\"features-small-image-cards-featcol-feattextcol\" data-type=\"column\">\n<h4  class=\"heading103\">Askeri Savunma Sanayi Projeleri<\/h4>\n<p  class=\"\">Savunma sanayisinin ihtiya\u00e7lar\u0131na y\u00f6nelik \u00fcr\u00fcnleri geli\u015ftirmek i\u00e7in \u00e7\u00f6z\u00fcmler sunmakta olan K\u00fcbik Grup, deneyimli \u2026\u2026.<\/p>\n\n\n<hr  class=\"features-small-image-cards-separator\">\n<p  class=\"\"><a  class=\"\" href=\"https:\/\/kubikgrup.com?page_id=981\" rel=\"noopener noreferrer\">Devam\u0131 i\u00e7in t\u0131klay\u0131n\u0131z<\/a><\/p>\n\n<\/div>\n<\/div>\n<\/div>\n<div  class=\"features-small-image-cards-featcol\">\n<div  class=\"features-small-image-cards-featinnerrow flexbox-list\">\n<div  class=\"features-small-image-cards-imgcol\" style=\"background-image: url('https:\/\/kubikgrup.com\/wp-content\/uploads\/2020\/03\/daasdd.jpg');\" data-bg=\"image\"><\/div>\n<div  class=\"features-small-image-cards-featcol-feattextcol\" data-type=\"column\">\n<h4  class=\"heading103\">Y\u00fcksek G\u00fcvenlikli Kasa ve \u00d6deme Sistemleri<\/h4>\n<p  class=\"\">Kurumlar\u0131n vizyonuna uygun, dijital d\u00f6n\u00fc\u015f\u00fcme entegre edilmi\u015f \u00f6deme sistemleri \u00fczerine projeler geli\u015ftirmekte ve \u2026\u2026.<\/p>\n\n\n<hr  class=\"features-small-image-cards-separator\">\n<p  class=\"\"><a  class=\"\" href=\"https:\/\/kubikgrup.com?page_id=1021\" rel=\"noopener noreferrer\">Devam\u0131 i\u00e7in t\u0131klay\u0131n\u0131z<\/a><\/p>\n\n<\/div>\n<\/div>\n<\/div>\n<div  class=\"features-small-image-cards-featcol\">\n<div  class=\"features-small-image-cards-featinnerrow flexbox-list\">\n<div  class=\"features-small-image-cards-imgcol\" style=\"background-image: url('https:\/\/kubikgrup.com\/wp-content\/uploads\/2020\/04\/beewa2.jpg');\" data-bg=\"image\"><\/div>\n<div  class=\"features-small-image-cards-featcol-feattextcol\" data-type=\"column\">\n<h4  class=\"heading103\">Beeway Systems<\/h4>\n<p  class=\"\">\u00dcr\u00fcn geli\u015ftirme ve tasar\u0131m s\u00fcre\u00e7lerinin takibi ile birlikte yaz\u0131l\u0131m, donan\u0131m, bili\u015fim ve bilgi g\u00fcvenli\u011fi konusunda uzman m\u00fchendisler ile birlikte pazarlama \u00e7\u00f6z\u00fcmleri geli\u015ftirmektedir.<\/p>\n\n\n<hr  class=\"features-small-image-cards-separator\">\n<p  class=\"\"><a  class=\"\" href=\"http:\/\/www.beewaysystems.com\" target=\"_self\" rel=\"noopener noreferrer\">Devam\u0131 i\u00e7in t\u0131klay\u0131n\u0131z<\/a><\/p>\n\n<\/div>\n<\/div>\n<\/div>\n<div  class=\"features-small-image-cards-featcol\">\n<div  class=\"features-small-image-cards-featinnerrow flexbox-list\">\n<div  class=\"features-small-image-cards-imgcol\" style=\"background-image: url('https:\/\/kubikgrup.com\/wp-content\/uploads\/2020\/04\/cocnitif1.jpg');\" data-bg=\"image\"><\/div>\n<div  class=\"features-small-image-cards-featcol-feattextcol\" data-type=\"column\">\n<h4  class=\"heading103\">\u0130T\u00dc &amp; K\u00fcbik Cognitive Systems LAB<\/h4>\n<p  class=\"\">\u0130T\u00dc -K\u00fcbik Mobil i\u015fbirli\u011fi ile birlikte,T\u00fcrkiye\u2019nin ilk Cognitive Sistemler Laboratuvar\u0131, Yapay Zeka, Deep Learning ve Cognitive Sistemler projeler ve \u00e7al\u0131\u015fmalar yapmaktad\u0131r.<\/p>\n\n\n<hr  class=\"features-small-image-cards-separator\">\n<p  class=\"\"><a  class=\"\" href=\"http:\/\/www.cognitive.itu.edu.tr\" target=\"_self\" rel=\"noopener noreferrer\">Devam\u0131 i\u00e7in t\u0131klay\u0131n\u0131z<\/a><\/p>\n\n<\/div>\n<\/div>\n<\/div>\n<div  class=\"features-small-image-cards-featcol\">\n<div  class=\"features-small-image-cards-featinnerrow flexbox-list\">\n<div  class=\"features-small-image-cards-imgcol\" style=\"background-image: url('https:\/\/kubikgrup.com\/wp-content\/uploads\/2020\/03\/havatem.jpg');\" data-bg=\"image\"><\/div>\n<div  class=\"features-small-image-cards-featcol-feattextcol\" data-type=\"column\">\n<h4  class=\"heading103\">Dezenfektif Anti Mikrobiyal Sistemler<\/h4>\n<p  class=\"\">T\u00fcm sekt\u00f6rlerde en \u00f6nde gelen hijyen ve sterilizasyon i\u015flemleri i\u00e7in geli\u015ftirilen UV-C LED ultraviyole \u0131\u015f\u0131nlar\u0131 \u2026\u2026\u2026<\/p>\n\n\n<hr  class=\"features-small-image-cards-separator\">\n<p  class=\"\"><a  class=\"\" href=\"http:\/\/www.demfast.com\" target=\"_self\" rel=\"noopener noreferrer\">Devam\u0131 i\u00e7in t\u0131klay\u0131n\u0131z<\/a><\/p>\n\n<\/div>\n<\/div>\n<\/div>\n<div  class=\"features-small-image-cards-featcol\">\n<div  class=\"features-small-image-cards-featinnerrow flexbox-list\">\n<div  class=\"features-small-image-cards-imgcol\" style=\"background-image: url('https:\/\/kubikgrup.com\/wp-content\/uploads\/2020\/03\/sosyal.jpg');\" data-bg=\"image\"><\/div>\n<div  class=\"features-small-image-cards-featcol-feattextcol\" data-type=\"column\">\n<h4  class=\"heading103\">Sosyal Sorumluluk Projeleri<\/h4>\n<p  class=\"\">Sosyal sorumluluk projeleri ile \u00fclkemiz i\u00e7in \u00f6nemli konularda fark\u0131ndal\u0131k olu\u015fturarak \u00e7evreye ve insana \u2026\u2026\u2026<\/p>\n\n\n<hr  class=\"features-small-image-cards-separator\">\n<p  class=\"\"><a  class=\"\" href=\"https:\/\/kubikgrup.com?page_id=996\" rel=\"noopener noreferrer\">Devam\u0131 i\u00e7in t\u0131klay\u0131n\u0131z<\/a><\/p>\n\n<\/div>\n<\/div>\n<\/div>\n<\/div>\n<\/div>\n<\/div><div  id=\"cta-1\" class=\"cta-blue-section\" data-label=\"Call to action\" data-id=\"cta-blue-section\" data-category=\"cta\">\n<div  class=\"gridContainer\">\n<div  class=\"flexbox-list flexbox-list-align-center row\">\n<div  class=\"cta-blue-textcol dynamic-color\">\n<h2  class=\"cta-blue-text\"><span  style=\"font-weight: 600;\">\u0130leti\u015fim<\/span><\/h2>\n<\/div>\n<div  class=\"cta-blue-btncol\"><a  class=\"button big yellow dark-text\" href=\"https:\/\/goo.gl\/maps\/eB3G8CQm4NcyQ15d6\" target=\"_blank\" rel=\"noopener noreferrer\"> ula\u015f\u0131m krokisi <\/a><\/div>\n<\/div>\n<\/div>\n<\/div>","protected":false},"excerpt":{"rendered":"<p>Biz Kimiz Devam Felsefemiz Devam Faaliyet Alanlar\u0131m\u0131z Devam Hizmetlerimiz Devam \u0130leti\u015fim Devam K\u00dcB\u0130K GRUP Biz Kimiz 2013 y\u0131l\u0131nda \u0130stanbul\u2019da kurulmu\u015f olan K\u00fcbik Grup, kurumlar\u0131n ihtiya\u00e7lar\u0131na uygun AR-GE ile teknolojik ekosistemi destekleyen, yenilik\u00e7i ve u\u00e7tan uca \u00e7\u00f6z\u00fcmler sa\u011flayan ve projeler geli\u015ftiren bir teknoloji \u015firketidir. AR-GE alan\u0131nda uzman kadrosu ile kurumlara kurulu\u015ftan i\u015fleyi\u015fe, proje deste\u011fi sa\u011flayarak dijital&hellip; <br \/> <a class=\"button small blue\" href=\"https:\/\/www.kubikgrup.com\/\">Devam\u0131<\/a><\/p>\n","protected":false},"author":1,"featured_media":0,"parent":0,"menu_order":0,"comment_status":"closed","ping_status":"closed","template":"page-templates\/homepage.php","meta":{"footnotes":""},"_links":{"self":[{"href":"https:\/\/www.kubikgrup.com\/index.php?rest_route=\/wp\/v2\/pages\/1224"}],"collection":[{"href":"https:\/\/www.kubikgrup.com\/index.php?rest_route=\/wp\/v2\/pages"}],"about":[{"href":"https:\/\/www.kubikgrup.com\/index.php?rest_route=\/wp\/v2\/types\/page"}],"author":[{"embeddable":true,"href":"https:\/\/www.kubikgrup.com\/index.php?rest_route=\/wp\/v2\/users\/1"}],"replies":[{"embeddable":true,"href":"https:\/\/www.kubikgrup.com\/index.php?rest_route=%2Fwp%2Fv2%2Fcomments&post=1224"}],"version-history":[{"count":130,"href":"https:\/\/www.kubikgrup.com\/index.php?rest_route=\/wp\/v2\/pages\/1224\/revisions"}],"predecessor-version":[{"id":2008,"href":"https:\/\/www.kubikgrup.com\/index.php?rest_route=\/wp\/v2\/pages\/1224\/revisions\/2008"}],"wp:attachment":[{"href":"https:\/\/www.kubikgrup.com\/index.php?rest_route=%2Fwp%2Fv2%2Fmedia&parent=1224"}],"curies":[{"name":"wp","href":"https:\/\/api.w.org\/{rel}","templated":true}]}}