{"id":1261,"date":"2020-03-25T23:22:45","date_gmt":"2020-03-25T20:22:45","guid":{"rendered":"https:\/\/kubikgrup.com\/?page_id=1261"},"modified":"2020-03-26T14:00:18","modified_gmt":"2020-03-26T11:00:18","slug":"mobil-anons","status":"publish","type":"page","link":"https:\/\/www.kubikgrup.com\/?page_id=1261","title":{"rendered":"MOB\u0130L ANONS"},"content":{"rendered":"\n<p><strong>K\u00fcbik Grup,projelerido\u011frultusunda, mobil uygulamalar ile web \u00e7\u00f6z\u00fcmleri \u00fcretmektedir. IOT alt yap\u0131s\u0131 kullan\u0131larak anla\u015f\u0131labilir, yeniliklere uyum sa\u011flayarak son teknoloji alt yap\u0131s\u0131 ile ba\u015far\u0131l\u0131 projeler geli\u015ftirmektedir.<\/strong><\/p>\n\n\n\n<p><img decoding=\"async\" loading=\"lazy\" width=\"244\" height=\"172\" class=\"wp-image-1282\" src=\"https:\/\/kubikgrup.com\/wp-content\/uploads\/2020\/03\/Picture1.jpg\" alt=\"\" style=\"width: 200px;\">Mobil Anons, t\u00fcketicilerin filtreleme yaparak istedikleri kategoriye g\u00f6re (konum, marka, \u00fcr\u00fcn ya da servis) KOB\u0130 ve kurumsal \u015firketlerin duyurular\u0131na kolayca ula\u015fmalar\u0131 ve konumlar\u0131na g\u00f6re etraflar\u0131ndaki avantajlardan faydalanmalar\u0131 i\u00e7in kurulmu\u015f olan, ak\u0131ll\u0131 telefonlara \u00fccretsiz olarak indirilen mobil ve sosyal medya duyuru uygulamas\u0131d\u0131r.&nbsp;1000 yak\u0131n kampanya \u00e7al\u0131\u015fmas\u0131 yap\u0131lm\u0131\u015f olup, veri analizi ve m\u00fc\u015fteri deneyimi \u00e7al\u0131\u015fmalar\u0131 da firmalar i\u00e7in yap\u0131lm\u0131\u015ft\u0131r.<\/p>\n\n\n\n<h4 class=\"has-vivid-red-color has-text-color wp-block-heading\"><strong>HER MECRADA \u00c7ALI\u015eMA VE PAYLA\u015eMA<\/strong><\/h4>\n\n\n\n<p>ANONS Facebook G\u00f6r\u00fcn\u00fcm&nbsp;&nbsp;&nbsp;&nbsp;&nbsp;&nbsp;&nbsp;&nbsp;&nbsp;&nbsp;&nbsp;&nbsp;&nbsp;&nbsp;&nbsp;&nbsp;&nbsp;&nbsp;&nbsp;&nbsp;&nbsp;&nbsp;&nbsp;&nbsp;&nbsp;&nbsp;&nbsp;&nbsp;&nbsp;&nbsp;&nbsp;&nbsp;&nbsp;&nbsp;&nbsp;&nbsp;&nbsp;&nbsp;&nbsp;&nbsp;&nbsp;&nbsp;&nbsp;&nbsp;&nbsp;&nbsp;ANONS Linki Sayfa G\u00f6r\u00fcn\u00fcm<\/p>\n\n\n\n<figure class=\"wp-block-image size-large\"><img decoding=\"async\" loading=\"lazy\" width=\"1024\" height=\"572\" src=\"https:\/\/kubikgrup.com\/wp-content\/uploads\/2020\/03\/fdfasdsd-1024x572.jpg\" alt=\"\" class=\"wp-image-1292\" srcset=\"https:\/\/www.kubikgrup.com\/wp-content\/uploads\/2020\/03\/fdfasdsd-1024x572.jpg 1024w, https:\/\/www.kubikgrup.com\/wp-content\/uploads\/2020\/03\/fdfasdsd-300x168.jpg 300w, https:\/\/www.kubikgrup.com\/wp-content\/uploads\/2020\/03\/fdfasdsd-768x429.jpg 768w, https:\/\/www.kubikgrup.com\/wp-content\/uploads\/2020\/03\/fdfasdsd-1536x859.jpg 1536w, https:\/\/www.kubikgrup.com\/wp-content\/uploads\/2020\/03\/fdfasdsd-2048x1145.jpg 2048w, https:\/\/www.kubikgrup.com\/wp-content\/uploads\/2020\/03\/fdfasdsd-1920x1073.jpg 1920w\" sizes=\"(max-width: 1024px) 100vw, 1024px\" \/><\/figure>\n\n\n\n<p><\/p>\n\n\n\n<h4 class=\"has-vivid-red-color has-text-color wp-block-heading\"><strong><br>KOLAY MEN\u00dc \u0130\u00c7ER\u0130\u011e\u0130<\/strong><\/h4>\n\n\n\n<figure class=\"wp-block-image size-large\"><img decoding=\"async\" loading=\"lazy\" width=\"1024\" height=\"662\" src=\"https:\/\/kubikgrup.com\/wp-content\/uploads\/2020\/03\/dfdferewew-1024x662.jpg\" alt=\"\" class=\"wp-image-1293\" srcset=\"https:\/\/www.kubikgrup.com\/wp-content\/uploads\/2020\/03\/dfdferewew-1024x662.jpg 1024w, https:\/\/www.kubikgrup.com\/wp-content\/uploads\/2020\/03\/dfdferewew-300x194.jpg 300w, https:\/\/www.kubikgrup.com\/wp-content\/uploads\/2020\/03\/dfdferewew-768x497.jpg 768w, https:\/\/www.kubikgrup.com\/wp-content\/uploads\/2020\/03\/dfdferewew-1536x994.jpg 1536w, https:\/\/www.kubikgrup.com\/wp-content\/uploads\/2020\/03\/dfdferewew-1670x1080.jpg 1670w, https:\/\/www.kubikgrup.com\/wp-content\/uploads\/2020\/03\/dfdferewew.jpg 2016w\" sizes=\"(max-width: 1024px) 100vw, 1024px\" \/><\/figure>\n\n\n\n<h4 class=\"has-vivid-red-color has-text-color wp-block-heading\">Online raporlama<\/h4>\n\n\n\n<figure class=\"wp-block-image size-large\"><img decoding=\"async\" loading=\"lazy\" width=\"1024\" height=\"755\" src=\"https:\/\/kubikgrup.com\/wp-content\/uploads\/2020\/03\/qwee45-1024x755.jpg\" alt=\"\" class=\"wp-image-1294\" srcset=\"https:\/\/www.kubikgrup.com\/wp-content\/uploads\/2020\/03\/qwee45-1024x755.jpg 1024w, https:\/\/www.kubikgrup.com\/wp-content\/uploads\/2020\/03\/qwee45-300x221.jpg 300w, https:\/\/www.kubikgrup.com\/wp-content\/uploads\/2020\/03\/qwee45-768x566.jpg 768w, https:\/\/www.kubikgrup.com\/wp-content\/uploads\/2020\/03\/qwee45-1536x1133.jpg 1536w, https:\/\/www.kubikgrup.com\/wp-content\/uploads\/2020\/03\/qwee45-1465x1080.jpg 1465w, https:\/\/www.kubikgrup.com\/wp-content\/uploads\/2020\/03\/qwee45.jpg 1584w\" sizes=\"(max-width: 1024px) 100vw, 1024px\" \/><\/figure>\n\n\n\n<figure class=\"wp-block-image size-large\"><img decoding=\"async\" loading=\"lazy\" width=\"1024\" height=\"391\" src=\"https:\/\/kubikgrup.com\/wp-content\/uploads\/2020\/03\/qwcc1-1024x391.jpg\" alt=\"\" class=\"wp-image-1291\" srcset=\"https:\/\/www.kubikgrup.com\/wp-content\/uploads\/2020\/03\/qwcc1-1024x391.jpg 1024w, https:\/\/www.kubikgrup.com\/wp-content\/uploads\/2020\/03\/qwcc1-300x114.jpg 300w, https:\/\/www.kubikgrup.com\/wp-content\/uploads\/2020\/03\/qwcc1-768x293.jpg 768w, https:\/\/www.kubikgrup.com\/wp-content\/uploads\/2020\/03\/qwcc1-1536x586.jpg 1536w, https:\/\/www.kubikgrup.com\/wp-content\/uploads\/2020\/03\/qwcc1.jpg 1908w\" sizes=\"(max-width: 1024px) 100vw, 1024px\" \/><\/figure>\n\n\n\n<p><\/p>\n","protected":false},"excerpt":{"rendered":"<p>K\u00fcbik Grup,projelerido\u011frultusunda, mobil uygulamalar ile web \u00e7\u00f6z\u00fcmleri \u00fcretmektedir. IOT alt yap\u0131s\u0131 kullan\u0131larak anla\u015f\u0131labilir, yeniliklere uyum sa\u011flayarak son teknoloji alt yap\u0131s\u0131 ile ba\u015far\u0131l\u0131 projeler geli\u015ftirmektedir. Mobil Anons, t\u00fcketicilerin filtreleme yaparak istedikleri kategoriye g\u00f6re (konum, marka, \u00fcr\u00fcn ya da servis) KOB\u0130 ve kurumsal \u015firketlerin duyurular\u0131na kolayca ula\u015fmalar\u0131 ve konumlar\u0131na g\u00f6re etraflar\u0131ndaki avantajlardan faydalanmalar\u0131 i\u00e7in kurulmu\u015f olan, ak\u0131ll\u0131&hellip; <br \/> <a class=\"button small blue\" href=\"https:\/\/www.kubikgrup.com\/?page_id=1261\">Devam\u0131<\/a><\/p>\n","protected":false},"author":1,"featured_media":0,"parent":0,"menu_order":0,"comment_status":"closed","ping_status":"closed","template":"","meta":{"footnotes":""},"_links":{"self":[{"href":"https:\/\/www.kubikgrup.com\/index.php?rest_route=\/wp\/v2\/pages\/1261"}],"collection":[{"href":"https:\/\/www.kubikgrup.com\/index.php?rest_route=\/wp\/v2\/pages"}],"about":[{"href":"https:\/\/www.kubikgrup.com\/index.php?rest_route=\/wp\/v2\/types\/page"}],"author":[{"embeddable":true,"href":"https:\/\/www.kubikgrup.com\/index.php?rest_route=\/wp\/v2\/users\/1"}],"replies":[{"embeddable":true,"href":"https:\/\/www.kubikgrup.com\/index.php?rest_route=%2Fwp%2Fv2%2Fcomments&post=1261"}],"version-history":[{"count":5,"href":"https:\/\/www.kubikgrup.com\/index.php?rest_route=\/wp\/v2\/pages\/1261\/revisions"}],"predecessor-version":[{"id":1323,"href":"https:\/\/www.kubikgrup.com\/index.php?rest_route=\/wp\/v2\/pages\/1261\/revisions\/1323"}],"wp:attachment":[{"href":"https:\/\/www.kubikgrup.com\/index.php?rest_route=%2Fwp%2Fv2%2Fmedia&parent=1261"}],"curies":[{"name":"wp","href":"https:\/\/api.w.org\/{rel}","templated":true}]}}