{"id":1682,"date":"2020-04-13T22:29:59","date_gmt":"2020-04-13T19:29:59","guid":{"rendered":"https:\/\/kubikgrup.com\/?page_id=1682"},"modified":"2021-10-25T15:46:12","modified_gmt":"2021-10-25T12:46:12","slug":"hizmetlerimiz","status":"publish","type":"page","link":"https:\/\/www.kubikgrup.com\/?page_id=1682","title":{"rendered":"Hizmetlerimiz"},"content":{"rendered":"\n<p><strong>YAZILIM ve UYGULAMALAR<\/strong><\/p>\n\n\n\n<p>Teknolojinin h\u0131zla ilerlemesinden dolay\u0131 her an\u0131m\u0131zda yan\u0131m\u0131zda olan app uygulamalar ile mobil teknolojilerle ve buna ba\u011fl\u0131 olarak mobil uygulamalar ile \u00e7\u00f6z\u00fcmler sunmaktay\u0131z.&nbsp;Kurumlarda \u015firket i\u00e7i ihtiya\u00e7 odakl\u0131 \u00f6zel yaz\u0131l\u0131m \u00e7\u00f6z\u00fcmlerini Mac ve PC tabanl\u0131 sistemlerde \u00e7al\u0131\u015fan, web \u00fczerinden veya offline hizmet veren yaz\u0131l\u0131mlar geli\u015ftirip ve i\u015fletmenizin ihtiya\u00e7lar\u0131n\u0131 belirleyip, pazarlama stratejileriniz do\u011frultusunda ihtiyac\u0131n\u0131z olan uygulamay\u0131 sizler i\u00e7in Pc ve Mac masa\u00fcst\u00fc, ios ve android mobil uygulamalar tasarlay\u0131p geli\u015ftirmekteyiz. Firma profilinizi ile de u\u00e7tan uca yans\u0131tacak yap\u0131da \u00f6zel yaz\u0131l\u0131mlar da tasarlamaktay\u0131z.<\/p>\n\n\n\n<p><strong>DONANIM, PCB KART TASARIMLARI<\/strong><\/p>\n\n\n\n<p>Donan\u0131m olarak her t\u00fcrl\u00fc elektronik hardware tasar\u0131mlar\u0131 ile hizmet vermekteyiz. 1,2,.. 16 kata kadar PCB \u00e7izimi, tasar\u0131m\u0131, her t\u00fcrl\u00fc elektronik analog veya digital devre dizaynlar\u0131, RF, network, mikroi\u015flemci, mikrokontroller tabanl\u0131 devreler,&nbsp; vs gibi PCB board test ve tasar\u0131mlar\u0131n\u0131 ayr\u0131ca \u00fcretim takibi konular\u0131nda hizmet vermekteyiz. Donan\u0131m m\u00fchendislerimiz ve geni\u015f teknik ekibimiz ile firmalara uluslararas\u0131 standartlara uygun g\u00fcvenilir \u00fcr\u00fcnler yapmaktay\u0131z. Konsept olu\u015fturulmas\u0131ndan \u00fcretime kadar ge\u00e7en s\u00fcre\u00e7lerin hepsinde son teknolojik geli\u015fmeleri takip edip, m\u00fc\u015fterilerimizin \u00f6n\u00fcm\u00fczdeki ihtiya\u00e7lar\u0131na cevap vermeye \u00e7al\u0131\u015fmaktay\u0131z.&nbsp;<strong><\/strong><\/p>\n\n\n\n<p><strong>MEKATRON\u0130K TASARIM<\/strong><\/p>\n\n\n\n<p>Mekatronik; makina m\u00fchendisli\u011fi, elektronik kontrol sistemlerinin entegrasyonuna dayanan geli\u015fmi\u015f \u00fcr\u00fcn sistemleri kurmak. \u00dcr\u00fcnlerin dizayn\u0131 ile birlikte multidisipliner m\u00fchendislik \u00e7al\u0131\u015fmalar\u0131 ile en yeni teknoloji tasar\u0131mlar\u0131 yapmaktay\u0131z.&nbsp;Mekanik sistemi en verimli \u015fekilde kontrol edecek olan elektronik donan\u0131mlar\u0131n\u0131 da tasarlamakta olan firmam\u0131z en ileri teknolojileri de kullanmaktad\u0131r.<\/p>\n\n\n\n<p><strong>\u00dcR\u00dcN M\u00dcHEND\u0130SL\u0130\u011e\u0130<\/strong><\/p>\n\n\n\n<p>Firmalar\u0131n \u00fcr\u00fcn geli\u015ftirme ve tasar\u0131m s\u00fcre\u00e7lerinin takibi ile birlikte yeni stratejiler olu\u015fturarak tasar\u0131m\u0131nda ve yeni \u00fcr\u00fcn geli\u015ftirmeye y\u00f6nelik donan\u0131m ve yaz\u0131l\u0131m \u00e7al\u0131\u015fmalar\u0131n\u0131 yapmaktay\u0131z. Bir \u00fcr\u00fcnde konseptin belirlenmesi ile birlikte end\u00fcstriyel ve mekanik tasar\u0131m\u0131 ile t\u00fcm analizler yap\u0131larak \u00fcretiminden son kontrollerinin yap\u0131l\u0131\u015f a\u015famas\u0131na kadar t\u00fcm \u00e7\u00f6z\u00fcmlerde kurumlara gerekli m\u00fchendislik deste\u011fi sa\u011flamaktay\u0131z.<\/p>\n\n\n\n<p><strong>U\u00c7TAN UCA \u00dcRET\u0130M \u00c7\u00d6Z\u00dcMLER\u0130 (AR-GE TASARIM)<\/strong><\/p>\n\n\n\n<p>Sekt\u00f6rdeki tecr\u00fcbelerimiz ile ar-ge, yaz\u0131l\u0131m, donan\u0131m, tasar\u0131m, \u00fcretim, yaz\u0131l\u0131m ve sat\u0131\u015f sonras\u0131ndaki hizmetler ile birlikte m\u00fc\u015fteri odakl\u0131 u\u00e7tan uca katma de\u011ferli \u00e7\u00f6z\u00fcmler sunmaktay\u0131z. Elektronik donan\u0131m tasar\u0131m\u0131 ve \u00fcretimi \u00fczerine deneyimli Ar-Ge ekimiz ile birlikte son teknoloji hizmetlerinden faydalanarak m\u00fc\u015fteri memnuniyetini en \u00fcst seviyede tutmay\u0131 hedeflemekteyiz.&nbsp;<\/p>\n\n\n\n<p><strong>PROJE Y\u00d6NET\u0130M\u0130<\/strong><\/p>\n\n\n\n<p>Belirli bir&nbsp;projenin&nbsp;hedef ve ama\u00e7lar\u0131na ula\u015f\u0131p bitirilmesi, yeniliklerle planlanmas\u0131, organize edilmesi, tedarik edilmesi ve y\u00f6netilmesi alan\u0131nda disipliner \u00e7al\u0131\u015fma sistemi ile payda\u015flar\u0131m\u0131za en uygun \u00e7al\u0131\u015fma \u015fekliyle belirli s\u00fcrede proje y\u00f6netimi alan\u0131nda firmaya \u00f6zel \u00e7\u00f6z\u00fcmler sunuyoruz. Projenin fikir geli\u015ftirme a\u015famas\u0131ndan, projenin teslimine kadar ge\u00e7en t\u00fcm s\u00fcre\u00e7lerde yetkin m\u00fchendislerimiz ile birlikte son teknoloji ile birlikte t\u00fcm deste\u011fi sa\u011flamaktay\u0131z.&nbsp;<\/p>\n\n\n\n<p><strong>B\u0130L\u0130MSEL \u00c7ALI\u015eMALAR VE PARTNERL\u0130K&nbsp;<\/strong><\/p>\n\n\n\n<p>Kurum olarak destek verdi\u011fimiz projelerin ekonomik fayda ve de\u011fer \u00fcretmelerini, kal\u0131c\u0131 yarar sa\u011flamalar\u0131n\u0131 ama\u00e7 edinerek bilimsel \u00e7al\u0131\u015fmalarda \u00fcniversiteler ile birlikte partnerlik yaparak gelece\u011fe fayda sa\u011flayacak \u00fcr\u00fcn ve projelerde birlikte yol almaktay\u0131z. Tekno giri\u015fimcilik ve ekosistemlerinin geli\u015ftirilmesi y\u00f6n\u00fcnden s\u00fcrd\u00fcr\u00fclebilir olmas\u0131n\u0131 hedeflemekteyiz.<\/p>\n","protected":false},"excerpt":{"rendered":"<p>YAZILIM ve UYGULAMALAR Teknolojinin h\u0131zla ilerlemesinden dolay\u0131 her an\u0131m\u0131zda yan\u0131m\u0131zda olan app uygulamalar ile mobil teknolojilerle ve buna ba\u011fl\u0131 olarak mobil uygulamalar ile \u00e7\u00f6z\u00fcmler sunmaktay\u0131z.&nbsp;Kurumlarda \u015firket i\u00e7i ihtiya\u00e7 odakl\u0131 \u00f6zel yaz\u0131l\u0131m \u00e7\u00f6z\u00fcmlerini Mac ve PC tabanl\u0131 sistemlerde \u00e7al\u0131\u015fan, web \u00fczerinden veya offline hizmet veren yaz\u0131l\u0131mlar geli\u015ftirip ve i\u015fletmenizin ihtiya\u00e7lar\u0131n\u0131 belirleyip, pazarlama stratejileriniz do\u011frultusunda ihtiyac\u0131n\u0131z olan&hellip; <br \/> <a class=\"button small blue\" href=\"https:\/\/www.kubikgrup.com\/?page_id=1682\">Devam\u0131<\/a><\/p>\n","protected":false},"author":1,"featured_media":0,"parent":0,"menu_order":0,"comment_status":"closed","ping_status":"closed","template":"","meta":{"footnotes":""},"_links":{"self":[{"href":"https:\/\/www.kubikgrup.com\/index.php?rest_route=\/wp\/v2\/pages\/1682"}],"collection":[{"href":"https:\/\/www.kubikgrup.com\/index.php?rest_route=\/wp\/v2\/pages"}],"about":[{"href":"https:\/\/www.kubikgrup.com\/index.php?rest_route=\/wp\/v2\/types\/page"}],"author":[{"embeddable":true,"href":"https:\/\/www.kubikgrup.com\/index.php?rest_route=\/wp\/v2\/users\/1"}],"replies":[{"embeddable":true,"href":"https:\/\/www.kubikgrup.com\/index.php?rest_route=%2Fwp%2Fv2%2Fcomments&post=1682"}],"version-history":[{"count":3,"href":"https:\/\/www.kubikgrup.com\/index.php?rest_route=\/wp\/v2\/pages\/1682\/revisions"}],"predecessor-version":[{"id":2002,"href":"https:\/\/www.kubikgrup.com\/index.php?rest_route=\/wp\/v2\/pages\/1682\/revisions\/2002"}],"wp:attachment":[{"href":"https:\/\/www.kubikgrup.com\/index.php?rest_route=%2Fwp%2Fv2%2Fmedia&parent=1682"}],"curies":[{"name":"wp","href":"https:\/\/api.w.org\/{rel}","templated":true}]}}