{"id":1781,"date":"2020-05-19T11:57:03","date_gmt":"2020-05-19T08:57:03","guid":{"rendered":"https:\/\/kubikgrup.com\/?page_id=1781"},"modified":"2021-10-25T16:06:52","modified_gmt":"2021-10-25T13:06:52","slug":"kubik-grup-eng","status":"publish","type":"page","link":"https:\/\/www.kubikgrup.com\/?page_id=1781","title":{"rendered":"Kubik GRUP  &#8211;  ENG"},"content":{"rendered":"<div  id=\"overlapable-2\" class=\"features-coloured-icon-boxes-section stripped-coloured-icon-boxes\" style=\"background-color: #ffffff;\" data-label=\"Overlapable\" data-id=\"stripped-coloured-icon-boxes\" data-category=\"overlapable\" data-overlap=\"true\">\n<div  class=\"gridContainer\">\n<div  class=\"features-coloured-icon-boxes-innerrow flexbox-list dark-text\" data-type=\"row\">\n<div  class=\"features-coloured-icon-boxes-featurecol cp2cols\">\n<div  class=\"features-coloured-icon-boxes-iconcontainer\" data-content-item-container=\"true\"><\/div>\n<h4  class=\"\">About Us<\/h4>\n<a  class=\"features-coloured-button\" href=\"#hakkind\" target=\"_self\" rel=\"noopener noreferrer\">CONTINUE<\/a>\n\n<\/div>\n<div  class=\"features-coloured-icon-boxes-featurecol cp2cols\">\n<div  class=\"features-coloured-icon-boxes-iconcontainer\" data-content-item-container=\"true\"><\/div>\n<h4  class=\"\">Our Philosophy<\/h4>\n<a  class=\"features-coloured-button\" href=\"#about\" target=\"_self\" rel=\"noopener noreferrer\">CONTINUE<\/a>\n\n<\/div>\n<div  class=\"features-coloured-icon-boxes-featurecol cp2cols\">\n<div  class=\"features-coloured-icon-boxes-iconcontainer\" data-content-item-container=\"true\"><\/div>\n<h4  class=\"\">Our Fields of Activity<\/h4>\n<a  class=\"features-coloured-button\" href=\"#numbers\" target=\"_self\" rel=\"noopener noreferrer\">CONTINUE<\/a>\n\n<\/div>\n<div  class=\"features-coloured-icon-boxes-featurecol cp2cols\">\n<div  class=\"features-coloured-icon-boxes-iconcontainer\" data-content-item-container=\"true\"><\/div>\n<h4  class=\"\">Our Services<\/h4>\n<a  class=\"features-coloured-button\" href=\"#testimonials-2\" target=\"_self\" rel=\"noopener noreferrer\">CONTINUE<\/a>\n\n<\/div>\n<div  class=\"features-coloured-icon-boxes-featurecol cp2cols\">\n<div  class=\"features-coloured-icon-boxes-iconcontainer\" data-content-item-container=\"true\"><\/div>\n<h4  class=\"\">Contact us<\/h4>\n<a  class=\"features-coloured-button\" href=\"#cta-1\" target=\"_self\" rel=\"noopener noreferrer\">CONTINUE<\/a>\n\n<\/div>\n<\/div>\n<\/div>\n<\/div><div  id=\"hakkindd\" class=\"about-big-images-section\" style=\"background-color: #f6f6f6;\" data-label=\"hakkindd\" data-id=\"about-big-images-section\" data-category=\"about\">\n<div  class=\"gridContainer\">\n<div  class=\"about-big-images-textrow\">\n<div  class=\"about-big-images-textcol dynamic-color\" data-type=\"column\">\n<h5  class=\"\">K\u00dcB\u0130K GROUP<\/h5>\n<h3  class=\"\">About us<\/h3>\n<p  class=\"\">Founded in Istanbul in 2013, the K\u00fcbik Group is a technology company that supports the technological ecosystem, offers innovative and integrated solutions and develops R &amp; D projects in line with the needs of its corporate clients. With its R &amp; D experts, it supports institutions with their projects, from the initial steps of incorporation to running the business, and becomes part of their digital and technological ecosystems. The K\u00fcbik Group develops software, hardware and mechatronic solutions and also carries out design, R &amp; D and project management activities important components in its production strategy.<\/p>\n<p  class=\"\">It runs projects with engineers and faculty members that specialize in the fields of defense, banking, information security, hardware and mechanics. The K\u00fcbik Group develops made-to-measure products and projects that address the needs of its customers; offering solutions with its integrated approach and robust information security infrastructure. Its repertoire of high-tech projects include Mobile Announcement, Cash Management Systems, Fiber LED Lighting Systems and Antimicrobial Disinfection Systems.<\/p>\n<p  class=\"\">At the same time, K\u00fcbik founded the first laboratory for cognitive systems in Turkey in cooperation with the Faculty of Electronics of Istanbul Technical University. The company collaborates with the faculty in R&amp;D activities and scientific publications.<\/p>\n<p  class=\"\">Carrying out special projects in the field of Civil Defense, the company is involved in a highly ambitious, multi-disciplinary project \u201cDevelopment of a High Speed, Search and Rescue, Autonomous Naval System\u201d.<\/p>\n<img decoding=\"async\"  class=\"custom-image\" src=\"https:\/\/kubikgrup.com\/wp-content\/uploads\/2020\/04\/27208.jpg\">\n\n<\/div>\n<\/div>\n<\/div>\n<div  class=\"about-big-images-bottomrow\">\n<div  class=\"about-big-images-leftimgcol\"><\/div>\n<div  class=\"about-big-images-centerimgcol\"><\/div>\n<div  class=\"about-big-images-rightimgcol\"><\/div>\n<\/div>\n<\/div><div  id=\"about\" class=\"features-image-cards-section\" style=\"background-color: #f6f6f6;\" data-label=\"about\" data-id=\"features-image-cards-section\" data-category=\"features\">\n<div  class=\"gridContainer\">\n<div  class=\"features-image-cards-textrow\">\n<div  class=\"features-image-cards-textcol dynamic-color\" data-type=\"column\">\n<h2  class=\"\">Our Philosophy<\/h2>\n<\/div>\n<\/div>\n<div  class=\"features-image-cards-innerrow flexbox-list dark-text\" data-type=\"row\">\n<div  class=\"features-image-cards-cardcol cp4cols cp6cols-tablet\">\n<div  class=\"features-image-cards-cardrow\">\n<div  class=\"features-image-cards-cardtextrow\" data-type=\"column\">\n<h4  class=\"\" style=\"text-align: center;\">Our Vision<\/h4>\n<p  class=\"\">Developing innovative and technology-oriented products with its stakeholders to have a reliable technology ecosystem in the global market.<\/p>\n\n\n<hr  class=\"features-image-cards-separator\">\n\n<\/div>\n<\/div>\n<\/div>\n<div  class=\"features-image-cards-cardcol cp4cols cp6cols-tablet\">\n<div  class=\"features-image-cards-cardrow\">\n<div  class=\"features-image-cards-cardtextrow\" data-type=\"column\">\n<h4  class=\"\" style=\"text-align: center;\">&nbsp;Our Mission<\/h4>\n<p  class=\"\">Growing with R &amp; D projects, technology ecosystems and social projects to create added value for humanity with innovative, and reliable products and solutions.<\/p>\n\n\n<hr  class=\"features-image-cards-separator\">\n\n<\/div>\n<\/div>\n<\/div>\n<\/div>\n<\/div>\n<\/div><div  id=\"testimonials-2\" class=\"testimonials-full-section\" style=\"background-color: #ffffff;\" data-label=\"Testimonials\" data-id=\"testimonials-full-section\" data-category=\"testimonials\">\n<div  class=\"testimonials-full-section gridContainer\">\n<div  class=\"testimonials-full-textrow dynamic-color\">\n<div  class=\"testimonials-full-textcol\" data-type=\"column\">\n<h2  class=\"\">Our Services<\/h2>\n<img decoding=\"async\"  class=\"custom-image\" src=\"https:\/\/kubikgrup.com\/wp-content\/uploads\/2020\/04\/banner5.jpg\">\n<p  class=\"\">Please click continue to get more information about our services.<\/p>\n<a  class=\"button blue\" href=\"https:\/\/kubikgrup.com?page_id=1807\" rel=\"noopener noreferrer\">CONTINUE<\/a>\n\n<\/div>\n<\/div>\n<div  class=\"testimonials-full-itemsrow dynamic-color\" data-type=\"row\">\n<div  class=\"testimonials-full-itemcol cp6cols-tablet cp12cols\">\n<div  class=\"testimonials-full-imgcol\" data-preview-empty=\"1\"><\/div>\n<div  class=\"testimonials-full-itemtextcol\" data-type=\"column\"><\/div>\n<\/div>\n<\/div>\n<\/div>\n<\/div><div  id=\"numbers\" class=\"numbers-section\" data-label=\"Numbers\" data-id=\"numbers-section\" data-category=\"numbers\" data-bg=\"transparent\" data-parallax-depth=\"20\">\n<div  class=\"dynamic-color\">\n<div  class=\"numbers-itemcol\">\n<h2  class=\"numbers-numbertext\">&nbsp;<\/h2>\n<h3  class=\"numbers-titletext\"><\/h3>\n<\/div>\n<div  class=\"numbers-itemcol\">\n<h2  class=\"numbers-numbertext\">Our Fields of Activity<\/h2>\n<h3  class=\"numbers-titletext\"><\/h3>\n<\/div>\n<div  class=\"numbers-itemcol-last\">\n<h2  class=\"numbers-numbertext\"><\/h2>\n<h3  class=\"numbers-titletext\"><\/h3>\n<\/div>\n<\/div>\n<\/div><div  id=\"features-6\" class=\"features-small-image-cards-section\" style=\"background-color: #f6f6f6;\" data-label=\"Features\" data-id=\"features-small-image-cards-section\" data-category=\"features\">\n<div  class=\"\">\n<div  class=\"features-small-image-cards-featrow dark-text\" data-type=\"row\">\n<div  class=\"features-small-image-cards-featcol\">\n<div  class=\"features-small-image-cards-featinnerrow flexbox-list\">\n<div  class=\"features-small-image-cards-imgcol\" style=\"background-image: url('https:\/\/kubikgrup.com\/wp-content\/uploads\/2020\/03\/gdvfdfvd.jpg');\" data-bg=\"image\"><\/div>\n<div  class=\"features-small-image-cards-featcol-feattextcol\" data-type=\"column\">\n<h4  class=\"heading103\">Mobile and IoT Solutions<\/h4>\n<p  class=\"\">The K\u00fcbik Group carries out projects to design web solutions and mobile applications. It develops successful projects with its state-of-the-art IoT infrastructure and innovative approach.<\/p>\n\n\n<hr  class=\"features-small-image-cards-separator\">\n<p  class=\"\"><a  class=\"\" href=\"https:\/\/kubikgrup.com?page_id=1820\" rel=\"noopener noreferrer\">Click to continue<\/a><\/p>\n\n<\/div>\n<\/div>\n<\/div>\n<div  class=\"features-small-image-cards-featcol\">\n<div  class=\"features-small-image-cards-featinnerrow flexbox-list\">\n<div  class=\"features-small-image-cards-imgcol\" style=\"background-image: url('https:\/\/kubikgrup.com\/wp-content\/uploads\/2020\/03\/fsdfsdf.jpg');\" data-bg=\"image\"><\/div>\n<div  class=\"features-small-image-cards-featcol-feattextcol\" data-type=\"column\">\n<h4  class=\"heading103\">K\u00fcbik LED<\/h4>\n<p  class=\"\">Keeping pace with developments in lighting technology, K\u00fcbik LED can transport a single LED light to 6 meters using the Fiber Led technology developed in its own R&amp;D &nbsp;departments.<\/p>\n\n\n<hr  class=\"features-small-image-cards-separator\">\n<p  class=\"\"><a  class=\"\" href=\"http:\/\/www.kubikled.com\" target=\"_self\" rel=\"noopener noreferrer\">Click to continue<\/a><\/p>\n\n<\/div>\n<\/div>\n<\/div>\n<div  class=\"features-small-image-cards-featcol\">\n<div  class=\"features-small-image-cards-featinnerrow flexbox-list\">\n<div  class=\"features-small-image-cards-imgcol\" style=\"background-image: url('https:\/\/kubikgrup.com\/wp-content\/uploads\/2020\/03\/sdfvdfvv.jpg');\" data-bg=\"image\"><\/div>\n<div  class=\"features-small-image-cards-featcol-feattextcol\" data-type=\"column\">\n<h4  class=\"heading103\">Military Defense Industry Projects<\/h4>\n<p  class=\"\">K\u00fcbik Group provides high-tech solutions for the defense industry and its experienced research and development team develops products and solutions using the latest designs and technologies in hardware and software.<\/p>\n\n\n<hr  class=\"features-small-image-cards-separator\">\n<p  class=\"\"><a  class=\"\" href=\"https:\/\/kubikgrup.com?page_id=1830\" rel=\"noopener noreferrer\">Click to continue<\/a><\/p>\n\n<\/div>\n<\/div>\n<\/div>\n<div  class=\"features-small-image-cards-featcol\">\n<div  class=\"features-small-image-cards-featinnerrow flexbox-list\">\n<div  class=\"features-small-image-cards-imgcol\" style=\"background-image: url('https:\/\/kubikgrup.com\/wp-content\/uploads\/2020\/03\/daasdd.jpg');\" data-bg=\"image\"><\/div>\n<div  class=\"features-small-image-cards-featcol-feattextcol\" data-type=\"column\">\n<h4  class=\"heading103\">High Security Cash Box and Payment Systems<\/h4>\n<p  class=\"\">We develop projects on payment systems that are in line with the vision of organizations and integrated with the digital transformation and work on cash systems, as well as software and hardware programs for high security cash boxes which we also produce.<\/p>\n\n\n<hr  class=\"features-small-image-cards-separator\">\n<p  class=\"\"><a  class=\"\" href=\"https:\/\/kubikgrup.com?page_id=1838\" rel=\"noopener noreferrer\">Click to continue<\/a><\/p>\n\n<\/div>\n<\/div>\n<\/div>\n<div  class=\"features-small-image-cards-featcol\">\n<div  class=\"features-small-image-cards-featinnerrow flexbox-list\">\n<div  class=\"features-small-image-cards-imgcol\" style=\"background-image: url('https:\/\/kubikgrup.com\/wp-content\/uploads\/2020\/04\/beewa2.jpg');\" data-bg=\"image\"><\/div>\n<div  class=\"features-small-image-cards-featcol-feattextcol\" data-type=\"column\">\n<h4  class=\"heading103\">Beeway Systems<\/h4>\n<p  class=\"\">By closely monitoring the processes for product development and design, we generate marketing solutions together with engineers specialized in software, hardware, informatics and information security.<\/p>\n\n\n<hr  class=\"features-small-image-cards-separator\">\n<p  class=\"\"><a  class=\"\" href=\"http:\/\/www.beewaysystems.com\" target=\"_self\" rel=\"noopener noreferrer\">Click to continue<\/a><\/p>\n\n<\/div>\n<\/div>\n<\/div>\n<div  class=\"features-small-image-cards-featcol\">\n<div  class=\"features-small-image-cards-featinnerrow flexbox-list\">\n<div  class=\"features-small-image-cards-imgcol\" style=\"background-image: url('https:\/\/kubikgrup.com\/wp-content\/uploads\/2020\/04\/cocnitif1.jpg');\" data-bg=\"image\"><\/div>\n<div  class=\"features-small-image-cards-featcol-feattextcol\" data-type=\"column\">\n<h4  class=\"heading103\">ITU &amp; K\u00fcbik Cognitive Systems LAB<\/h4>\n<p  class=\"\">Turkey\u2019s first Cognitive Systems Laboratory, created in a collaboration between Istanbul Technical University and K\u00fcbik Mobile, develops and runs projects on Artificial Intelligence, Deep Learning and Cognitive Systems.<\/p>\n\n\n<hr  class=\"features-small-image-cards-separator\">\n<p  class=\"\"><a  class=\"\" href=\"http:\/\/www.cognitive.itu.edu.tr\" target=\"_self\" rel=\"noopener noreferrer\">Click to continue<\/a><\/p>\n\n<\/div>\n<\/div>\n<\/div>\n<div  class=\"features-small-image-cards-featcol\">\n<div  class=\"features-small-image-cards-featinnerrow flexbox-list\">\n<div  class=\"features-small-image-cards-imgcol\" style=\"background-image: url('https:\/\/kubikgrup.com\/wp-content\/uploads\/2020\/03\/havatem.jpg');\" data-bg=\"image\"><\/div>\n<div  class=\"features-small-image-cards-featcol-feattextcol\" data-type=\"column\">\n<h4  class=\"heading103\">Disinfectant Antimicrobial Systems<\/h4>\n<p  class=\"\">The lab carries out software, hardware, and production activities for devices that generate ultraviolet UV-C LED rays for use in hygiene and sterilization processes which are highly important for all sectors.<\/p>\n\n\n<hr  class=\"features-small-image-cards-separator\">\n<p  class=\"\"><a  class=\"\" href=\"https:\/\/kubikgrup.com?page_id=1847\" rel=\"noopener noreferrer\">Click to continue<\/a><\/p>\n\n<\/div>\n<\/div>\n<\/div>\n<div  class=\"features-small-image-cards-featcol\">\n<div  class=\"features-small-image-cards-featinnerrow flexbox-list\">\n<div  class=\"features-small-image-cards-imgcol\" style=\"background-image: url('https:\/\/kubikgrup.com\/wp-content\/uploads\/2020\/03\/sosyal.jpg');\" data-bg=\"image\"><\/div>\n<div  class=\"features-small-image-cards-featcol-feattextcol\" data-type=\"column\">\n<h4  class=\"heading103\">Social Responsibility Projects<\/h4>\n<p  class=\"\">Through social responsibility projects, we raise awareness about important national issues both by developing projects that benefit the environment and people and organizing events in light of such projects.<\/p>\n\n\n<hr  class=\"features-small-image-cards-separator\">\n<p  class=\"\"><a  class=\"\" href=\"https:\/\/kubikgrup.com?page_id=1851\" rel=\"noopener noreferrer\">Click to continue<\/a><\/p>\n\n<\/div>\n<\/div>\n<\/div>\n<\/div>\n<\/div>\n<\/div><div  id=\"cta-1\" class=\"cta-blue-section\" data-label=\"Call to action\" data-id=\"cta-blue-section\" data-category=\"cta\">\n<div  class=\"gridContainer\">\n<div  class=\"flexbox-list flexbox-list-align-center row\">\n<div  class=\"cta-blue-textcol dynamic-color\">\n<h2  class=\"cta-blue-text\"><span  style=\"font-weight: 600;\">Contact us<\/span><\/h2>\n<\/div>\n<div  class=\"cta-blue-btncol\"><a  class=\"button big yellow dark-text\" href=\"https:\/\/www.google.com\/maps\/place\/40\u00b052'44.6%22N+29\u00b023'46.0%22E\/@40.879965,29.3937016,16.1z\/data=!4m6!3m5!1s0x0:0x0!7e2!8m2!3d40.8790435!4d29.3961176\" target=\"_blank\" rel=\"noopener noreferrer\"> HOW TO GO <\/a><\/div>\n<\/div>\n<\/div>\n<\/div>","protected":false},"excerpt":{"rendered":"<p>About Us CONTINUE Our Philosophy CONTINUE Our Fields of Activity CONTINUE Our Services CONTINUE Contact us CONTINUE K\u00dcB\u0130K GROUP About us Founded in Istanbul in 2013, the K\u00fcbik Group is a technology company that supports the technological ecosystem, offers innovative and integrated solutions and develops R &amp; D projects in line with the needs of&hellip; <br \/> <a class=\"button small blue\" href=\"https:\/\/www.kubikgrup.com\/?page_id=1781\">Devam\u0131<\/a><\/p>\n","protected":false},"author":1,"featured_media":0,"parent":0,"menu_order":0,"comment_status":"closed","ping_status":"closed","template":"page-templates\/homepage.php","meta":{"footnotes":""},"_links":{"self":[{"href":"https:\/\/www.kubikgrup.com\/index.php?rest_route=\/wp\/v2\/pages\/1781"}],"collection":[{"href":"https:\/\/www.kubikgrup.com\/index.php?rest_route=\/wp\/v2\/pages"}],"about":[{"href":"https:\/\/www.kubikgrup.com\/index.php?rest_route=\/wp\/v2\/types\/page"}],"author":[{"embeddable":true,"href":"https:\/\/www.kubikgrup.com\/index.php?rest_route=\/wp\/v2\/users\/1"}],"replies":[{"embeddable":true,"href":"https:\/\/www.kubikgrup.com\/index.php?rest_route=%2Fwp%2Fv2%2Fcomments&post=1781"}],"version-history":[{"count":28,"href":"https:\/\/www.kubikgrup.com\/index.php?rest_route=\/wp\/v2\/pages\/1781\/revisions"}],"predecessor-version":[{"id":2014,"href":"https:\/\/www.kubikgrup.com\/index.php?rest_route=\/wp\/v2\/pages\/1781\/revisions\/2014"}],"wp:attachment":[{"href":"https:\/\/www.kubikgrup.com\/index.php?rest_route=%2Fwp%2Fv2%2Fmedia&parent=1781"}],"curies":[{"name":"wp","href":"https:\/\/api.w.org\/{rel}","templated":true}]}}