{"id":1790,"date":"2020-05-19T12:01:22","date_gmt":"2020-05-19T09:01:22","guid":{"rendered":"https:\/\/kubikgrup.com\/?page_id=1790"},"modified":"2021-10-25T16:15:57","modified_gmt":"2021-10-25T13:15:57","slug":"kubik-grup-frns","status":"publish","type":"page","link":"https:\/\/www.kubikgrup.com\/?page_id=1790","title":{"rendered":"Kubik GRUP  &#8211;  Frns"},"content":{"rendered":"<div  id=\"overlapable-2\" class=\"features-coloured-icon-boxes-section stripped-coloured-icon-boxes\" style=\"background-color: #ffffff;\" data-label=\"Overlapable\" data-id=\"stripped-coloured-icon-boxes\" data-category=\"overlapable\" data-overlap=\"true\">\n<div  class=\"gridContainer\">\n<div  class=\"features-coloured-icon-boxes-innerrow flexbox-list dark-text\" data-type=\"row\">\n<div  class=\"features-coloured-icon-boxes-featurecol cp2cols\">\n<div  class=\"features-coloured-icon-boxes-iconcontainer\" data-content-item-container=\"true\"><\/div>\n<h4  class=\"\">A notre propos<\/h4>\n<a  class=\"features-coloured-button\" href=\"#hakkind\" target=\"_self\" rel=\"noopener noreferrer\">SUITE<\/a>\n\n<\/div>\n<div  class=\"features-coloured-icon-boxes-featurecol cp2cols\">\n<div  class=\"features-coloured-icon-boxes-iconcontainer\" data-content-item-container=\"true\"><\/div>\n<h4  class=\"\">Notre philosophie<\/h4>\n<a  class=\"features-coloured-button\" href=\"#about\" target=\"_self\" rel=\"noopener noreferrer\">SUITE<\/a>\n\n<\/div>\n<div  class=\"features-coloured-icon-boxes-featurecol cp2cols\">\n<div  class=\"features-coloured-icon-boxes-iconcontainer\" data-content-item-container=\"true\"><\/div>\n<h4  class=\"\">Nos domaines d\u2019activit\u00e9s<\/h4>\n<a  class=\"features-coloured-button\" href=\"#numbers\" target=\"_self\" rel=\"noopener noreferrer\">SUITE<\/a>\n\n<\/div>\n<div  class=\"features-coloured-icon-boxes-featurecol cp2cols\">\n<div  class=\"features-coloured-icon-boxes-iconcontainer\" data-content-item-container=\"true\"><\/div>\n<h4  class=\"\">Nos services<\/h4>\n<a  class=\"features-coloured-button\" href=\"#testimonials-2\" target=\"_self\" rel=\"noopener noreferrer\">SUITE<\/a>\n\n<\/div>\n<div  class=\"features-coloured-icon-boxes-featurecol cp2cols\">\n<div  class=\"features-coloured-icon-boxes-iconcontainer\" data-content-item-container=\"true\"><\/div>\n<h4  class=\"\">Contact<\/h4>\n<a  class=\"features-coloured-button\" href=\"#cta-1\" target=\"_self\" rel=\"noopener noreferrer\">SUITE<\/a>\n\n<\/div>\n<\/div>\n<\/div>\n<\/div><div  id=\"hakkindd\" class=\"about-big-images-section\" style=\"background-color: #f6f6f6;\" data-label=\"hakkindd\" data-id=\"about-big-images-section\" data-category=\"about\">\n<div  class=\"gridContainer\">\n<div  class=\"about-big-images-textrow\">\n<div  class=\"about-big-images-textcol dynamic-color\" data-type=\"column\">\n<h5  class=\"\">GROUPE KUBIK<\/h5>\n<h3  class=\"\">A notre propos<\/h3>\n<p  class=\"\">Le Groupe Kubik, cr\u00e9\u00e9 en 2013 \u00e0 Istanbul, est une entreprise technologique qui stimule l\u2019\u00e9cosyst\u00e8me technologique gr\u00e2ce \u00e0 une R&amp;D conforme aux besoins des institutions, fournit des solutions innovantes et de bout en bout, et d\u00e9veloppe des projets. Le Groupe s\u2019inscrit dans l\u2019\u00e9cosyst\u00e8me num\u00e9rique et technologique en apportant son soutien aux institutions en mati\u00e8re de projets depuis la cr\u00e9ation jusqu\u2019au fonctionnement gr\u00e2ce \u00e0 son personnel expert dans le domaine de la R&amp;D. Le Groupe K\u00fcbik qui d\u00e9veloppe des logiciels, des \u00e9quipements et des solutions m\u00e9catroniques, m\u00e8ne \u00e9galement des activit\u00e9s de conception, de R&amp;D et de gestion de projets, ceux-ci \u00e9tant \u00e9galement des acteurs importants de sa strat\u00e9gie de production.<\/p>\n<p  class=\"\">Dans ses projets, l\u2019entreprise travaille avec des ing\u00e9nieurs et des professeurs, experts en mati\u00e8re de d\u00e9fense, de banque, de s\u00e9curit\u00e9 informatique, d\u2019\u00e9quipement et de m\u00e9canique. Le groupe Kubik, qui a d\u00e9velopp\u00e9 divers produits et projets en fonction des besoins de sa client\u00e8le, propose des solutions avec une infrastructure de s\u00e9curit\u00e9 en ce qui concerne les applications et les informations, et ce de bout en bout. Parmi ses projets figurent des \u00e9tudes technologiques telles que Annonce Mobile, Syst\u00e8mes de Gestion des Liquidit\u00e9s, Syst\u00e8mes d\u2019\u00c9clairage \u00e0 Fibre LED, Syst\u00e8mes de D\u00e9sinfectant Antimicrobien.<\/p>\n<p  class=\"\">La soci\u00e9t\u00e9 Kubik, qui a cr\u00e9\u00e9 le premier Laboratoire de Syst\u00e8mes Cognitifs de Turquie avec le Facult\u00e9 de G\u00e9nie Electrique et Electronique de l\u2019Universit\u00e9 Technique d\u2019Istanbul (ITU), g\u00e8re \u00e9galement les publications scientifiques et des activit\u00e9s de recherche et d\u00e9veloppement en collaboration avec la facult\u00e9.<\/p>\n<p  class=\"\">Notre soci\u00e9t\u00e9, qui a travaill\u00e9 sur des projets sp\u00e9ciaux dans les domaines de la D\u00e9fense Civile, r\u00e9alise \u00e9galement des projets multidisciplinaires \u00ab Projet de D\u00e9veloppement de Syst\u00e8me Autonome sur l\u2019eau d\u2019Appel et de Sauvetage, Haute vitesse \u00bb.<\/p>\n<img decoding=\"async\"  class=\"custom-image\" src=\"https:\/\/kubikgrup.com\/wp-content\/uploads\/2020\/04\/27208.jpg\">\n\n<\/div>\n<\/div>\n<\/div>\n<div  class=\"about-big-images-bottomrow\">\n<div  class=\"about-big-images-leftimgcol\"><\/div>\n<div  class=\"about-big-images-centerimgcol\"><\/div>\n<div  class=\"about-big-images-rightimgcol\"><\/div>\n<\/div>\n<\/div><div  id=\"about\" class=\"features-image-cards-section\" style=\"background-color: #f6f6f6;\" data-label=\"about\" data-id=\"features-image-cards-section\" data-category=\"features\">\n<div  class=\"gridContainer\">\n<div  class=\"features-image-cards-textrow\">\n<div  class=\"features-image-cards-textcol dynamic-color\" data-type=\"column\">\n<h2  class=\"\">Notre philosophie<\/h2>\n<\/div>\n<\/div>\n<div  class=\"features-image-cards-innerrow flexbox-list dark-text\" data-type=\"row\">\n<div  class=\"features-image-cards-cardcol cp4cols cp6cols-tablet\">\n<div  class=\"features-image-cards-cardrow\">\n<div  class=\"features-image-cards-cardtextrow\" data-type=\"column\">\n<h4  class=\"\" style=\"text-align: center;\">Vision<\/h4>\n<p  class=\"\">D\u00e9velopper un \u00e9cosyst\u00e8me technologique fiable sur le march\u00e9 mondial en mettant au point des produits innovants et ax\u00e9s sur la technologie avec ses partenaires.<\/p>\n\n\n<hr  class=\"features-image-cards-separator\">\n\n<\/div>\n<\/div>\n<\/div>\n<div  class=\"features-image-cards-cardcol cp4cols cp6cols-tablet\">\n<div  class=\"features-image-cards-cardrow\">\n<div  class=\"features-image-cards-cardtextrow\" data-type=\"column\">\n<h4  class=\"\" style=\"text-align: center;\">Mission<\/h4>\n<p  class=\"\">Cro\u00eetre en proposant des \u00e9tudes de R&amp;D, des \u00e9cosyst\u00e8mes technologiques et des projets sociaux ; apporter une valeur \u00e0 la vie humaine gr\u00e2ce \u00e0 des produits et solutions innovants et fiables.<\/p>\n\n\n<hr  class=\"features-image-cards-separator\">\n\n<\/div>\n<\/div>\n<\/div>\n<\/div>\n<\/div>\n<\/div><div  id=\"testimonials-2\" class=\"testimonials-full-section\" style=\"background-color: #ffffff;\" data-label=\"Testimonials\" data-id=\"testimonials-full-section\" data-category=\"testimonials\">\n<div  class=\"testimonials-full-section gridContainer\">\n<div  class=\"testimonials-full-textrow dynamic-color\">\n<div  class=\"testimonials-full-textcol\" data-type=\"column\">\n<h2  class=\"\">Nos services<\/h2>\n<img decoding=\"async\"  class=\"custom-image\" src=\"https:\/\/kubikgrup.com\/wp-content\/uploads\/2020\/04\/banner5.jpg\">\n<p  class=\"\">Veuillez cliquer sur \u00ab continuer \u00bb pour obtenir plus de renseignements.<\/p>\n<a  class=\"button blue\" href=\"https:\/\/kubikgrup.com?page_id=1864\" rel=\"noopener noreferrer\">CONTINUER<\/a>\n\n<\/div>\n<\/div>\n<div  class=\"testimonials-full-itemsrow dynamic-color\" data-type=\"row\">\n<div  class=\"testimonials-full-itemcol cp6cols-tablet cp12cols\">\n<div  class=\"testimonials-full-imgcol\" data-preview-empty=\"1\"><\/div>\n<div  class=\"testimonials-full-itemtextcol\" data-type=\"column\"><\/div>\n<\/div>\n<\/div>\n<\/div>\n<\/div><div  id=\"numbers\" class=\"numbers-section\" data-label=\"Numbers\" data-id=\"numbers-section\" data-category=\"numbers\" data-bg=\"transparent\" data-parallax-depth=\"20\">\n<div  class=\"dynamic-color\">\n<div  class=\"numbers-itemcol\">\n<h2  class=\"numbers-numbertext\">&nbsp;<\/h2>\n<h3  class=\"numbers-titletext\"><\/h3>\n<\/div>\n<div  class=\"numbers-itemcol\">\n<h2  class=\"numbers-numbertext\">Nos domaines d\u2019activit\u00e9s<\/h2>\n<h3  class=\"numbers-titletext\"><\/h3>\n<\/div>\n<div  class=\"numbers-itemcol-last\">\n<h2  class=\"numbers-numbertext\"><\/h2>\n<h3  class=\"numbers-titletext\"><\/h3>\n<\/div>\n<\/div>\n<\/div><div  id=\"features-6\" class=\"features-small-image-cards-section\" style=\"background-color: #f6f6f6;\" data-label=\"Features\" data-id=\"features-small-image-cards-section\" data-category=\"features\">\n<div  class=\"\">\n<div  class=\"features-small-image-cards-featrow dark-text\" data-type=\"row\">\n<div  class=\"features-small-image-cards-featcol\">\n<div  class=\"features-small-image-cards-featinnerrow flexbox-list\">\n<div  class=\"features-small-image-cards-imgcol\" style=\"background-image: url('https:\/\/kubikgrup.com\/wp-content\/uploads\/2020\/03\/gdvfdfvd.jpg');\" data-bg=\"image\"><\/div>\n<div  class=\"features-small-image-cards-featcol-feattextcol\" data-type=\"column\">\n<h4  class=\"heading103\">Solutions Mobile et IoT<\/h4>\n<p  class=\"\">Le Groupe Kubik produit des solutions web avec des applications mobiles en fonction de ses projets. Il d\u00e9veloppe des projets performants gr\u00e2ce \u00e0 son infrastructure de pointe en s\u2019adaptant aux innovations et \u00e0 sa facilit\u00e9 de compr\u00e9hension en utilisant l\u2019infrastructure IoT.<\/p>\n\n\n<hr  class=\"features-small-image-cards-separator\">\n<p  class=\"\"><a  class=\"\" href=\"https:\/\/kubikgrup.com?page_id=1870\" rel=\"noopener noreferrer\">Cliquez pour continuer<\/a><\/p>\n\n<\/div>\n<\/div>\n<\/div>\n<div  class=\"features-small-image-cards-featcol\">\n<div  class=\"features-small-image-cards-featinnerrow flexbox-list\">\n<div  class=\"features-small-image-cards-imgcol\" style=\"background-image: url('https:\/\/kubikgrup.com\/wp-content\/uploads\/2020\/03\/fsdfsdf.jpg');\" data-bg=\"image\"><\/div>\n<div  class=\"features-small-image-cards-featcol-feattextcol\" data-type=\"column\">\n<h4  class=\"heading103\">Kubik LED<\/h4>\n<p  class=\"\">Kubik LED, qui suit de pr\u00e8s le d\u00e9veloppement de la technologie de l\u2019\u00e9clairage, peut \u00e9clairer 6 m\u00e8tres \u00e0 l\u2019aide d\u2019une seule lumi\u00e8re LED gr\u00e2ce \u00e0 la technologie \u00e0 Fibre Led d\u00e9velopp\u00e9e dans ses d\u00e9partements de&nbsp;Recherche &amp; D\u00e9veloppement. &nbsp; &nbsp; &nbsp; &nbsp; &nbsp; &nbsp; &nbsp; &nbsp; &nbsp; &nbsp; &nbsp; &nbsp; &nbsp; &nbsp; &nbsp; &nbsp; &nbsp; . &nbsp; &nbsp; &nbsp; &nbsp; &nbsp; . &nbsp; &nbsp; &nbsp; &nbsp; &nbsp; &nbsp; &nbsp; &nbsp; &nbsp; &nbsp; &nbsp; &nbsp; &nbsp; &nbsp; &nbsp; &nbsp; &nbsp; &nbsp; &nbsp; &nbsp; &nbsp; &nbsp; &nbsp; &nbsp; &nbsp; &nbsp; &nbsp; &nbsp; &nbsp; &nbsp; &nbsp; &nbsp; &nbsp; &nbsp; &nbsp; &nbsp; &nbsp; &nbsp; &nbsp; &nbsp; &nbsp;. &nbsp; &nbsp; &nbsp; &nbsp; &nbsp; &nbsp; &nbsp; &nbsp; &nbsp; &nbsp; &nbsp; &nbsp; &nbsp; &nbsp; &nbsp; &nbsp; &nbsp; &nbsp; &nbsp; &nbsp; &nbsp; &nbsp; .<\/p>\n\n\n<hr  class=\"features-small-image-cards-separator\">\n<p  class=\"\"><a  class=\"\" href=\"http:\/\/www.kubikled.com\" target=\"_self\" rel=\"noopener noreferrer\">Cliquez pour continuer<\/a><\/p>\n\n<\/div>\n<\/div>\n<\/div>\n<div  class=\"features-small-image-cards-featcol\">\n<div  class=\"features-small-image-cards-featinnerrow flexbox-list\">\n<div  class=\"features-small-image-cards-imgcol\" style=\"background-image: url('https:\/\/kubikgrup.com\/wp-content\/uploads\/2020\/03\/sdfvdfvv.jpg');\" data-bg=\"image\"><\/div>\n<div  class=\"features-small-image-cards-featcol-feattextcol\" data-type=\"column\">\n<h4  class=\"heading103\">Projets en mati\u00e8re d\u2019Industrie de D\u00e9fense Militaire<\/h4>\n<p  class=\"\">Le Groupe Kubik, qui offre des solutions pour le d\u00e9veloppement de produits r\u00e9pondant aux besoins de l\u2019Industrie de la D\u00e9fense, d\u00e9veloppe des produits et propose des solutions en utilisant les derni\u00e8res conceptions et les derni\u00e8res technologies dans les domaines de l\u2019\u00e9quipement et des logiciels.<\/p>\n\n\n<hr  class=\"features-small-image-cards-separator\">\n<p  class=\"\"><a  class=\"\" href=\"https:\/\/kubikgrup.com?page_id=1876\" rel=\"noopener noreferrer\">Cliquez pour continuer<\/a><\/p>\n\n<\/div>\n<\/div>\n<\/div>\n<div  class=\"features-small-image-cards-featcol\">\n<div  class=\"features-small-image-cards-featinnerrow flexbox-list\">\n<div  class=\"features-small-image-cards-imgcol\" style=\"background-image: url('https:\/\/kubikgrup.com\/wp-content\/uploads\/2020\/03\/daasdd.jpg');\" data-bg=\"image\"><\/div>\n<div  class=\"features-small-image-cards-featcol-feattextcol\" data-type=\"column\">\n<h4  class=\"heading103\">Syst\u00e8mes de Caisse de Haute S\u00e9curit\u00e9 et Paiement<\/h4>\n<p  class=\"\">Le Groupe d\u00e9veloppe des projets sur les syst\u00e8mes de paiement int\u00e9gr\u00e9 \u00e0 la transformation num\u00e9rique, conform\u00e9ment \u00e0 la vision des entreprises, et produit des caisses de haute s\u00e9curit\u00e9 et fournit des syst\u00e8mes de liquidit\u00e9s, des logiciels, des \u00e9quipements pour ces caisses.<\/p>\n\n\n<hr  class=\"features-small-image-cards-separator\">\n<p  class=\"\"><a  class=\"\" href=\"https:\/\/kubikgrup.com?page_id=1884\" rel=\"noopener noreferrer\">Cliquez pour continuer<\/a><\/p>\n\n<\/div>\n<\/div>\n<\/div>\n<div  class=\"features-small-image-cards-featcol\">\n<div  class=\"features-small-image-cards-featinnerrow flexbox-list\">\n<div  class=\"features-small-image-cards-imgcol\" style=\"background-image: url('https:\/\/kubikgrup.com\/wp-content\/uploads\/2020\/04\/beewa2.jpg');\" data-bg=\"image\"><\/div>\n<div  class=\"features-small-image-cards-featcol-feattextcol\" data-type=\"column\">\n<h4  class=\"heading103\">Syst\u00e8me Beeway<\/h4>\n<p  class=\"\">Il assure le suivi des processus de d\u00e9veloppement et de conception et d\u00e9veloppe des solutions de marketing gr\u00e2ce \u00e0 ses ing\u00e9nieurs sp\u00e9cialis\u00e9s dans les logiciels, l\u2019\u00e9quipement, l\u2019informatique et la s\u00e9curit\u00e9 de l\u2019information.<\/p>\n\n\n<hr  class=\"features-small-image-cards-separator\">\n<p  class=\"\"><a  class=\"\" href=\"http:\/\/www.beewaysystems.com\" target=\"_self\" rel=\"noopener noreferrer\">Cliquez pour continuer<\/a><\/p>\n\n<\/div>\n<\/div>\n<\/div>\n<div  class=\"features-small-image-cards-featcol\">\n<div  class=\"features-small-image-cards-featinnerrow flexbox-list\">\n<div  class=\"features-small-image-cards-imgcol\" style=\"background-image: url('https:\/\/kubikgrup.com\/wp-content\/uploads\/2020\/04\/cocnitif1.jpg');\" data-bg=\"image\"><\/div>\n<div  class=\"features-small-image-cards-featcol-feattextcol\" data-type=\"column\">\n<h4  class=\"heading103\">ITU &amp; K\u00fcbik Cognitive Systems LAB<\/h4>\n<p  class=\"\">Avec la collaboration de ITU et Mobile Kubik, le premier Laboratoire de Syst\u00e8mes Cognitifs de Turquie r\u00e9alise des projets et des \u00e9tudes sur l\u2019intelligence artificielle, deep learning (apprentissage profond) et les syst\u00e8mes cognitifs.<\/p>\n\n\n<hr  class=\"features-small-image-cards-separator\">\n<p  class=\"\"><a  class=\"\" href=\"http:\/\/www.cognitive.itu.edu.tr\" target=\"_self\" rel=\"noopener noreferrer\">Cliquez pour continuer<\/a><\/p>\n\n<\/div>\n<\/div>\n<\/div>\n<div  class=\"features-small-image-cards-featcol\">\n<div  class=\"features-small-image-cards-featinnerrow flexbox-list\">\n<div  class=\"features-small-image-cards-imgcol\" style=\"background-image: url('https:\/\/kubikgrup.com\/wp-content\/uploads\/2020\/03\/havatem.jpg');\" data-bg=\"image\"><\/div>\n<div  class=\"features-small-image-cards-featcol-feattextcol\" data-type=\"column\">\n<h4  class=\"heading103\">Syst\u00e8mes de D\u00e9sinfectant Antimicrobien<\/h4>\n<p  class=\"\">Les activit\u00e9s concernant les logiciels, les \u00e9quipements et la production de dispositifs produisant les rayons ultraviolets LED UV-C d\u00e9velopp\u00e9s pour les principales proc\u00e9dures d\u2019hygi\u00e8ne et de st\u00e9rilisation dans tous les secteurs sont r\u00e9alis\u00e9es.<\/p>\n\n\n<hr  class=\"features-small-image-cards-separator\">\n<p  class=\"\"><a  class=\"\" href=\"https:\/\/kubikgrup.com?page_id=1975\" rel=\"noopener noreferrer\">Cliquez pour continuer<\/a><\/p>\n\n<\/div>\n<\/div>\n<\/div>\n<div  class=\"features-small-image-cards-featcol\">\n<div  class=\"features-small-image-cards-featinnerrow flexbox-list\">\n<div  class=\"features-small-image-cards-imgcol\" style=\"background-image: url('https:\/\/kubikgrup.com\/wp-content\/uploads\/2020\/03\/sosyal.jpg');\" data-bg=\"image\"><\/div>\n<div  class=\"features-small-image-cards-featcol-feattextcol\" data-type=\"column\">\n<h4  class=\"heading103\">Projets en mati\u00e8re de la Responsabilit\u00e9 Sociale<\/h4>\n<p  class=\"\">Nous d\u00e9veloppons des projets respectueux de l\u2019environnement et des personnes en sensibilisant, avec des projets en mati\u00e8re de responsabilit\u00e9 sociale, par rapport aux questions importantes pour notre pays, et organisons des activit\u00e9s \u00e0 la lumi\u00e8re de ces projets.<\/p>\n\n\n<hr  class=\"features-small-image-cards-separator\">\n<p  class=\"\"><a  class=\"\" href=\"https:\/\/kubikgrup.com?page_id=1895\" rel=\"noopener noreferrer\">Cliquez pour continuer<\/a><\/p>\n\n<\/div>\n<\/div>\n<\/div>\n<\/div>\n<\/div>\n<\/div><div  id=\"cta-1\" class=\"cta-blue-section\" data-label=\"Call to action\" data-id=\"cta-blue-section\" data-category=\"cta\">\n<div  class=\"gridContainer\">\n<div  class=\"flexbox-list flexbox-list-align-center row\">\n<div  class=\"cta-blue-textcol dynamic-color\">\n<h2  class=\"cta-blue-text\"><span  style=\"font-weight: 600;\">Contact<\/span><\/h2>\n<\/div>\n<div  class=\"cta-blue-btncol\"><a  class=\"button big yellow dark-text\" href=\"https:\/\/www.google.com\/maps\/place\/40\u00b052'44.6%22N+29\u00b023'46.0%22E\/@40.879965,29.3937016,16.1z\/data=!4m6!3m5!1s0x0:0x0!7e2!8m2!3d40.8790435!4d29.3961176\" target=\"_blank\" rel=\"noopener noreferrer\"> PLAN INTERACTIF <\/a><\/div>\n<\/div>\n<\/div>\n<\/div>","protected":false},"excerpt":{"rendered":"<p>A notre propos SUITE Notre philosophie SUITE Nos domaines d\u2019activit\u00e9s SUITE Nos services SUITE Contact SUITE GROUPE KUBIK A notre propos Le Groupe Kubik, cr\u00e9\u00e9 en 2013 \u00e0 Istanbul, est une entreprise technologique qui stimule l\u2019\u00e9cosyst\u00e8me technologique gr\u00e2ce \u00e0 une R&amp;D conforme aux besoins des institutions, fournit des solutions innovantes et de bout en bout,&hellip; <br \/> <a class=\"button small blue\" href=\"https:\/\/www.kubikgrup.com\/?page_id=1790\">Devam\u0131<\/a><\/p>\n","protected":false},"author":1,"featured_media":0,"parent":0,"menu_order":0,"comment_status":"closed","ping_status":"closed","template":"page-templates\/homepage.php","meta":{"footnotes":""},"_links":{"self":[{"href":"https:\/\/www.kubikgrup.com\/index.php?rest_route=\/wp\/v2\/pages\/1790"}],"collection":[{"href":"https:\/\/www.kubikgrup.com\/index.php?rest_route=\/wp\/v2\/pages"}],"about":[{"href":"https:\/\/www.kubikgrup.com\/index.php?rest_route=\/wp\/v2\/types\/page"}],"author":[{"embeddable":true,"href":"https:\/\/www.kubikgrup.com\/index.php?rest_route=\/wp\/v2\/users\/1"}],"replies":[{"embeddable":true,"href":"https:\/\/www.kubikgrup.com\/index.php?rest_route=%2Fwp%2Fv2%2Fcomments&post=1790"}],"version-history":[{"count":21,"href":"https:\/\/www.kubikgrup.com\/index.php?rest_route=\/wp\/v2\/pages\/1790\/revisions"}],"predecessor-version":[{"id":2020,"href":"https:\/\/www.kubikgrup.com\/index.php?rest_route=\/wp\/v2\/pages\/1790\/revisions\/2020"}],"wp:attachment":[{"href":"https:\/\/www.kubikgrup.com\/index.php?rest_route=%2Fwp%2Fv2%2Fmedia&parent=1790"}],"curies":[{"name":"wp","href":"https:\/\/api.w.org\/{rel}","templated":true}]}}