{"id":1864,"date":"2020-05-19T17:08:38","date_gmt":"2020-05-19T14:08:38","guid":{"rendered":"https:\/\/kubikgrup.com\/?page_id=1864"},"modified":"2020-05-19T17:08:38","modified_gmt":"2020-05-19T14:08:38","slug":"nos-services","status":"publish","type":"page","link":"https:\/\/www.kubikgrup.com\/?page_id=1864","title":{"rendered":"NOS SERVICES"},"content":{"rendered":"\n<p><strong>LOGICIELS ET APPLICATIONS<\/strong><\/p>\n\n\n\n<p>Nous proposons des solutions avec les applications app et les technologies mobiles ainsi que les applications mobiles les concernant qui vous suivent \u00e0 chaque instant gr\u00e2ce \u00e0 l\u2019\u00e9volution rapide de la technologie.\u00a0Nous d\u00e9veloppons des solutions logicielles personnalis\u00e9es ax\u00e9es sur les besoins internes des entreprises, nous d\u00e9veloppons des logiciels qui fonctionnent sur Mac et PC, accessibles via le Web ou hors ligne, et nous concevons et d\u00e9veloppons pour vous des applications de bureau pour PC et Mac, des applications mobiles pour Ios et Android, conform\u00e9ment \u00e0 vos strat\u00e9gies de marketing en d\u00e9terminant les besoins de votre entreprise. Nous concevons \u00e9galement des logiciels sp\u00e9ciaux capables de refl\u00e9ter de bout en bout le profil de votre entreprise.<\/p>\n\n\n\n<p><strong>CONCEPTIONS D\u2019\u00c9QUIPEMENTS, DE CARTE PCB<\/strong><\/p>\n\n\n\n<p>En mati\u00e8re d\u2019\u00e9quipement, nous fournissons des services avec toutes sortes de conceptions de hardware \u00e9lectronique.\u00a0\u00a0Nous fournissons \u00e9galement des tests et des conceptions de cartes de circuits imprim\u00e9s (PCB) tels que le dessin fabrication de PCB de 1, 2 \u00e0 16 couches, la conception, le design de toutes sortes de conceptions de circuits \u00e9lectroniques analogiques ou num\u00e9riques, RF, r\u00e9seau, microprocesseur, circuits \u00e0 base de microcontr\u00f4leurs, etc. et nous fournissons \u00e9galement le suivi de la production. Avec nos ing\u00e9nieurs en \u00e9quipement et notre importante \u00e9quipe technique, nous fabriquons des produits fiables pour les entreprises qui r\u00e9pondent aux normes internationales. Dans tous les processus, en partant de la cr\u00e9ation du concept \u00e0 la production, nous suivons les derniers d\u00e9veloppements technologiques et essayons de r\u00e9pondre aux besoins futurs de nos clients.\u00a0<\/p>\n\n\n\n<p><strong>CONCEPTION M\u00c9CATRONIQUE<\/strong><\/p>\n\n\n\n<p>M\u00e9catronique; ing\u00e9nierie m\u00e9canique, conception de syst\u00e8mes de produits avanc\u00e9s bas\u00e9s sur l&#8217;int\u00e9gration de syst\u00e8mes de contr\u00f4le \u00e9lectronique. Parall\u00e8lement \u00e0 la conception de produits, nous r\u00e9alisons des conceptions technologiques de pointe gr\u00e2ce \u00e0 des \u00e9tudes d&#8217;ing\u00e9nierie multidisciplinaires.\u00a0Notre soci\u00e9t\u00e9, qui con\u00e7oit des \u00e9quipements \u00e9lectroniques permettant de contr\u00f4ler les syst\u00e8mes m\u00e9caniques de la mani\u00e8re la plus efficace, utilise \u00e9galement les technologies les plus avanc\u00e9es.<\/p>\n\n\n\n<p><strong>L&#8217;ING\u00c9NIERIE DE PRODUIT<\/strong><\/p>\n\n\n\n<p>Nous suivons les processus de d\u00e9veloppement et de conception de produits pour les entreprises, et nous r\u00e9alisons des \u00e9tudes sur les \u00e9quipements et les logiciels pour la conception et le d\u00e9veloppement de nouveaux produits en cr\u00e9ant de nouvelles strat\u00e9gies. Avec la d\u00e9termination du concept pour un produit, nous fournissons le soutien d&#8217;ing\u00e9nierie n\u00e9cessaire pour toutes les solutions, en partant de la production jusqu\u2019aux contr\u00f4les finaux, en faisant toutes les analyses avec leurs conceptions industrielles et m\u00e9caniques.<\/p>\n\n\n\n<p><strong>SOLUTIONS DE PRODUCTION DE BOUT EN BOUT (R&amp;D CONCEPTION)<\/strong><\/p>\n\n\n\n<p>Gr\u00e2ce \u00e0 notre exp\u00e9rience dans le secteur, nous proposons des solutions \u00e0 valeur ajout\u00e9e de bout en bout orient\u00e9es vers la client\u00e8le, ainsi que des services de R&amp;D, de logiciels, d\u2019\u00e9quipement, de conception, de production, de logiciels et d&#8217;apr\u00e8s-vente. Notre objectif est de maintenir la satisfaction des clients au plus haut niveau en utilisant les derni\u00e8res technologies avec notre \u00e9quipe exp\u00e9riment\u00e9e de R&amp;D sur la conception et la production d&#8217;\u00e9quipements \u00e9lectroniques.\u00a0<\/p>\n\n\n\n<p><strong>GESTION DE PROJET<\/strong><\/p>\n\n\n\n<p>Avec un syst\u00e8me de travail disciplinaire dans le domaine de la r\u00e9alisation et de l&#8217;ach\u00e8vement d&#8217;un projet sp\u00e9cifique, de la planification, de l&#8217;organisation, de l&#8217;approvisionnement et de la gestion avec des innovations, nous offrons des solutions sp\u00e9cifiques aux entreprises dans le domaine de la gestion de projet dans un d\u00e9lai d\u00e9termin\u00e9 avec la fa\u00e7on la plus appropri\u00e9e de travailler avec nos partenaires. Nous fournissons avec nos ing\u00e9nieurs comp\u00e9tents tout le soutien n\u00e9cessaire gr\u00e2ce aux derni\u00e8res technologies durant tous les processus depuis la phase de d\u00e9veloppement de l&#8217;id\u00e9e du projet jusqu&#8217;\u00e0 la livraison du projet.\u00a0<\/p>\n\n\n\n<p><strong>TRAVAUX SCIENTIFIQUES ET PARTENARIAT\u00a0<\/strong><\/p>\n\n\n\n<p>Dans le domaine des \u00e9tudes scientifiques, nous travaillons en partenariat avec des universit\u00e9s pour les produits et les projets qui seront b\u00e9n\u00e9fiques dans l&#8217;avenir, dans le but de garantir que les projets que nous soutenons produisent des b\u00e9n\u00e9fices \u00e9conomiques et de la valeur et fournissent \u00e9galement des avantages permanents. Nous visons une croissance durable en termes de techno-entrepreneuriat et de d\u00e9veloppement des \u00e9cosyst\u00e8mes.<\/p>\n","protected":false},"excerpt":{"rendered":"<p>LOGICIELS ET APPLICATIONS Nous proposons des solutions avec les applications app et les technologies mobiles ainsi que les applications mobiles les concernant qui vous suivent \u00e0 chaque instant gr\u00e2ce \u00e0 l\u2019\u00e9volution rapide de la technologie.\u00a0Nous d\u00e9veloppons des solutions logicielles personnalis\u00e9es ax\u00e9es sur les besoins internes des entreprises, nous d\u00e9veloppons des logiciels qui fonctionnent sur Mac&hellip; <br \/> <a class=\"button small blue\" href=\"https:\/\/www.kubikgrup.com\/?page_id=1864\">Devam\u0131<\/a><\/p>\n","protected":false},"author":1,"featured_media":0,"parent":0,"menu_order":0,"comment_status":"closed","ping_status":"closed","template":"","meta":{"footnotes":""},"_links":{"self":[{"href":"https:\/\/www.kubikgrup.com\/index.php?rest_route=\/wp\/v2\/pages\/1864"}],"collection":[{"href":"https:\/\/www.kubikgrup.com\/index.php?rest_route=\/wp\/v2\/pages"}],"about":[{"href":"https:\/\/www.kubikgrup.com\/index.php?rest_route=\/wp\/v2\/types\/page"}],"author":[{"embeddable":true,"href":"https:\/\/www.kubikgrup.com\/index.php?rest_route=\/wp\/v2\/users\/1"}],"replies":[{"embeddable":true,"href":"https:\/\/www.kubikgrup.com\/index.php?rest_route=%2Fwp%2Fv2%2Fcomments&post=1864"}],"version-history":[{"count":1,"href":"https:\/\/www.kubikgrup.com\/index.php?rest_route=\/wp\/v2\/pages\/1864\/revisions"}],"predecessor-version":[{"id":1866,"href":"https:\/\/www.kubikgrup.com\/index.php?rest_route=\/wp\/v2\/pages\/1864\/revisions\/1866"}],"wp:attachment":[{"href":"https:\/\/www.kubikgrup.com\/index.php?rest_route=%2Fwp%2Fv2%2Fmedia&parent=1864"}],"curies":[{"name":"wp","href":"https:\/\/api.w.org\/{rel}","templated":true}]}}