{"id":1870,"date":"2020-05-19T17:21:08","date_gmt":"2020-05-19T14:21:08","guid":{"rendered":"https:\/\/kubikgrup.com\/?page_id=1870"},"modified":"2020-05-19T17:21:08","modified_gmt":"2020-05-19T14:21:08","slug":"annonce-mobile","status":"publish","type":"page","link":"https:\/\/www.kubikgrup.com\/?page_id=1870","title":{"rendered":"ANNONCE MOBILE"},"content":{"rendered":"\n<p><strong>Le Groupe Kubik produit des solutions web avec des applications mobiles en fonction de ses projets. Il d\u00e9veloppe des projets performants gr\u00e2ce \u00e0 son infrastructure de pointe en s&#8217;adaptant aux innovations et \u00e0 sa facilit\u00e9 de compr\u00e9hension en utilisant l\u2019infrastructure IoT.<\/strong><\/p>\n\n\n\n<p><img decoding=\"async\" loading=\"lazy\" width=\"244\" height=\"172\" class=\"wp-image-1282\" src=\"https:\/\/kubikgrup.com\/wp-content\/uploads\/2020\/03\/Picture1.jpg\" alt=\"\" style=\"width: 200px;\">Annonce Mobile est une application d\u2019annonce sur les t\u00e9l\u00e9phones portables et les r\u00e9seaux sociaux, qui permet aux consommateurs d&#8217;acc\u00e9der facilement aux annonces des PME et des entreprises et de b\u00e9n\u00e9ficier de nombreux avantages en filtrant selon la cat\u00e9gorie (localisation, marque, produit ou service) et selon leur localisation.\u00a0Environ 1000 \u00e9tudes de campagnes ont \u00e9t\u00e9 men\u00e9es, ainsi que des analyses de donn\u00e9es et des \u00e9tudes sur l&#8217;exp\u00e9rience client pour les entreprises.<\/p>\n\n\n\n<h4 class=\"has-vivid-red-color has-text-color wp-block-heading\"><strong>TRAVAILLER ET PARTAGER DANS CHAQUE R\u00c9SEAU<\/strong><\/h4>\n\n\n\n<p>ANNONCE Aper\u00e7u de Facebook\u00a0\u00a0\u00a0\u00a0\u00a0\u00a0\u00a0\u00a0\u00a0\u00a0\u00a0\u00a0\u00a0\u00a0\u00a0\u00a0\u00a0\u00a0\u00a0\u00a0\u00a0\u00a0\u00a0\u00a0\u00a0\u00a0\u00a0\u00a0\u00a0\u00a0\u00a0\u00a0\u00a0\u00a0\u00a0\u00a0\u00a0\u00a0\u00a0\u00a0\u00a0\u00a0\u00a0\u00a0\u00a0\u00a0Lien ANNONCE Aper\u00e7u de la Page<\/p>\n\n\n\n<figure class=\"wp-block-image size-large\"><img decoding=\"async\" loading=\"lazy\" width=\"1024\" height=\"572\" src=\"https:\/\/kubikgrup.com\/wp-content\/uploads\/2020\/03\/fdfasdsd-1024x572.jpg\" alt=\"\" class=\"wp-image-1292\" srcset=\"https:\/\/www.kubikgrup.com\/wp-content\/uploads\/2020\/03\/fdfasdsd-1024x572.jpg 1024w, https:\/\/www.kubikgrup.com\/wp-content\/uploads\/2020\/03\/fdfasdsd-300x168.jpg 300w, https:\/\/www.kubikgrup.com\/wp-content\/uploads\/2020\/03\/fdfasdsd-768x429.jpg 768w, https:\/\/www.kubikgrup.com\/wp-content\/uploads\/2020\/03\/fdfasdsd-1536x859.jpg 1536w, https:\/\/www.kubikgrup.com\/wp-content\/uploads\/2020\/03\/fdfasdsd-2048x1145.jpg 2048w, https:\/\/www.kubikgrup.com\/wp-content\/uploads\/2020\/03\/fdfasdsd-1920x1073.jpg 1920w\" sizes=\"(max-width: 1024px) 100vw, 1024px\" \/><\/figure>\n\n\n\n<p><\/p>\n\n\n\n<h4 class=\"has-vivid-red-color has-text-color wp-block-heading\"><strong><br>CONTENU DU MENU FACILE<\/strong><\/h4>\n\n\n\n<figure class=\"wp-block-image size-large\"><img decoding=\"async\" loading=\"lazy\" width=\"1024\" height=\"662\" src=\"https:\/\/kubikgrup.com\/wp-content\/uploads\/2020\/03\/dfdferewew-1024x662.jpg\" alt=\"\" class=\"wp-image-1293\" srcset=\"https:\/\/www.kubikgrup.com\/wp-content\/uploads\/2020\/03\/dfdferewew-1024x662.jpg 1024w, https:\/\/www.kubikgrup.com\/wp-content\/uploads\/2020\/03\/dfdferewew-300x194.jpg 300w, https:\/\/www.kubikgrup.com\/wp-content\/uploads\/2020\/03\/dfdferewew-768x497.jpg 768w, https:\/\/www.kubikgrup.com\/wp-content\/uploads\/2020\/03\/dfdferewew-1536x994.jpg 1536w, https:\/\/www.kubikgrup.com\/wp-content\/uploads\/2020\/03\/dfdferewew-1670x1080.jpg 1670w, https:\/\/www.kubikgrup.com\/wp-content\/uploads\/2020\/03\/dfdferewew.jpg 2016w\" sizes=\"(max-width: 1024px) 100vw, 1024px\" \/><\/figure>\n\n\n\n<h4 class=\"has-vivid-red-color has-text-color wp-block-heading\"><strong>Rapport en ligne<\/strong><\/h4>\n\n\n\n<figure class=\"wp-block-image size-large\"><img decoding=\"async\" loading=\"lazy\" width=\"1024\" height=\"755\" src=\"https:\/\/kubikgrup.com\/wp-content\/uploads\/2020\/03\/qwee45-1024x755.jpg\" alt=\"\" class=\"wp-image-1294\" srcset=\"https:\/\/www.kubikgrup.com\/wp-content\/uploads\/2020\/03\/qwee45-1024x755.jpg 1024w, https:\/\/www.kubikgrup.com\/wp-content\/uploads\/2020\/03\/qwee45-300x221.jpg 300w, https:\/\/www.kubikgrup.com\/wp-content\/uploads\/2020\/03\/qwee45-768x566.jpg 768w, https:\/\/www.kubikgrup.com\/wp-content\/uploads\/2020\/03\/qwee45-1536x1133.jpg 1536w, https:\/\/www.kubikgrup.com\/wp-content\/uploads\/2020\/03\/qwee45-1465x1080.jpg 1465w, https:\/\/www.kubikgrup.com\/wp-content\/uploads\/2020\/03\/qwee45.jpg 1584w\" sizes=\"(max-width: 1024px) 100vw, 1024px\" \/><\/figure>\n\n\n\n<figure class=\"wp-block-image size-large\"><img decoding=\"async\" loading=\"lazy\" width=\"1024\" height=\"391\" src=\"https:\/\/kubikgrup.com\/wp-content\/uploads\/2020\/03\/qwcc1-1024x391.jpg\" alt=\"\" class=\"wp-image-1291\" srcset=\"https:\/\/www.kubikgrup.com\/wp-content\/uploads\/2020\/03\/qwcc1-1024x391.jpg 1024w, https:\/\/www.kubikgrup.com\/wp-content\/uploads\/2020\/03\/qwcc1-300x114.jpg 300w, https:\/\/www.kubikgrup.com\/wp-content\/uploads\/2020\/03\/qwcc1-768x293.jpg 768w, https:\/\/www.kubikgrup.com\/wp-content\/uploads\/2020\/03\/qwcc1-1536x586.jpg 1536w, https:\/\/www.kubikgrup.com\/wp-content\/uploads\/2020\/03\/qwcc1.jpg 1908w\" sizes=\"(max-width: 1024px) 100vw, 1024px\" \/><\/figure>\n\n\n\n<p><\/p>\n","protected":false},"excerpt":{"rendered":"<p>Le Groupe Kubik produit des solutions web avec des applications mobiles en fonction de ses projets. Il d\u00e9veloppe des projets performants gr\u00e2ce \u00e0 son infrastructure de pointe en s&#8217;adaptant aux innovations et \u00e0 sa facilit\u00e9 de compr\u00e9hension en utilisant l\u2019infrastructure IoT. Annonce Mobile est une application d\u2019annonce sur les t\u00e9l\u00e9phones portables et les r\u00e9seaux sociaux,&hellip; <br \/> <a class=\"button small blue\" href=\"https:\/\/www.kubikgrup.com\/?page_id=1870\">Devam\u0131<\/a><\/p>\n","protected":false},"author":1,"featured_media":0,"parent":0,"menu_order":0,"comment_status":"closed","ping_status":"closed","template":"","meta":{"footnotes":""},"_links":{"self":[{"href":"https:\/\/www.kubikgrup.com\/index.php?rest_route=\/wp\/v2\/pages\/1870"}],"collection":[{"href":"https:\/\/www.kubikgrup.com\/index.php?rest_route=\/wp\/v2\/pages"}],"about":[{"href":"https:\/\/www.kubikgrup.com\/index.php?rest_route=\/wp\/v2\/types\/page"}],"author":[{"embeddable":true,"href":"https:\/\/www.kubikgrup.com\/index.php?rest_route=\/wp\/v2\/users\/1"}],"replies":[{"embeddable":true,"href":"https:\/\/www.kubikgrup.com\/index.php?rest_route=%2Fwp%2Fv2%2Fcomments&post=1870"}],"version-history":[{"count":1,"href":"https:\/\/www.kubikgrup.com\/index.php?rest_route=\/wp\/v2\/pages\/1870\/revisions"}],"predecessor-version":[{"id":1872,"href":"https:\/\/www.kubikgrup.com\/index.php?rest_route=\/wp\/v2\/pages\/1870\/revisions\/1872"}],"wp:attachment":[{"href":"https:\/\/www.kubikgrup.com\/index.php?rest_route=%2Fwp%2Fv2%2Fmedia&parent=1870"}],"curies":[{"name":"wp","href":"https:\/\/api.w.org\/{rel}","templated":true}]}}