{"id":1876,"date":"2020-05-19T17:22:43","date_gmt":"2020-05-19T14:22:43","guid":{"rendered":"https:\/\/kubikgrup.com\/?page_id=1876"},"modified":"2020-05-19T17:23:33","modified_gmt":"2020-05-19T14:23:33","slug":"kubikdron5","status":"publish","type":"page","link":"https:\/\/www.kubikgrup.com\/?page_id=1876","title":{"rendered":"SYST\u00c8ME DE D\u00c9FENSE CIVILE ET DRONE MILITAIRE"},"content":{"rendered":"\n<p><strong>Le Groupe Kubik, qui offre des solutions pour le d\u00e9veloppement de produits r\u00e9pondant aux besoins de l\u2019Industrie de la D\u00e9fense, d\u00e9veloppe des produits et propose des solutions en utilisant les derni\u00e8res conceptions et les derni\u00e8res technologies dans les domaines de l\u2019\u00e9quipement et des logiciels.<\/strong><\/p>\n\n\n\n<figure class=\"wp-block-image size-large\"><img decoding=\"async\" loading=\"lazy\" width=\"1024\" height=\"637\" src=\"https:\/\/kubikgrup.com\/wp-content\/uploads\/2020\/03\/as1-1024x637.jpg\" alt=\"\" class=\"wp-image-1483\" srcset=\"https:\/\/www.kubikgrup.com\/wp-content\/uploads\/2020\/03\/as1-1024x637.jpg 1024w, https:\/\/www.kubikgrup.com\/wp-content\/uploads\/2020\/03\/as1-300x187.jpg 300w, https:\/\/www.kubikgrup.com\/wp-content\/uploads\/2020\/03\/as1-768x478.jpg 768w, https:\/\/www.kubikgrup.com\/wp-content\/uploads\/2020\/03\/as1-1536x956.jpg 1536w, https:\/\/www.kubikgrup.com\/wp-content\/uploads\/2020\/03\/as1-2048x1275.jpg 2048w, https:\/\/www.kubikgrup.com\/wp-content\/uploads\/2020\/03\/as1-1735x1080.jpg 1735w\" sizes=\"(max-width: 1024px) 100vw, 1024px\" \/><\/figure>\n","protected":false},"excerpt":{"rendered":"<p>Le Groupe Kubik, qui offre des solutions pour le d\u00e9veloppement de produits r\u00e9pondant aux besoins de l\u2019Industrie de la D\u00e9fense, d\u00e9veloppe des produits et propose des solutions en utilisant les derni\u00e8res conceptions et les derni\u00e8res technologies dans les domaines de l\u2019\u00e9quipement et des logiciels.<\/p>\n","protected":false},"author":1,"featured_media":0,"parent":0,"menu_order":0,"comment_status":"closed","ping_status":"closed","template":"","meta":{"footnotes":""},"_links":{"self":[{"href":"https:\/\/www.kubikgrup.com\/index.php?rest_route=\/wp\/v2\/pages\/1876"}],"collection":[{"href":"https:\/\/www.kubikgrup.com\/index.php?rest_route=\/wp\/v2\/pages"}],"about":[{"href":"https:\/\/www.kubikgrup.com\/index.php?rest_route=\/wp\/v2\/types\/page"}],"author":[{"embeddable":true,"href":"https:\/\/www.kubikgrup.com\/index.php?rest_route=\/wp\/v2\/users\/1"}],"replies":[{"embeddable":true,"href":"https:\/\/www.kubikgrup.com\/index.php?rest_route=%2Fwp%2Fv2%2Fcomments&post=1876"}],"version-history":[{"count":3,"href":"https:\/\/www.kubikgrup.com\/index.php?rest_route=\/wp\/v2\/pages\/1876\/revisions"}],"predecessor-version":[{"id":1880,"href":"https:\/\/www.kubikgrup.com\/index.php?rest_route=\/wp\/v2\/pages\/1876\/revisions\/1880"}],"wp:attachment":[{"href":"https:\/\/www.kubikgrup.com\/index.php?rest_route=%2Fwp%2Fv2%2Fmedia&parent=1876"}],"curies":[{"name":"wp","href":"https:\/\/api.w.org\/{rel}","templated":true}]}}