{"id":1884,"date":"2020-05-19T17:32:00","date_gmt":"2020-05-19T14:32:00","guid":{"rendered":"https:\/\/kubikgrup.com\/?page_id=1884"},"modified":"2020-05-19T17:32:00","modified_gmt":"2020-05-19T14:32:00","slug":"caisse-a-haute-securite","status":"publish","type":"page","link":"https:\/\/www.kubikgrup.com\/?page_id=1884","title":{"rendered":"CAISSE A HAUTE S\u00c9CURIT\u00c9"},"content":{"rendered":"\n<p><strong>Le Groupe d\u00e9veloppe des projets sur les syst\u00e8mes de paiement int\u00e9gr\u00e9 \u00e0 la transformation num\u00e9rique, conform\u00e9ment \u00e0 la vision des entreprises, et produit des caisses de haute s\u00e9curit\u00e9 et fournit des syst\u00e8mes de liquidit\u00e9s, des logiciels, des \u00e9quipements pour ces caisses.<\/strong><\/p>\n\n\n\n<h4 class=\"has-vivid-red-color has-text-color wp-block-heading\">Terminal de paiement en esp\u00e8ce Self service et caisses intelligente<\/h4>\n\n\n\n<figure class=\"wp-block-image size-large is-resized\"><img decoding=\"async\" loading=\"lazy\" src=\"https:\/\/kubikgrup.com\/wp-content\/uploads\/2020\/02\/Screen-Shot-2020-02-14-at-13.54.29-921x1024.png\" alt=\"\" class=\"wp-image-1034\" width=\"580\" height=\"644\" srcset=\"https:\/\/www.kubikgrup.com\/wp-content\/uploads\/2020\/02\/Screen-Shot-2020-02-14-at-13.54.29-921x1024.png 921w, https:\/\/www.kubikgrup.com\/wp-content\/uploads\/2020\/02\/Screen-Shot-2020-02-14-at-13.54.29-270x300.png 270w, https:\/\/www.kubikgrup.com\/wp-content\/uploads\/2020\/02\/Screen-Shot-2020-02-14-at-13.54.29-768x854.png 768w, https:\/\/www.kubikgrup.com\/wp-content\/uploads\/2020\/02\/Screen-Shot-2020-02-14-at-13.54.29-1382x1536.png 1382w, https:\/\/www.kubikgrup.com\/wp-content\/uploads\/2020\/02\/Screen-Shot-2020-02-14-at-13.54.29-1024x1138.png 1024w, https:\/\/www.kubikgrup.com\/wp-content\/uploads\/2020\/02\/Screen-Shot-2020-02-14-at-13.54.29-972x1080.png 972w, https:\/\/www.kubikgrup.com\/wp-content\/uploads\/2020\/02\/Screen-Shot-2020-02-14-at-13.54.29.png 1616w\" sizes=\"(max-width: 580px) 100vw, 580px\" \/><\/figure>\n\n\n\n<figure class=\"wp-block-image size-large\"><img decoding=\"async\" loading=\"lazy\" width=\"1024\" height=\"576\" src=\"https:\/\/kubikgrup.com\/wp-content\/uploads\/2020\/03\/BEYAZ2-1024x576.jpg\" alt=\"\" class=\"wp-image-1333\" srcset=\"https:\/\/www.kubikgrup.com\/wp-content\/uploads\/2020\/03\/BEYAZ2-1024x576.jpg 1024w, https:\/\/www.kubikgrup.com\/wp-content\/uploads\/2020\/03\/BEYAZ2-300x169.jpg 300w, https:\/\/www.kubikgrup.com\/wp-content\/uploads\/2020\/03\/BEYAZ2-768x432.jpg 768w, https:\/\/www.kubikgrup.com\/wp-content\/uploads\/2020\/03\/BEYAZ2.jpg 1200w\" sizes=\"(max-width: 1024px) 100vw, 1024px\" \/><\/figure>\n\n\n\n<figure class=\"wp-block-image size-large\"><img decoding=\"async\" loading=\"lazy\" width=\"1024\" height=\"576\" src=\"https:\/\/kubikgrup.com\/wp-content\/uploads\/2020\/03\/BEYAZ4-2-1024x576.jpg\" alt=\"\" class=\"wp-image-1331\" srcset=\"https:\/\/www.kubikgrup.com\/wp-content\/uploads\/2020\/03\/BEYAZ4-2-1024x576.jpg 1024w, https:\/\/www.kubikgrup.com\/wp-content\/uploads\/2020\/03\/BEYAZ4-2-300x169.jpg 300w, https:\/\/www.kubikgrup.com\/wp-content\/uploads\/2020\/03\/BEYAZ4-2-768x432.jpg 768w, https:\/\/www.kubikgrup.com\/wp-content\/uploads\/2020\/03\/BEYAZ4-2.jpg 1200w\" sizes=\"(max-width: 1024px) 100vw, 1024px\" \/><\/figure>\n\n\n\n<figure class=\"wp-block-image size-large\"><img decoding=\"async\" loading=\"lazy\" width=\"1024\" height=\"576\" src=\"https:\/\/kubikgrup.com\/wp-content\/uploads\/2020\/03\/BEYAZ3-1024x576.jpg\" alt=\"\" class=\"wp-image-1330\" srcset=\"https:\/\/www.kubikgrup.com\/wp-content\/uploads\/2020\/03\/BEYAZ3-1024x576.jpg 1024w, https:\/\/www.kubikgrup.com\/wp-content\/uploads\/2020\/03\/BEYAZ3-300x169.jpg 300w, https:\/\/www.kubikgrup.com\/wp-content\/uploads\/2020\/03\/BEYAZ3-768x432.jpg 768w, https:\/\/www.kubikgrup.com\/wp-content\/uploads\/2020\/03\/BEYAZ3.jpg 1200w\" sizes=\"(max-width: 1024px) 100vw, 1024px\" \/><\/figure>\n\n\n\n<figure class=\"wp-block-image size-large\"><img decoding=\"async\" loading=\"lazy\" width=\"1024\" height=\"576\" src=\"https:\/\/kubikgrup.com\/wp-content\/uploads\/2020\/03\/seffafk\u00e7rm\u00e7z\u00e7-1024x576.jpg\" alt=\"\" class=\"wp-image-1328\" srcset=\"https:\/\/www.kubikgrup.com\/wp-content\/uploads\/2020\/03\/seffafk\u00e7rm\u00e7z\u00e7-1024x576.jpg 1024w, https:\/\/www.kubikgrup.com\/wp-content\/uploads\/2020\/03\/seffafk\u00e7rm\u00e7z\u00e7-300x169.jpg 300w, https:\/\/www.kubikgrup.com\/wp-content\/uploads\/2020\/03\/seffafk\u00e7rm\u00e7z\u00e7-768x432.jpg 768w, https:\/\/www.kubikgrup.com\/wp-content\/uploads\/2020\/03\/seffafk\u00e7rm\u00e7z\u00e7.jpg 1200w\" sizes=\"(max-width: 1024px) 100vw, 1024px\" \/><\/figure>\n\n\n\n<figure class=\"wp-block-image size-large\"><img decoding=\"async\" loading=\"lazy\" width=\"1024\" height=\"576\" src=\"https:\/\/kubikgrup.com\/wp-content\/uploads\/2020\/03\/seffafk\u00e7rm\u00e7z\u00e73-1024x576.jpg\" alt=\"\" class=\"wp-image-1329\" srcset=\"https:\/\/www.kubikgrup.com\/wp-content\/uploads\/2020\/03\/seffafk\u00e7rm\u00e7z\u00e73-1024x576.jpg 1024w, https:\/\/www.kubikgrup.com\/wp-content\/uploads\/2020\/03\/seffafk\u00e7rm\u00e7z\u00e73-300x169.jpg 300w, https:\/\/www.kubikgrup.com\/wp-content\/uploads\/2020\/03\/seffafk\u00e7rm\u00e7z\u00e73-768x432.jpg 768w, https:\/\/www.kubikgrup.com\/wp-content\/uploads\/2020\/03\/seffafk\u00e7rm\u00e7z\u00e73.jpg 1200w\" sizes=\"(max-width: 1024px) 100vw, 1024px\" \/><\/figure>\n\n\n\n<figure class=\"wp-block-image size-large\"><img decoding=\"async\" loading=\"lazy\" width=\"1024\" height=\"576\" src=\"https:\/\/kubikgrup.com\/wp-content\/uploads\/2020\/03\/seffafkirmizi2-1024x576.jpg\" alt=\"\" class=\"wp-image-1327\" srcset=\"https:\/\/www.kubikgrup.com\/wp-content\/uploads\/2020\/03\/seffafkirmizi2-1024x576.jpg 1024w, https:\/\/www.kubikgrup.com\/wp-content\/uploads\/2020\/03\/seffafkirmizi2-300x169.jpg 300w, https:\/\/www.kubikgrup.com\/wp-content\/uploads\/2020\/03\/seffafkirmizi2-768x432.jpg 768w, https:\/\/www.kubikgrup.com\/wp-content\/uploads\/2020\/03\/seffafkirmizi2.jpg 1200w\" sizes=\"(max-width: 1024px) 100vw, 1024px\" \/><\/figure>\n","protected":false},"excerpt":{"rendered":"<p>Le Groupe d\u00e9veloppe des projets sur les syst\u00e8mes de paiement int\u00e9gr\u00e9 \u00e0 la transformation num\u00e9rique, conform\u00e9ment \u00e0 la vision des entreprises, et produit des caisses de haute s\u00e9curit\u00e9 et fournit des syst\u00e8mes de liquidit\u00e9s, des logiciels, des \u00e9quipements pour ces caisses. Terminal de paiement en esp\u00e8ce Self service et caisses intelligente<\/p>\n","protected":false},"author":1,"featured_media":0,"parent":0,"menu_order":0,"comment_status":"closed","ping_status":"closed","template":"","meta":{"footnotes":""},"_links":{"self":[{"href":"https:\/\/www.kubikgrup.com\/index.php?rest_route=\/wp\/v2\/pages\/1884"}],"collection":[{"href":"https:\/\/www.kubikgrup.com\/index.php?rest_route=\/wp\/v2\/pages"}],"about":[{"href":"https:\/\/www.kubikgrup.com\/index.php?rest_route=\/wp\/v2\/types\/page"}],"author":[{"embeddable":true,"href":"https:\/\/www.kubikgrup.com\/index.php?rest_route=\/wp\/v2\/users\/1"}],"replies":[{"embeddable":true,"href":"https:\/\/www.kubikgrup.com\/index.php?rest_route=%2Fwp%2Fv2%2Fcomments&post=1884"}],"version-history":[{"count":1,"href":"https:\/\/www.kubikgrup.com\/index.php?rest_route=\/wp\/v2\/pages\/1884\/revisions"}],"predecessor-version":[{"id":1886,"href":"https:\/\/www.kubikgrup.com\/index.php?rest_route=\/wp\/v2\/pages\/1884\/revisions\/1886"}],"wp:attachment":[{"href":"https:\/\/www.kubikgrup.com\/index.php?rest_route=%2Fwp%2Fv2%2Fmedia&parent=1884"}],"curies":[{"name":"wp","href":"https:\/\/api.w.org\/{rel}","templated":true}]}}