{"id":1916,"date":"2021-10-25T12:30:18","date_gmt":"2021-10-25T09:30:18","guid":{"rendered":"https:\/\/kubikgrup.com\/?page_id=1916"},"modified":"2021-10-25T15:42:52","modified_gmt":"2021-10-25T12:42:52","slug":"kubik-grup-deu","status":"publish","type":"page","link":"https:\/\/www.kubikgrup.com\/?page_id=1916","title":{"rendered":"Kubik GRUP  &#8211;  Deu"},"content":{"rendered":"<div  id=\"overlapable-2\" class=\"features-coloured-icon-boxes-section stripped-coloured-icon-boxes\" style=\"background-color: #ffffff;\" data-label=\"Overlapable\" data-id=\"stripped-coloured-icon-boxes\" data-category=\"overlapable\" data-overlap=\"true\">\n<div  class=\"gridContainer\">\n<div  class=\"features-coloured-icon-boxes-innerrow flexbox-list dark-text\" data-type=\"row\">\n<div  class=\"features-coloured-icon-boxes-featurecol cp2cols\">\n<div  class=\"features-coloured-icon-boxes-iconcontainer\" data-content-item-container=\"true\"><\/div>\n<h4  class=\"\">Wer sind wir<\/h4>\n<a  class=\"features-coloured-button\" href=\"#hakkind\" target=\"_self\" rel=\"noopener noreferrer\">FORTSETZUNG<\/a>\n\n<\/div>\n<div  class=\"features-coloured-icon-boxes-featurecol cp2cols\">\n<div  class=\"features-coloured-icon-boxes-iconcontainer\" data-content-item-container=\"true\"><\/div>\n<h4  class=\"\">Unsere Philosophie<\/h4>\n<a  class=\"features-coloured-button\" href=\"#about\" target=\"_self\" rel=\"noopener noreferrer\">FORTSETZUNG<\/a>\n\n<\/div>\n<div  class=\"features-coloured-icon-boxes-featurecol cp2cols\">\n<div  class=\"features-coloured-icon-boxes-iconcontainer\" data-content-item-container=\"true\"><\/div>\n<h4  class=\"\">Unsere T\u00e4tigkeitsbereiche<\/h4>\n<a  class=\"features-coloured-button\" href=\"#numbers\" target=\"_self\" rel=\"noopener noreferrer\">FORTSETZUNG<\/a>\n\n<\/div>\n<div  class=\"features-coloured-icon-boxes-featurecol cp2cols\">\n<div  class=\"features-coloured-icon-boxes-iconcontainer\" data-content-item-container=\"true\"><\/div>\n<h4  class=\"\">Unsere Dienstleistungen<\/h4>\n<a  class=\"features-coloured-button\" href=\"#testimonials-2\" target=\"_self\" rel=\"noopener noreferrer\">FORTSETZUNG<\/a>\n\n<\/div>\n<div  class=\"features-coloured-icon-boxes-featurecol cp2cols\">\n<div  class=\"features-coloured-icon-boxes-iconcontainer\" data-content-item-container=\"true\"><\/div>\n<h4  class=\"\">Kontakt<\/h4>\n<a  class=\"features-coloured-button\" href=\"#cta-1\" target=\"_self\" rel=\"noopener noreferrer\">FORTSETZUNG<\/a>\n\n<\/div>\n<\/div>\n<\/div>\n<\/div><div  id=\"hakkindd\" class=\"about-big-images-section\" style=\"background-color: #f6f6f6;\" data-label=\"hakkindd\" data-id=\"about-big-images-section\" data-category=\"about\">\n<div  class=\"gridContainer\">\n<div  class=\"about-big-images-textrow\">\n<div  class=\"about-big-images-textcol dynamic-color\" data-type=\"column\">\n<h5  class=\"\">K\u00dcB\u0130K GRUP<\/h5>\n<h3  class=\"\">Wer sind wir<\/h3>\n<p  class=\"\">Die K\u00fcbik Grup wurde 2013 in Istanbul gegr\u00fcndet und ist ein Technologieunternehmen, das mit F &amp; E entsprechend den Bed\u00fcrfnissen der Gesellschaften das technologische \u00d6kosystem unterst\u00fctzt, innovative und durchg\u00e4ngige L\u00f6sungen bietet und Projekte entwickelt. Mit seinem Fachpersonal auf dem Gebiet der F &amp; E, bietet es Projektunterst\u00fctzung f\u00fcr Institutionen, von der Gr\u00fcndung bis zum Betrieb und beteiligt sich an digitalen und technologischen \u00d6kosystemen. Die K\u00fcbik Grup entwickelt Software-, Hardware- und mechatronische&nbsp;L\u00f6sungen und f\u00fchrt auch Design-, F &amp; E- und Projektmanagementaktivit\u00e4ten durch, die wichtige Akteure der Produktionsstrategie sind.<\/p>\n<p  class=\"\">In seinen Projekten arbeitet es mit Ingenieuren und Fakult\u00e4ten zusammen, die Experten in den Bereichen Verteidigung, Bankwesen, Informationssicherheit, Hardware und Mechanik sind. Die K\u00fcbik Grup, die gem\u00e4\u00df den Bed\u00fcrfnissen ihrer Kunden verschiedene Produkte und Projekte entwickelt hat, bietet L\u00f6sungen mit einer End-to-End-Anwendung und Informationssicherheitsinfrastruktur. Zu ihren Projekten geh\u00f6ren Technologiestudien wie Mobile Ansage, Cash-Management-Systeme, Faser-LED-Beleuchtungssysteme und desinfizierende antimikrobielle Systeme.<\/p>\n<p  class=\"\">Die Firma K\u00fcbik, die gleichzeitig zusammen mit der Fakult\u00e4t f\u00fcr Elektronik der Technischen Universit\u00e4t Istanbul das erste Labor f\u00fcr kognitive Systeme der T\u00fcrkei gegr\u00fcndet hat, befasst sich mit wissenschaftlichen Ver\u00f6ffentlichungen sowie Forschungs- und Entwicklungsaktivit\u00e4ten mit der Fakult\u00e4t.<\/p>\n<p  class=\"\">Unser Unternehmen, das an speziellen Projekten im Bereich des Zivilschutzes gearbeitet hat, beteiligt sich an multidisziplin\u00e4ren Projekten wie \u201cHochgeschwindigkeitssuche und -rettung, Autonomes \u00dcberwassersystem Entwicklungsprojekt\u201d.<\/p>\n<img decoding=\"async\"  class=\"custom-image\" src=\"https:\/\/kubikgrup.com\/wp-content\/uploads\/2020\/04\/27208.jpg\">\n\n<\/div>\n<\/div>\n<\/div>\n<div  class=\"about-big-images-bottomrow\">\n<div  class=\"about-big-images-leftimgcol\"><\/div>\n<div  class=\"about-big-images-centerimgcol\"><\/div>\n<div  class=\"about-big-images-rightimgcol\"><\/div>\n<\/div>\n<\/div><div  id=\"about\" class=\"features-image-cards-section\" style=\"background-color: #f6f6f6;\" data-label=\"about\" data-id=\"features-image-cards-section\" data-category=\"features\">\n<div  class=\"gridContainer\">\n<div  class=\"features-image-cards-textrow\">\n<div  class=\"features-image-cards-textcol dynamic-color\" data-type=\"column\">\n<h2  class=\"\">Unsere Philosophie<\/h2>\n<\/div>\n<\/div>\n<div  class=\"features-image-cards-innerrow flexbox-list dark-text\" data-type=\"row\">\n<div  class=\"features-image-cards-cardcol cp4cols cp6cols-tablet\">\n<div  class=\"features-image-cards-cardrow\">\n<div  class=\"features-image-cards-cardtextrow\" data-type=\"column\">\n<h4  class=\"\" style=\"text-align: center;\">Vision<\/h4>\n<p  class=\"\">Durch Entwicklung innovativer und technologieorientierter Produkte mit seinen&nbsp;Mitinhabern, auf dem Weltmarkt \u00fcber ein zuverl\u00e4ssiges Technologie-\u00d6kosystem verf\u00fcgen.<\/p>\n\n\n<hr  class=\"features-image-cards-separator\">\n\n<\/div>\n<\/div>\n<\/div>\n<div  class=\"features-image-cards-cardcol cp4cols cp6cols-tablet\">\n<div  class=\"features-image-cards-cardrow\">\n<div  class=\"features-image-cards-cardtextrow\" data-type=\"column\">\n<h4  class=\"\" style=\"text-align: center;\">&nbsp;Mission<\/h4>\n<p  class=\"\">Wachsen, durch Anbieten von F &amp; E-Studien, Technologie-\u00d6kosystemen und sozialen Projekten; mit innovativen, zuverl\u00e4ssigen Produkten und L\u00f6sungen einen Mehrwert f\u00fcr das menschliche Leben schaffen.<\/p>\n\n\n<hr  class=\"features-image-cards-separator\">\n\n<\/div>\n<\/div>\n<\/div>\n<\/div>\n<\/div>\n<\/div><div  id=\"testimonials-2\" class=\"testimonials-full-section\" style=\"background-color: #ffffff;\" data-label=\"Testimonials\" data-id=\"testimonials-full-section\" data-category=\"testimonials\">\n<div  class=\"testimonials-full-section gridContainer\">\n<div  class=\"testimonials-full-textrow dynamic-color\">\n<div  class=\"testimonials-full-textcol\" data-type=\"column\">\n<h2  class=\"\">Unsere Dienstleistungen<\/h2>\n<img decoding=\"async\"  class=\"custom-image\" src=\"https:\/\/kubikgrup.com\/wp-content\/uploads\/2020\/04\/banner5.jpg\">\n<p  class=\"\">Bitte klicken Sie auf Weiter, um Informationen zu unseren Dienstleistungen zu erhalten.<\/p>\n<a  class=\"button blue\" href=\"https:\/\/kubikgrup.com?page_id=1940\" target=\"_self\" rel=\"noopener noreferrer\">Forsetzung<\/a>\n\n<\/div>\n<\/div>\n<div  class=\"testimonials-full-itemsrow dynamic-color\" data-type=\"row\">\n<div  class=\"testimonials-full-itemcol cp6cols-tablet cp12cols\">\n<div  class=\"testimonials-full-imgcol\" data-preview-empty=\"1\"><\/div>\n<div  class=\"testimonials-full-itemtextcol\" data-type=\"column\"><\/div>\n<\/div>\n<\/div>\n<\/div>\n<\/div><div  id=\"numbers\" class=\"numbers-section\" data-label=\"Numbers\" data-id=\"numbers-section\" data-category=\"numbers\" data-bg=\"transparent\" data-parallax-depth=\"20\">\n<div  class=\"dynamic-color\">\n<div  class=\"numbers-itemcol\">\n<h2  class=\"numbers-numbertext\">&nbsp;<\/h2>\n<h3  class=\"numbers-titletext\"><\/h3>\n<\/div>\n<div  class=\"numbers-itemcol\">\n<h2  class=\"numbers-numbertext\">Unsere T\u00e4tigkeitsbereiche<\/h2>\n<h3  class=\"numbers-titletext\"><\/h3>\n<\/div>\n<div  class=\"numbers-itemcol-last\">\n<h2  class=\"numbers-numbertext\"><\/h2>\n<h3  class=\"numbers-titletext\"><\/h3>\n<\/div>\n<\/div>\n<\/div><div  id=\"features-6\" class=\"features-small-image-cards-section\" style=\"background-color: #f6f6f6;\" data-label=\"Features\" data-id=\"features-small-image-cards-section\" data-category=\"features\">\n<div  class=\"\">\n<div  class=\"features-small-image-cards-featrow dark-text\" data-type=\"row\">\n<div  class=\"features-small-image-cards-featcol\">\n<div  class=\"features-small-image-cards-featinnerrow flexbox-list\">\n<div  class=\"features-small-image-cards-imgcol\" style=\"background-image: url('https:\/\/kubikgrup.com\/wp-content\/uploads\/2020\/03\/gdvfdfvd.jpg');\" data-bg=\"image\"><\/div>\n<div  class=\"features-small-image-cards-featcol-feattextcol\" data-type=\"column\">\n<h4  class=\"heading103\">Mobile und IOT-L\u00f6sungen<\/h4>\n<p  class=\"\">Die K\u00fcbik Group produziert im Rahmen ihrer Projekte Webl\u00f6sungen mit mobilen Anwendungen. Unter Verwendung der IOT-Infrastruktur und durch Anpassung an Innovationen entwickelt sie erfolgreiche verst\u00e4ndliche Projekte mit ihrer Infrastruktur auf dem neuesten Stand der Technik.<\/p>\n\n\n<hr  class=\"features-small-image-cards-separator\">\n<p  class=\"\"><a  class=\"\" href=\"https:\/\/kubikgrup.com?page_id=1951\" target=\"_self\" rel=\"noopener noreferrer\">Klicken Sie zur Fortsetzung <\/a><\/p>\n\n<\/div>\n<\/div>\n<\/div>\n<div  class=\"features-small-image-cards-featcol\">\n<div  class=\"features-small-image-cards-featinnerrow flexbox-list\">\n<div  class=\"features-small-image-cards-imgcol\" style=\"background-image: url('https:\/\/kubikgrup.com\/wp-content\/uploads\/2020\/03\/fsdfsdf.jpg');\" data-bg=\"image\"><\/div>\n<div  class=\"features-small-image-cards-featcol-feattextcol\" data-type=\"column\">\n<h4  class=\"heading103\">K\u00fcbik LED<\/h4>\n<p  class=\"\">K\u00fcbik LED, die die Entwicklungen in der Lichttechnik genau verfolgt, kann mit der in den F &amp; E-Abteilungen entwickelten Faser-LED-Technologie kann eine einzelne LED das Licht 6 Meter transportieren.\n<br >\n.<br ><\/p>\n.\n\n<hr  class=\"features-small-image-cards-separator\">\n<p  class=\"\"><a  class=\"\" href=\"http:\/\/www.kubikled.com\" target=\"_self\" rel=\"noopener noreferrer\">Klicken Sie zur Fortsetzung <\/a><\/p>\n\n<\/div>\n<\/div>\n<\/div>\n<div  class=\"features-small-image-cards-featcol\">\n<div  class=\"features-small-image-cards-featinnerrow flexbox-list\">\n<div  class=\"features-small-image-cards-imgcol\" style=\"background-image: url('https:\/\/kubikgrup.com\/wp-content\/uploads\/2020\/03\/sdfvdfvv.jpg');\" data-bg=\"image\"><\/div>\n<div  class=\"features-small-image-cards-featcol-feattextcol\" data-type=\"column\">\n<h4  class=\"heading103\">Projekte der milit\u00e4rischen Verteidigungsindustrie<\/h4>\n<p  class=\"\">Die K\u00fcbik Grup bietet gemeinsam mit ihrem erfahrenen Forschungs- und Entwicklungsteam L\u00f6sungen f\u00fcr die Entwicklung von Produkten f\u00fcr die Bed\u00fcrfnisse der Verteidigungsindustrie und entwickelt Produkte und L\u00f6sungen unter Verwendung der neuesten Designs und Technologien in Hardware und Software.<\/p>\n\n\n<hr  class=\"features-small-image-cards-separator\">\n<p  class=\"\"><a  class=\"\" href=\"https:\/\/kubikgrup.com?page_id=1961\" rel=\"noopener noreferrer\">Klicken Sie zur Fortsetzung<\/a><\/p>\n\n<\/div>\n<\/div>\n<\/div>\n<div  class=\"features-small-image-cards-featcol\">\n<div  class=\"features-small-image-cards-featinnerrow flexbox-list\">\n<div  class=\"features-small-image-cards-imgcol\" style=\"background-image: url('https:\/\/kubikgrup.com\/wp-content\/uploads\/2020\/03\/daasdd.jpg');\" data-bg=\"image\"><\/div>\n<div  class=\"features-small-image-cards-featcol-feattextcol\" data-type=\"column\">\n<h4  class=\"heading103\">Hochsicherheitssafe und Zahlungssysteme<\/h4>\n<p  class=\"\">Im Einklang mit der Vision von Institutionen, entwickelt sie Projekte zu Zahlungssystemen, die in die digitale Transformation integriert sind und bietet Bargeldsysteme, Software, Hardware f\u00fcr Hochsicherheitssafes und erm\u00f6glicht deren Herstellung.\n<br >.<br >\n<\/p>\n&nbsp; .\n\n<hr  class=\"features-small-image-cards-separator\">\n<p  class=\"\"><a  class=\"\" href=\"https:\/\/kubikgrup.com?page_id=1968\" rel=\"noopener noreferrer\">Klicken Sie zur Fortsetzung<\/a><\/p>\n\n<\/div>\n<\/div>\n<\/div>\n<div  class=\"features-small-image-cards-featcol\">\n<div  class=\"features-small-image-cards-featinnerrow flexbox-list\">\n<div  class=\"features-small-image-cards-imgcol\" style=\"background-image: url('https:\/\/kubikgrup.com\/wp-content\/uploads\/2020\/04\/beewa2.jpg');\" data-bg=\"image\"><\/div>\n<div  class=\"features-small-image-cards-featcol-feattextcol\" data-type=\"column\">\n<h4  class=\"heading103\">Beeway Systems<\/h4>\n<p  class=\"\">Neben Verfolgung von Produktentwicklungs- und Designprozessen werden mit Ingenieuren, die auf Software, Hardware, Informatik und Informationssicherheit spezialisiert sind, Marketingl\u00f6sungen entwickelt.<\/p>\n\n\n<hr  class=\"features-small-image-cards-separator\">\n<p  class=\"\"><a  class=\"\" href=\"http:\/\/www.beewaysystems.com\" target=\"_self\" rel=\"noopener noreferrer\">Klicken Sie zur Fortsetzung <\/a><\/p>\n\n<\/div>\n<\/div>\n<\/div>\n<div  class=\"features-small-image-cards-featcol\">\n<div  class=\"features-small-image-cards-featinnerrow flexbox-list\">\n<div  class=\"features-small-image-cards-imgcol\" style=\"background-image: url('https:\/\/kubikgrup.com\/wp-content\/uploads\/2020\/04\/cocnitif1.jpg');\" data-bg=\"image\"><\/div>\n<div  class=\"features-small-image-cards-featcol-feattextcol\" data-type=\"column\">\n<h4  class=\"heading103\">\u0130T\u00dc &amp; K\u00fcbik Cognitive Systems LAB<\/h4>\n<p  class=\"\">Durch die Zusammenarbeit con IT\u00dc-K\u00fcbik Mobil, f\u00fchrt das erste Labor f\u00fcr kognitive Systeme in der T\u00fcrkei, Projekte und Studien im Bereich K\u00fcnstliche Intelligenz, Deep Learning und kognitive Systeme, durch.<\/p>\n.\n\n<hr  class=\"features-small-image-cards-separator\">\n<p  class=\"\"><a  class=\"\" href=\"http:\/\/www.cognitive.itu.edu.tr\" target=\"_self\" rel=\"noopener noreferrer\">Klicken Sie zur Fortsetzung <\/a><\/p>\n\n<\/div>\n<\/div>\n<\/div>\n<div  class=\"features-small-image-cards-featcol\">\n<div  class=\"features-small-image-cards-featinnerrow flexbox-list\">\n<div  class=\"features-small-image-cards-imgcol\" style=\"background-image: url('https:\/\/kubikgrup.com\/wp-content\/uploads\/2020\/03\/havatem.jpg');\" data-bg=\"image\"><\/div>\n<div  class=\"features-small-image-cards-featcol-feattextcol\" data-type=\"column\">\n<h4  class=\"heading103\">Desinfizierende antimikrobielle Systeme<\/h4>\n<p  class=\"\">F\u00fchrt Software-, Hardware- und Produktionsaktivit\u00e4ten der Ger\u00e4te zur Erzeugung von UV-C-LED-UV-Strahlen, die f\u00fcr die Hygiene- und Sterilisationsvorg\u00e4nge entwickelt wurden und in allen Sektoren an erster Stelle liegen.<\/p>\n\n\n<hr  class=\"features-small-image-cards-separator\">\n<p  class=\"\"><a  class=\"\" href=\"https:\/\/kubikgrup.com?page_id=1975\" rel=\"noopener noreferrer\">Klicken Sie zur Fortsetzung<\/a><\/p>\n\n<\/div>\n<\/div>\n<\/div>\n<div  class=\"features-small-image-cards-featcol\">\n<div  class=\"features-small-image-cards-featinnerrow flexbox-list\">\n<div  class=\"features-small-image-cards-imgcol\" style=\"background-image: url('https:\/\/kubikgrup.com\/wp-content\/uploads\/2020\/03\/sosyal.jpg');\" data-bg=\"image\"><\/div>\n<div  class=\"features-small-image-cards-featcol-feattextcol\" data-type=\"column\">\n<h4  class=\"heading103\">Soziale Verantwortungprojekte<\/h4>\n<p  class=\"\">Mit soziale Verantwortungprojekten wird auf wichtige Themen f\u00fcr unser Land aufmerksam gemacht, umwelt- und menschensensible Projekte entwickelt und Aktivit\u00e4ten im Lichte dieser Projekte organisiert.<\/p>\n\n\n<hr  class=\"features-small-image-cards-separator\">\n<p  class=\"\"><a  class=\"\" href=\"https:\/\/kubikgrup.com?page_id=1982\" rel=\"noopener noreferrer\">Klicken Sie zur Fortsetzung<\/a><\/p>\n\n<\/div>\n<\/div>\n<\/div>\n<\/div>\n<\/div>\n<\/div><div  id=\"cta-1\" class=\"cta-blue-section\" data-label=\"Call to action\" data-id=\"cta-blue-section\" data-category=\"cta\">\n<div  class=\"gridContainer\">\n<div  class=\"flexbox-list flexbox-list-align-center row\">\n<div  class=\"cta-blue-textcol dynamic-color\">\n<h2  class=\"cta-blue-text\"><span  style=\"font-weight: 600;\">Kontakt<\/span><\/h2>\n<\/div>\n<div  class=\"cta-blue-btncol\"><a  class=\"button big yellow dark-text\" href=\"https:\/\/www.google.com\/maps\/place\/40\u00b052'44.6%22N+29\u00b023'46.0%22E\/@40.879965,29.3937016,16.1z\/data=!4m6!3m5!1s0x0:0x0!7e2!8m2!3d40.8790435!4d29.3961176\" target=\"_blank\" rel=\"noopener noreferrer\"> ANFAHRTSPLAN <\/a><\/div>\n<\/div>\n<\/div>\n<\/div>","protected":false},"excerpt":{"rendered":"<p>Wer sind wir FORTSETZUNG Unsere Philosophie FORTSETZUNG Unsere T\u00e4tigkeitsbereiche FORTSETZUNG Unsere Dienstleistungen FORTSETZUNG Kontakt FORTSETZUNG K\u00dcB\u0130K GRUP Wer sind wir Die K\u00fcbik Grup wurde 2013 in Istanbul gegr\u00fcndet und ist ein Technologieunternehmen, das mit F &amp; E entsprechend den Bed\u00fcrfnissen der Gesellschaften das technologische \u00d6kosystem unterst\u00fctzt, innovative und durchg\u00e4ngige L\u00f6sungen bietet und Projekte entwickelt. Mit&hellip; <br \/> <a class=\"button small blue\" href=\"https:\/\/www.kubikgrup.com\/?page_id=1916\">Devam\u0131<\/a><\/p>\n","protected":false},"author":1,"featured_media":0,"parent":0,"menu_order":0,"comment_status":"closed","ping_status":"closed","template":"page-templates\/homepage.php","meta":{"footnotes":""},"_links":{"self":[{"href":"https:\/\/www.kubikgrup.com\/index.php?rest_route=\/wp\/v2\/pages\/1916"}],"collection":[{"href":"https:\/\/www.kubikgrup.com\/index.php?rest_route=\/wp\/v2\/pages"}],"about":[{"href":"https:\/\/www.kubikgrup.com\/index.php?rest_route=\/wp\/v2\/types\/page"}],"author":[{"embeddable":true,"href":"https:\/\/www.kubikgrup.com\/index.php?rest_route=\/wp\/v2\/users\/1"}],"replies":[{"embeddable":true,"href":"https:\/\/www.kubikgrup.com\/index.php?rest_route=%2Fwp%2Fv2%2Fcomments&post=1916"}],"version-history":[{"count":26,"href":"https:\/\/www.kubikgrup.com\/index.php?rest_route=\/wp\/v2\/pages\/1916\/revisions"}],"predecessor-version":[{"id":2000,"href":"https:\/\/www.kubikgrup.com\/index.php?rest_route=\/wp\/v2\/pages\/1916\/revisions\/2000"}],"wp:attachment":[{"href":"https:\/\/www.kubikgrup.com\/index.php?rest_route=%2Fwp%2Fv2%2Fmedia&parent=1916"}],"curies":[{"name":"wp","href":"https:\/\/api.w.org\/{rel}","templated":true}]}}