{"id":1940,"date":"2021-10-25T14:42:42","date_gmt":"2021-10-25T11:42:42","guid":{"rendered":"https:\/\/kubikgrup.com\/?page_id=1940"},"modified":"2021-10-25T14:51:16","modified_gmt":"2021-10-25T11:51:16","slug":"unsere-dienstleistungen","status":"publish","type":"page","link":"https:\/\/www.kubikgrup.com\/?page_id=1940","title":{"rendered":"UNSERE-DIENSTLEISTUNGEN"},"content":{"rendered":"\n<p> SOFTWARE und ANWENDUNGEN<\/p>\n\n\n\n<p> Aufgrund des schnellen technologischen Fortschritts bieten wir L\u00f6sungen mit Apps, mobilen Technologien und dementsprechenden mobilen Anwendungen, die wir in jedem Moment bei uns haben.\u00a0Wir entwickeln kundenspezifische Softwarel\u00f6sungen, die sich auf die internen Bed\u00fcrfnisse in Unternehmen orientieren, entwickeln Software, die auf Mac- und PC-basierten Systemen funktioniert, bieten Web- oder Offline-Dienste und ermitteln die Anforderungen Ihres Unternehmens, entwerfen und entwickeln PC- und Mac-Desktop-, iOS- und Android-Mobilanwendungen nach Ihren Bedarf gem\u00e4\u00df Ihren Marketingstrategien. Wir entwickeln auch spezielle Software, die Ihr Unternehmensprofil durchg\u00e4ngig widerspiegelt. <\/p>\n\n\n\n<p> PCB-KARTENENTW\u00dcRFE <\/p>\n\n\n\n<p> Als Hardware bieten wir Service mit allen Arten von elektronischen Hardware-Designs. 1,2,.. Wir bieten PCB Board Tests und Designs, wie bis zu 16-fache PCB-Zeichnungen, Designs, alle Arten von elektronischen analogen oder digitalen Schaltungsdesigns, HF-, Netzwerk-, Mikroprozessor-, Mikrocontroller-basierte Schaltungen usw. und Entw\u00fcrfe. Zudem bieten auch Dienstleistungen in der Produktionsverfolgung. Mit unseren Hardware-Ingenieuren und einem breiten technischen Team stellen wir zuverl\u00e4ssige Produkte f\u00fcr Unternehmen her, die internationalen Standards entsprechen. Von der Konzepterstellung bis zur Produktion verfolgen wir in allen Prozessen die neuesten technologischen Entwicklungen und versuchen, die zuk\u00fcnftigen Bed\u00fcrfnisse unserer Kunden zu erf\u00fcllen.\u00a0 <\/p>\n\n\n\n<p> MECHATRONISCHES DESIGN <\/p>\n\n\n\n<p> Mechatronik; Maschinenbau, um fortschrittliche Produktsysteme auf der Grundlage der Integration elektronischer Steuerungssysteme einzurichten. Zusammen mit dem Design der Produkte erstellen wir die neuesten   Technologiedesigns mit multidisziplin\u00e4ren Ingenieurstudien.\u00a0Unser Unternehmen, das auch elektronische Ger\u00e4te entwickelt, die das mechanische System auf die effizienteste Weise steuern, verwendet die fortschrittlichsten Technologien. <\/p>\n\n\n\n<p> PRODUKTENTWICKLUNG <\/p>\n\n\n\n<p> Durch die Verfolgung der Produktentwicklungs- und Designprozesse der Unternehmen, entwickeln wir neue Strategien und f\u00fchren Hardware- und Softwarestudien f\u00fcr das Design und die Entwicklung neuer Produkte durch. Mit der Festlegung des Konzepts in einem Produkt bieten wir durch alle Analysen mit industriellem und mechanischem Design den Institutionen die notwendige technische Unterst\u00fctzung bei allen L\u00f6sungen von der Produktion bis zur endg\u00fcltigen Kontrollphase. <\/p>\n\n\n\n<p><strong> END-TO-END-PRODUKTIONSL\u00d6SUNGEN (F &amp; E-DESIGN) <\/strong><\/p>\n\n\n\n<p> Mit unserer Erfahrung im Sektor bieten wir zusammen mit F &amp; E, Software, Hardware, Design, Produktion, Software und After-Sales-Dienstleistungen, kundenorientierte End-to-End-Mehrwertl\u00f6sungen. Wir m\u00f6chten die Kundenzufriedenheit auf h\u00f6chstem Niveau halten, indem wir zusammen mit unserem, in der Entwicklung und Produktion elektronischer Hardware erfahrenen Forschungs- und Entwicklungsteam, die neuesten Technologiedienstleistungen nutzen.\u00a0 <\/p>\n\n\n\n<p><strong> PROJEKTVERWALTUNG <\/strong><\/p>\n\n\n\n<p> Mit dem disziplinarischem Arbeitssystem im Bereich der Erreichung und Erf\u00fcllung der Ziele eines bestimmten Projekts, Planung, Organisation, Beschaffung und Verwaltung mit Innovationen, bieten unternehmensspezifische L\u00f6sungen im Bereich Projektverwaltung in einem bestimmten Zeitraum mit der f\u00fcr unsere Mitinhabern am besten geeigneten Arbeitsweise. Wir bieten volle Unterst\u00fctzung mit unseren kompetenten Ingenieuren und der neuesten Technologie in allen Prozessen von der Ideenentwicklungsphase des Projekts bis zur Lieferung des Projekts.\u00a0 <\/p>\n\n\n\n<p> <strong>WISSENSCHAFTLICHE STUDIEN UND PARTNERSCHAFT\u00a0 <\/strong><\/p>\n\n\n\n<p> Als Institution entwickeln wir Produkte und Projekte weiter, die der Zukunft zugute kommen, indem wir darauf abzielen, dass die von uns unterst\u00fctzten Projekte durch die Zusammenarbeit mit Universit\u00e4ten in wissenschaftlichen Studien wirtschaftlichen Nutzen und Wert schaffen, nachhaltige Vorteile bieten. Wir streben die   nachhaltige Entwicklung von Techno-Unternehmertum und \u00d6kosystemen an. <\/p>\n","protected":false},"excerpt":{"rendered":"<p>SOFTWARE und ANWENDUNGEN Aufgrund des schnellen technologischen Fortschritts bieten wir L\u00f6sungen mit Apps, mobilen Technologien und dementsprechenden mobilen Anwendungen, die wir in jedem Moment bei uns haben.\u00a0Wir entwickeln kundenspezifische Softwarel\u00f6sungen, die sich auf die internen Bed\u00fcrfnisse in Unternehmen orientieren, entwickeln Software, die auf Mac- und PC-basierten Systemen funktioniert, bieten Web- oder Offline-Dienste und ermitteln die&hellip; <br \/> <a class=\"button small blue\" href=\"https:\/\/www.kubikgrup.com\/?page_id=1940\">Devam\u0131<\/a><\/p>\n","protected":false},"author":1,"featured_media":0,"parent":0,"menu_order":0,"comment_status":"closed","ping_status":"closed","template":"","meta":{"footnotes":""},"_links":{"self":[{"href":"https:\/\/www.kubikgrup.com\/index.php?rest_route=\/wp\/v2\/pages\/1940"}],"collection":[{"href":"https:\/\/www.kubikgrup.com\/index.php?rest_route=\/wp\/v2\/pages"}],"about":[{"href":"https:\/\/www.kubikgrup.com\/index.php?rest_route=\/wp\/v2\/types\/page"}],"author":[{"embeddable":true,"href":"https:\/\/www.kubikgrup.com\/index.php?rest_route=\/wp\/v2\/users\/1"}],"replies":[{"embeddable":true,"href":"https:\/\/www.kubikgrup.com\/index.php?rest_route=%2Fwp%2Fv2%2Fcomments&post=1940"}],"version-history":[{"count":2,"href":"https:\/\/www.kubikgrup.com\/index.php?rest_route=\/wp\/v2\/pages\/1940\/revisions"}],"predecessor-version":[{"id":1944,"href":"https:\/\/www.kubikgrup.com\/index.php?rest_route=\/wp\/v2\/pages\/1940\/revisions\/1944"}],"wp:attachment":[{"href":"https:\/\/www.kubikgrup.com\/index.php?rest_route=%2Fwp%2Fv2%2Fmedia&parent=1940"}],"curies":[{"name":"wp","href":"https:\/\/api.w.org\/{rel}","templated":true}]}}