{"id":1951,"date":"2021-10-25T14:58:39","date_gmt":"2021-10-25T11:58:39","guid":{"rendered":"https:\/\/kubikgrup.com\/?page_id=1951"},"modified":"2021-10-25T15:02:45","modified_gmt":"2021-10-25T12:02:45","slug":"mobile-ansage","status":"publish","type":"page","link":"https:\/\/www.kubikgrup.com\/?page_id=1951","title":{"rendered":"MOBILE-ANSAGE"},"content":{"rendered":"\n<p>   <strong>Die   K\u00fcbik Grup produziert im Rahmen ihrer Projekte Webl\u00f6sungen mit mobilen   Anwendungen. Unter Verwendung der IOT-Infrastruktur und durch Anpassung an   Innovationen entwickelt sie erfolgreiche verst\u00e4ndliche Projekte mit ihrer   Infrastruktur auf dem neuesten Stand der Technik.<\/strong>   <\/p>\n\n\n\n<p><img decoding=\"async\" loading=\"lazy\" width=\"244\" height=\"172\" class=\"wp-image-1282\" src=\"https:\/\/kubikgrup.com\/wp-content\/uploads\/2020\/03\/Picture1.jpg\" alt=\"\" style=\"width: 200px;\"> Mobile Ansage ist eine installierte Anwendung f\u00fcr mobile und soziale Medienansagen, die kostenlos auf Smartphones heruntergeladen wird und mit der Verbraucher auf einfache Weise auf die Ank\u00fcndigungen von KMU und Unternehmen gem\u00e4\u00df der gew\u00fcnschten Kategorie (Standort, Marke, Produkt oder Dienstleistung) zugreifen und von den Vorteilen in der Umgebung je nach Standort profitieren k\u00f6nnen.\u00a0Es wurden ungef\u00e4hr 1000 Kampagnenstudien und Datenanalysen und Kundenerfahrungsstudien f\u00fcr Unternehmen durchgef\u00fchrt. <\/p>\n\n\n\n<h4 class=\"has-vivid-red-color has-text-color wp-block-heading\">   <strong>ARBEITEN UND TEILEN IN ALLEN BEREICHEN<\/strong><\/h4>\n\n\n\n<p> ANSAGE Facebook-Ansicht            ANSAGE-Ling Seitenansicht <\/p>\n\n\n\n<figure class=\"wp-block-image size-large\"><img decoding=\"async\" loading=\"lazy\" width=\"1024\" height=\"572\" src=\"https:\/\/kubikgrup.com\/wp-content\/uploads\/2020\/03\/fdfasdsd-1024x572.jpg\" alt=\"\" class=\"wp-image-1292\" srcset=\"https:\/\/www.kubikgrup.com\/wp-content\/uploads\/2020\/03\/fdfasdsd-1024x572.jpg 1024w, https:\/\/www.kubikgrup.com\/wp-content\/uploads\/2020\/03\/fdfasdsd-300x168.jpg 300w, https:\/\/www.kubikgrup.com\/wp-content\/uploads\/2020\/03\/fdfasdsd-768x429.jpg 768w, https:\/\/www.kubikgrup.com\/wp-content\/uploads\/2020\/03\/fdfasdsd-1536x859.jpg 1536w, https:\/\/www.kubikgrup.com\/wp-content\/uploads\/2020\/03\/fdfasdsd-2048x1145.jpg 2048w, https:\/\/www.kubikgrup.com\/wp-content\/uploads\/2020\/03\/fdfasdsd-1920x1073.jpg 1920w\" sizes=\"(max-width: 1024px) 100vw, 1024px\" \/><\/figure>\n\n\n\n<p><\/p>\n\n\n\n<h4 class=\"has-vivid-red-color has-text-color wp-block-heading\"><strong><br>KOLAY MEN\u00dc \u0130\u00c7ER\u0130\u011e\u0130<\/strong><\/h4>\n\n\n\n<figure class=\"wp-block-image size-large\"><img decoding=\"async\" loading=\"lazy\" width=\"1024\" height=\"662\" src=\"https:\/\/kubikgrup.com\/wp-content\/uploads\/2020\/03\/dfdferewew-1024x662.jpg\" alt=\"\" class=\"wp-image-1293\" srcset=\"https:\/\/www.kubikgrup.com\/wp-content\/uploads\/2020\/03\/dfdferewew-1024x662.jpg 1024w, https:\/\/www.kubikgrup.com\/wp-content\/uploads\/2020\/03\/dfdferewew-300x194.jpg 300w, https:\/\/www.kubikgrup.com\/wp-content\/uploads\/2020\/03\/dfdferewew-768x497.jpg 768w, https:\/\/www.kubikgrup.com\/wp-content\/uploads\/2020\/03\/dfdferewew-1536x994.jpg 1536w, https:\/\/www.kubikgrup.com\/wp-content\/uploads\/2020\/03\/dfdferewew-1670x1080.jpg 1670w, https:\/\/www.kubikgrup.com\/wp-content\/uploads\/2020\/03\/dfdferewew.jpg 2016w\" sizes=\"(max-width: 1024px) 100vw, 1024px\" \/><\/figure>\n\n\n\n<h4 class=\"has-vivid-red-color has-text-color wp-block-heading\">Online raporlama<\/h4>\n\n\n\n<figure class=\"wp-block-image size-large\"><img decoding=\"async\" loading=\"lazy\" width=\"1024\" height=\"755\" src=\"https:\/\/kubikgrup.com\/wp-content\/uploads\/2020\/03\/qwee45-1024x755.jpg\" alt=\"\" class=\"wp-image-1294\" srcset=\"https:\/\/www.kubikgrup.com\/wp-content\/uploads\/2020\/03\/qwee45-1024x755.jpg 1024w, https:\/\/www.kubikgrup.com\/wp-content\/uploads\/2020\/03\/qwee45-300x221.jpg 300w, https:\/\/www.kubikgrup.com\/wp-content\/uploads\/2020\/03\/qwee45-768x566.jpg 768w, https:\/\/www.kubikgrup.com\/wp-content\/uploads\/2020\/03\/qwee45-1536x1133.jpg 1536w, https:\/\/www.kubikgrup.com\/wp-content\/uploads\/2020\/03\/qwee45-1465x1080.jpg 1465w, https:\/\/www.kubikgrup.com\/wp-content\/uploads\/2020\/03\/qwee45.jpg 1584w\" sizes=\"(max-width: 1024px) 100vw, 1024px\" \/><\/figure>\n\n\n\n<figure class=\"wp-block-image size-large\"><img decoding=\"async\" loading=\"lazy\" width=\"1024\" height=\"391\" src=\"https:\/\/kubikgrup.com\/wp-content\/uploads\/2020\/03\/qwcc1-1024x391.jpg\" alt=\"\" class=\"wp-image-1291\" srcset=\"https:\/\/www.kubikgrup.com\/wp-content\/uploads\/2020\/03\/qwcc1-1024x391.jpg 1024w, https:\/\/www.kubikgrup.com\/wp-content\/uploads\/2020\/03\/qwcc1-300x114.jpg 300w, https:\/\/www.kubikgrup.com\/wp-content\/uploads\/2020\/03\/qwcc1-768x293.jpg 768w, https:\/\/www.kubikgrup.com\/wp-content\/uploads\/2020\/03\/qwcc1-1536x586.jpg 1536w, https:\/\/www.kubikgrup.com\/wp-content\/uploads\/2020\/03\/qwcc1.jpg 1908w\" sizes=\"(max-width: 1024px) 100vw, 1024px\" \/><\/figure>\n\n\n\n<p><\/p>\n","protected":false},"excerpt":{"rendered":"<p>Die K\u00fcbik Grup produziert im Rahmen ihrer Projekte Webl\u00f6sungen mit mobilen Anwendungen. Unter Verwendung der IOT-Infrastruktur und durch Anpassung an Innovationen entwickelt sie erfolgreiche verst\u00e4ndliche Projekte mit ihrer Infrastruktur auf dem neuesten Stand der Technik. Mobile Ansage ist eine installierte Anwendung f\u00fcr mobile und soziale Medienansagen, die kostenlos auf Smartphones heruntergeladen wird und mit der&hellip; <br \/> <a class=\"button small blue\" href=\"https:\/\/www.kubikgrup.com\/?page_id=1951\">Devam\u0131<\/a><\/p>\n","protected":false},"author":1,"featured_media":0,"parent":0,"menu_order":0,"comment_status":"closed","ping_status":"closed","template":"","meta":{"footnotes":""},"_links":{"self":[{"href":"https:\/\/www.kubikgrup.com\/index.php?rest_route=\/wp\/v2\/pages\/1951"}],"collection":[{"href":"https:\/\/www.kubikgrup.com\/index.php?rest_route=\/wp\/v2\/pages"}],"about":[{"href":"https:\/\/www.kubikgrup.com\/index.php?rest_route=\/wp\/v2\/types\/page"}],"author":[{"embeddable":true,"href":"https:\/\/www.kubikgrup.com\/index.php?rest_route=\/wp\/v2\/users\/1"}],"replies":[{"embeddable":true,"href":"https:\/\/www.kubikgrup.com\/index.php?rest_route=%2Fwp%2Fv2%2Fcomments&post=1951"}],"version-history":[{"count":2,"href":"https:\/\/www.kubikgrup.com\/index.php?rest_route=\/wp\/v2\/pages\/1951\/revisions"}],"predecessor-version":[{"id":1954,"href":"https:\/\/www.kubikgrup.com\/index.php?rest_route=\/wp\/v2\/pages\/1951\/revisions\/1954"}],"wp:attachment":[{"href":"https:\/\/www.kubikgrup.com\/index.php?rest_route=%2Fwp%2Fv2%2Fmedia&parent=1951"}],"curies":[{"name":"wp","href":"https:\/\/api.w.org\/{rel}","templated":true}]}}