{"id":1961,"date":"2021-10-25T15:18:36","date_gmt":"2021-10-25T12:18:36","guid":{"rendered":"https:\/\/kubikgrup.com\/?page_id=1961"},"modified":"2021-10-25T15:19:28","modified_gmt":"2021-10-25T12:19:28","slug":"zivilverteidigung-und-militardrohensysteme","status":"publish","type":"page","link":"https:\/\/www.kubikgrup.com\/?page_id=1961","title":{"rendered":"ZIVILVERTEIDIGUNG UND MILIT\u00c4RDROHENSYSTEME"},"content":{"rendered":"\n<p><strong>Die K\u00fcbik Grup bietet gemeinsam mit ihrem erfahrenen Forschungs- und Entwicklungsteam L\u00f6sungen f\u00fcr die Entwicklung von Produkten f\u00fcr die Bed\u00fcrfnisse der Verteidigungsindustrie und entwickelt Produkte und L\u00f6sungen unter Verwendung der neuesten Designs und Technologien in Hardware und Software.<\/strong><\/p>\n\n\n\n<figure class=\"wp-block-image size-large\"><img decoding=\"async\" loading=\"lazy\" width=\"1024\" height=\"637\" src=\"https:\/\/kubikgrup.com\/wp-content\/uploads\/2020\/03\/as1-1024x637.jpg\" alt=\"\" class=\"wp-image-1483\" srcset=\"https:\/\/www.kubikgrup.com\/wp-content\/uploads\/2020\/03\/as1-1024x637.jpg 1024w, https:\/\/www.kubikgrup.com\/wp-content\/uploads\/2020\/03\/as1-300x187.jpg 300w, https:\/\/www.kubikgrup.com\/wp-content\/uploads\/2020\/03\/as1-768x478.jpg 768w, https:\/\/www.kubikgrup.com\/wp-content\/uploads\/2020\/03\/as1-1536x956.jpg 1536w, https:\/\/www.kubikgrup.com\/wp-content\/uploads\/2020\/03\/as1-2048x1275.jpg 2048w, https:\/\/www.kubikgrup.com\/wp-content\/uploads\/2020\/03\/as1-1735x1080.jpg 1735w\" sizes=\"(max-width: 1024px) 100vw, 1024px\" \/><\/figure>\n","protected":false},"excerpt":{"rendered":"<p>Die K\u00fcbik Grup bietet gemeinsam mit ihrem erfahrenen Forschungs- und Entwicklungsteam L\u00f6sungen f\u00fcr die Entwicklung von Produkten f\u00fcr die Bed\u00fcrfnisse der Verteidigungsindustrie und entwickelt Produkte und L\u00f6sungen unter Verwendung der neuesten Designs und Technologien in Hardware und Software.<\/p>\n","protected":false},"author":1,"featured_media":0,"parent":0,"menu_order":0,"comment_status":"closed","ping_status":"closed","template":"","meta":{"footnotes":""},"_links":{"self":[{"href":"https:\/\/www.kubikgrup.com\/index.php?rest_route=\/wp\/v2\/pages\/1961"}],"collection":[{"href":"https:\/\/www.kubikgrup.com\/index.php?rest_route=\/wp\/v2\/pages"}],"about":[{"href":"https:\/\/www.kubikgrup.com\/index.php?rest_route=\/wp\/v2\/types\/page"}],"author":[{"embeddable":true,"href":"https:\/\/www.kubikgrup.com\/index.php?rest_route=\/wp\/v2\/users\/1"}],"replies":[{"embeddable":true,"href":"https:\/\/www.kubikgrup.com\/index.php?rest_route=%2Fwp%2Fv2%2Fcomments&post=1961"}],"version-history":[{"count":2,"href":"https:\/\/www.kubikgrup.com\/index.php?rest_route=\/wp\/v2\/pages\/1961\/revisions"}],"predecessor-version":[{"id":1964,"href":"https:\/\/www.kubikgrup.com\/index.php?rest_route=\/wp\/v2\/pages\/1961\/revisions\/1964"}],"wp:attachment":[{"href":"https:\/\/www.kubikgrup.com\/index.php?rest_route=%2Fwp%2Fv2%2Fmedia&parent=1961"}],"curies":[{"name":"wp","href":"https:\/\/api.w.org\/{rel}","templated":true}]}}