{"id":1975,"date":"2021-10-25T15:25:15","date_gmt":"2021-10-25T12:25:15","guid":{"rendered":"https:\/\/kubikgrup.com\/?page_id=1975"},"modified":"2021-10-25T15:25:50","modified_gmt":"2021-10-25T12:25:50","slug":"desinfizierende-antimikrobielle-systeme","status":"publish","type":"page","link":"https:\/\/www.kubikgrup.com\/?page_id=1975","title":{"rendered":"DESINFIZIERENDE ANTIMIKROBIELLE SYSTEME"},"content":{"rendered":"\n<p>   <strong>F\u00fchrt Software-,   Hardware- und Produktionsaktivit\u00e4ten der Ger\u00e4te zur Erzeugung von   UV-C-LED-UV-Strahlen, die f\u00fcr die Hygiene- und Sterilisationsvorg\u00e4nge   entwickelt wurden und in allen Sektoren an erster Stelle liegen.<\/strong>   <\/p>\n\n\n\n<figure class=\"wp-block-image size-large\"><img decoding=\"async\" loading=\"lazy\" width=\"1024\" height=\"642\" src=\"https:\/\/kubikgrup.com\/wp-content\/uploads\/2020\/03\/scdsdcsdc-1024x642.jpg\" alt=\"\" class=\"wp-image-1340\" srcset=\"https:\/\/www.kubikgrup.com\/wp-content\/uploads\/2020\/03\/scdsdcsdc-1024x642.jpg 1024w, https:\/\/www.kubikgrup.com\/wp-content\/uploads\/2020\/03\/scdsdcsdc-300x188.jpg 300w, https:\/\/www.kubikgrup.com\/wp-content\/uploads\/2020\/03\/scdsdcsdc-768x481.jpg 768w, https:\/\/www.kubikgrup.com\/wp-content\/uploads\/2020\/03\/scdsdcsdc-1536x962.jpg 1536w, https:\/\/www.kubikgrup.com\/wp-content\/uploads\/2020\/03\/scdsdcsdc-2048x1283.jpg 2048w, https:\/\/www.kubikgrup.com\/wp-content\/uploads\/2020\/03\/scdsdcsdc-1724x1080.jpg 1724w\" sizes=\"(max-width: 1024px) 100vw, 1024px\" \/><\/figure>\n\n\n\n<figure class=\"wp-block-image size-large\"><img decoding=\"async\" loading=\"lazy\" width=\"1024\" height=\"638\" src=\"https:\/\/kubikgrup.com\/wp-content\/uploads\/2020\/03\/dcsdcscd-1024x638.jpg\" alt=\"\" class=\"wp-image-1341\" srcset=\"https:\/\/www.kubikgrup.com\/wp-content\/uploads\/2020\/03\/dcsdcscd-1024x638.jpg 1024w, https:\/\/www.kubikgrup.com\/wp-content\/uploads\/2020\/03\/dcsdcscd-300x187.jpg 300w, https:\/\/www.kubikgrup.com\/wp-content\/uploads\/2020\/03\/dcsdcscd-768x478.jpg 768w, https:\/\/www.kubikgrup.com\/wp-content\/uploads\/2020\/03\/dcsdcscd-1536x957.jpg 1536w, https:\/\/www.kubikgrup.com\/wp-content\/uploads\/2020\/03\/dcsdcscd-2048x1276.jpg 2048w, https:\/\/www.kubikgrup.com\/wp-content\/uploads\/2020\/03\/dcsdcscd-1734x1080.jpg 1734w\" sizes=\"(max-width: 1024px) 100vw, 1024px\" \/><\/figure>\n\n\n\n<figure class=\"wp-block-image size-large\"><img decoding=\"async\" loading=\"lazy\" width=\"1024\" height=\"598\" src=\"https:\/\/kubikgrup.com\/wp-content\/uploads\/2020\/03\/dgvssdcsdcs-1024x598.jpg\" alt=\"\" class=\"wp-image-1342\" srcset=\"https:\/\/www.kubikgrup.com\/wp-content\/uploads\/2020\/03\/dgvssdcsdcs-1024x598.jpg 1024w, https:\/\/www.kubikgrup.com\/wp-content\/uploads\/2020\/03\/dgvssdcsdcs-300x175.jpg 300w, https:\/\/www.kubikgrup.com\/wp-content\/uploads\/2020\/03\/dgvssdcsdcs-768x449.jpg 768w, https:\/\/www.kubikgrup.com\/wp-content\/uploads\/2020\/03\/dgvssdcsdcs.jpg 1530w\" sizes=\"(max-width: 1024px) 100vw, 1024px\" \/><\/figure>\n\n\n\n<figure class=\"wp-block-image size-large\"><img decoding=\"async\" loading=\"lazy\" width=\"1024\" height=\"640\" src=\"https:\/\/kubikgrup.com\/wp-content\/uploads\/2020\/03\/adsdf-1024x640.jpg\" alt=\"\" class=\"wp-image-1343\" srcset=\"https:\/\/www.kubikgrup.com\/wp-content\/uploads\/2020\/03\/adsdf-1024x640.jpg 1024w, https:\/\/www.kubikgrup.com\/wp-content\/uploads\/2020\/03\/adsdf-300x187.jpg 300w, https:\/\/www.kubikgrup.com\/wp-content\/uploads\/2020\/03\/adsdf-768x480.jpg 768w, https:\/\/www.kubikgrup.com\/wp-content\/uploads\/2020\/03\/adsdf-1536x960.jpg 1536w, https:\/\/www.kubikgrup.com\/wp-content\/uploads\/2020\/03\/adsdf-2048x1280.jpg 2048w, https:\/\/www.kubikgrup.com\/wp-content\/uploads\/2020\/03\/adsdf-1729x1080.jpg 1729w\" sizes=\"(max-width: 1024px) 100vw, 1024px\" \/><\/figure>\n","protected":false},"excerpt":{"rendered":"<p>F\u00fchrt Software-, Hardware- und Produktionsaktivit\u00e4ten der Ger\u00e4te zur Erzeugung von UV-C-LED-UV-Strahlen, die f\u00fcr die Hygiene- und Sterilisationsvorg\u00e4nge entwickelt wurden und in allen Sektoren an erster Stelle liegen.<\/p>\n","protected":false},"author":1,"featured_media":0,"parent":0,"menu_order":0,"comment_status":"closed","ping_status":"closed","template":"","meta":{"footnotes":""},"_links":{"self":[{"href":"https:\/\/www.kubikgrup.com\/index.php?rest_route=\/wp\/v2\/pages\/1975"}],"collection":[{"href":"https:\/\/www.kubikgrup.com\/index.php?rest_route=\/wp\/v2\/pages"}],"about":[{"href":"https:\/\/www.kubikgrup.com\/index.php?rest_route=\/wp\/v2\/types\/page"}],"author":[{"embeddable":true,"href":"https:\/\/www.kubikgrup.com\/index.php?rest_route=\/wp\/v2\/users\/1"}],"replies":[{"embeddable":true,"href":"https:\/\/www.kubikgrup.com\/index.php?rest_route=%2Fwp%2Fv2%2Fcomments&post=1975"}],"version-history":[{"count":2,"href":"https:\/\/www.kubikgrup.com\/index.php?rest_route=\/wp\/v2\/pages\/1975\/revisions"}],"predecessor-version":[{"id":1978,"href":"https:\/\/www.kubikgrup.com\/index.php?rest_route=\/wp\/v2\/pages\/1975\/revisions\/1978"}],"wp:attachment":[{"href":"https:\/\/www.kubikgrup.com\/index.php?rest_route=%2Fwp%2Fv2%2Fmedia&parent=1975"}],"curies":[{"name":"wp","href":"https:\/\/api.w.org\/{rel}","templated":true}]}}