{"id":1982,"date":"2021-10-25T15:27:22","date_gmt":"2021-10-25T12:27:22","guid":{"rendered":"https:\/\/kubikgrup.com\/?page_id=1982"},"modified":"2021-10-25T15:30:50","modified_gmt":"2021-10-25T12:30:50","slug":"kubik-soziale-verantwortungsprojekte","status":"publish","type":"page","link":"https:\/\/www.kubikgrup.com\/?page_id=1982","title":{"rendered":"K\u00dcBIK SOZIALE VERANTWORTUNGSPROJEKTE"},"content":{"rendered":"\n<h2 class=\"has-vivid-red-color has-text-color has-text-align-center wp-block-heading\"><strong>UNSERE AKTIVIT\u00c4TEN<\/strong><\/h2>\n\n\n\n<p><strong>Mit soziale Verantwortungprojekten wird auf wichtige Themen f\u00fcr unser Land aufmerksam gemacht, umwelt- und menschensensible Projekte entwickelt und Aktivit\u00e4ten im Lichte dieser Projekte organisiert.<\/strong><\/p>\n\n\n\n<h4 class=\"has-vivid-red-color has-text-color has-text-align-center wp-block-heading\"><strong>Digitale Videoarbeiten\u00a0<\/strong><\/h4>\n\n\n\n<div class=\"wp-block-media-text alignwide\" style=\"grid-template-columns:42% auto\"><figure class=\"wp-block-media-text__media\"><img decoding=\"async\" loading=\"lazy\" width=\"1024\" height=\"409\" src=\"https:\/\/kubikgrup.com\/wp-content\/uploads\/2020\/03\/CDOTurkeylogo-1-1024x409.png\" alt=\"\" class=\"wp-image-1355\" srcset=\"https:\/\/www.kubikgrup.com\/wp-content\/uploads\/2020\/03\/CDOTurkeylogo-1-1024x409.png 1024w, https:\/\/www.kubikgrup.com\/wp-content\/uploads\/2020\/03\/CDOTurkeylogo-1-300x120.png 300w, https:\/\/www.kubikgrup.com\/wp-content\/uploads\/2020\/03\/CDOTurkeylogo-1-768x307.png 768w, https:\/\/www.kubikgrup.com\/wp-content\/uploads\/2020\/03\/CDOTurkeylogo-1.png 1146w\" sizes=\"(max-width: 1024px) 100vw, 1024px\" \/><\/figure><div class=\"wp-block-media-text__content\">\n<p><a href=\"http:\/\/www.cdoturkey.com\/\">http:\/\/www.cdoturkey.com\/<\/a><\/p>\n<\/div><\/div>\n\n\n\n<h2 class=\"wp-block-heading\">   <\/h2>\n\n\n\n<div class=\"wp-block-media-text alignwide\" style=\"grid-template-columns:39% auto\"><figure class=\"wp-block-media-text__media\"><img decoding=\"async\" loading=\"lazy\" width=\"1024\" height=\"136\" src=\"https:\/\/kubikgrup.com\/wp-content\/uploads\/2020\/03\/logocizgili-1024x136.png\" alt=\"\" class=\"wp-image-1354\" srcset=\"https:\/\/www.kubikgrup.com\/wp-content\/uploads\/2020\/03\/logocizgili-1024x136.png 1024w, https:\/\/www.kubikgrup.com\/wp-content\/uploads\/2020\/03\/logocizgili-300x40.png 300w, https:\/\/www.kubikgrup.com\/wp-content\/uploads\/2020\/03\/logocizgili-768x102.png 768w, https:\/\/www.kubikgrup.com\/wp-content\/uploads\/2020\/03\/logocizgili-1536x205.png 1536w, https:\/\/www.kubikgrup.com\/wp-content\/uploads\/2020\/03\/logocizgili-2048x273.png 2048w, https:\/\/www.kubikgrup.com\/wp-content\/uploads\/2020\/03\/logocizgili-1920x256.png 1920w\" sizes=\"(max-width: 1024px) 100vw, 1024px\" \/><\/figure><div class=\"wp-block-media-text__content\">\n<p><a href=\"http:\/\/www.cdoworld.com\/\">http:\/\/www.cdoworld.com\/<\/a><\/p>\n<\/div><\/div>\n\n\n\n<h2 class=\"wp-block-heading\">  <\/h2>\n\n\n\n<p> <\/p>\n\n\n\n<p> <\/p>\n\n\n\n<div class=\"wp-block-media-text alignwide\" style=\"grid-template-columns:39% auto\"><figure class=\"wp-block-media-text__media\"><img decoding=\"async\" loading=\"lazy\" width=\"1024\" height=\"213\" src=\"https:\/\/kubikgrup.com\/wp-content\/uploads\/2020\/03\/digitalwomenonboards_2.versiyon-1024x213.png\" alt=\"\" class=\"wp-image-1352\" srcset=\"https:\/\/www.kubikgrup.com\/wp-content\/uploads\/2020\/03\/digitalwomenonboards_2.versiyon-1024x213.png 1024w, https:\/\/www.kubikgrup.com\/wp-content\/uploads\/2020\/03\/digitalwomenonboards_2.versiyon-300x62.png 300w, https:\/\/www.kubikgrup.com\/wp-content\/uploads\/2020\/03\/digitalwomenonboards_2.versiyon-768x160.png 768w, https:\/\/www.kubikgrup.com\/wp-content\/uploads\/2020\/03\/digitalwomenonboards_2.versiyon-1536x319.png 1536w, https:\/\/www.kubikgrup.com\/wp-content\/uploads\/2020\/03\/digitalwomenonboards_2.versiyon-2048x426.png 2048w, https:\/\/www.kubikgrup.com\/wp-content\/uploads\/2020\/03\/digitalwomenonboards_2.versiyon-1920x399.png 1920w\" sizes=\"(max-width: 1024px) 100vw, 1024px\" \/><\/figure><div class=\"wp-block-media-text__content\">\n<p><a href=\"http:\/\/dwoboards.com\/\">http:\/\/dwoboards.com\/<\/a><\/p>\n<\/div><\/div>\n\n\n\n<p>  <\/p>\n\n\n\n<p> <\/p>\n\n\n\n<p> <\/p>\n\n\n\n<div class=\"wp-block-media-text alignwide\" style=\"grid-template-columns:40% auto\"><figure class=\"wp-block-media-text__media\"><img decoding=\"async\" loading=\"lazy\" width=\"1024\" height=\"307\" src=\"https:\/\/kubikgrup.com\/wp-content\/uploads\/2020\/03\/dergikapaklar-1024x307.jpg\" alt=\"\" class=\"wp-image-1357\" srcset=\"https:\/\/www.kubikgrup.com\/wp-content\/uploads\/2020\/03\/dergikapaklar-1024x307.jpg 1024w, https:\/\/www.kubikgrup.com\/wp-content\/uploads\/2020\/03\/dergikapaklar-300x90.jpg 300w, https:\/\/www.kubikgrup.com\/wp-content\/uploads\/2020\/03\/dergikapaklar-768x230.jpg 768w, https:\/\/www.kubikgrup.com\/wp-content\/uploads\/2020\/03\/dergikapaklar-1536x461.jpg 1536w, https:\/\/www.kubikgrup.com\/wp-content\/uploads\/2020\/03\/dergikapaklar-2048x614.jpg 2048w, https:\/\/www.kubikgrup.com\/wp-content\/uploads\/2020\/03\/dergikapaklar-1920x576.jpg 1920w\" sizes=\"(max-width: 1024px) 100vw, 1024px\" \/><\/figure><div class=\"wp-block-media-text__content\">\n<p><a href=\"http:\/\/www.cdoworld.com\/defaulttr.asp\">http:\/\/www.cdoworld.com\/defaulttr.asp<\/a><\/p>\n<\/div><\/div>\n\n\n\n<p>   <\/p>\n\n\n\n<h2 class=\"wp-block-heading\"> <\/h2>\n\n\n\n<p> <\/p>\n\n\n\n<h2 class=\"wp-block-heading\">   <\/h2>\n\n\n\n<div class=\"wp-block-media-text alignwide\" style=\"grid-template-columns:40% auto\"><figure class=\"wp-block-media-text__media\"><img decoding=\"async\" loading=\"lazy\" width=\"1024\" height=\"137\" src=\"https:\/\/kubikgrup.com\/wp-content\/uploads\/2020\/03\/cdoworldTV-1024x137.png\" alt=\"\" class=\"wp-image-1356\" srcset=\"https:\/\/www.kubikgrup.com\/wp-content\/uploads\/2020\/03\/cdoworldTV-1024x137.png 1024w, https:\/\/www.kubikgrup.com\/wp-content\/uploads\/2020\/03\/cdoworldTV-300x40.png 300w, https:\/\/www.kubikgrup.com\/wp-content\/uploads\/2020\/03\/cdoworldTV-768x102.png 768w, https:\/\/www.kubikgrup.com\/wp-content\/uploads\/2020\/03\/cdoworldTV.png 1200w\" sizes=\"(max-width: 1024px) 100vw, 1024px\" \/><\/figure><div class=\"wp-block-media-text__content\">\n<p><a href=\"https:\/\/www.youtube.com\/channel\/UCIWTeSXT5_xSkOhCvAxkQ\/featured\">https:\/\/www.youtube.com\/channel\/UCIWTeSXT5_xSkOhCvAxkQ\/featured<\/a><\/p>\n<\/div><\/div>\n\n\n\n<p>    <\/p>\n\n\n\n<h2 class=\"wp-block-heading\">  <\/h2>\n\n\n\n<p> <\/p>\n\n\n\n<h2 class=\"wp-block-heading\">  <\/h2>\n\n\n\n<h4 class=\"has-vivid-red-color has-text-color has-text-align-center wp-block-heading\"><strong>Er\u00f6ffnung des IT\u00dc \u2013 K\u00dcBIK MOBIL Cognitive Systeme LAB\u00a0<\/strong><\/h4>\n\n\n\n<figure class=\"wp-block-image size-large\"><img decoding=\"async\" loading=\"lazy\" width=\"1024\" height=\"683\" src=\"https:\/\/kubikgrup.com\/wp-content\/uploads\/2020\/03\/1DSC07135-1024x683.jpg\" alt=\"\" class=\"wp-image-1240\" srcset=\"https:\/\/www.kubikgrup.com\/wp-content\/uploads\/2020\/03\/1DSC07135-1024x683.jpg 1024w, https:\/\/www.kubikgrup.com\/wp-content\/uploads\/2020\/03\/1DSC07135-300x200.jpg 300w, https:\/\/www.kubikgrup.com\/wp-content\/uploads\/2020\/03\/1DSC07135-768x512.jpg 768w, https:\/\/www.kubikgrup.com\/wp-content\/uploads\/2020\/03\/1DSC07135.jpg 1200w\" sizes=\"(max-width: 1024px) 100vw, 1024px\" \/><\/figure>\n\n\n\n<figure class=\"wp-block-image size-large\"><img decoding=\"async\" loading=\"lazy\" width=\"1024\" height=\"683\" src=\"https:\/\/kubikgrup.com\/wp-content\/uploads\/2020\/03\/11DSC07134-1024x683.jpg\" alt=\"\" class=\"wp-image-1239\" srcset=\"https:\/\/www.kubikgrup.com\/wp-content\/uploads\/2020\/03\/11DSC07134-1024x683.jpg 1024w, https:\/\/www.kubikgrup.com\/wp-content\/uploads\/2020\/03\/11DSC07134-300x200.jpg 300w, https:\/\/www.kubikgrup.com\/wp-content\/uploads\/2020\/03\/11DSC07134-768x512.jpg 768w, https:\/\/www.kubikgrup.com\/wp-content\/uploads\/2020\/03\/11DSC07134.jpg 1200w\" sizes=\"(max-width: 1024px) 100vw, 1024px\" \/><\/figure>\n\n\n\n<h4 class=\"has-very-dark-gray-color has-text-color has-text-align-center wp-block-heading\"><strong>Rundtischversammlungen<\/strong><\/h4>\n\n\n\n<h4 class=\"has-vivid-red-color has-text-color has-text-align-center wp-block-heading\"><strong>12 APRIL 2018 Digital Women on Boards Er\u00f6ffnungsversammlung<\/strong><\/h4>\n\n\n\n<figure class=\"wp-block-image size-large\"><img decoding=\"async\" loading=\"lazy\" width=\"1024\" height=\"507\" src=\"https:\/\/kubikgrup.com\/wp-content\/uploads\/2020\/03\/1DSC03883-1024x507.jpg\" alt=\"\" class=\"wp-image-1237\" srcset=\"https:\/\/www.kubikgrup.com\/wp-content\/uploads\/2020\/03\/1DSC03883-1024x507.jpg 1024w, https:\/\/www.kubikgrup.com\/wp-content\/uploads\/2020\/03\/1DSC03883-300x149.jpg 300w, https:\/\/www.kubikgrup.com\/wp-content\/uploads\/2020\/03\/1DSC03883-768x380.jpg 768w, https:\/\/www.kubikgrup.com\/wp-content\/uploads\/2020\/03\/1DSC03883.jpg 1200w\" sizes=\"(max-width: 1024px) 100vw, 1024px\" \/><\/figure>\n\n\n\n<figure class=\"wp-block-image size-large\"><img decoding=\"async\" loading=\"lazy\" width=\"1024\" height=\"683\" src=\"https:\/\/kubikgrup.com\/wp-content\/uploads\/2020\/03\/1DSC04015-1024x683.jpg\" alt=\"\" class=\"wp-image-1236\" srcset=\"https:\/\/www.kubikgrup.com\/wp-content\/uploads\/2020\/03\/1DSC04015-1024x683.jpg 1024w, https:\/\/www.kubikgrup.com\/wp-content\/uploads\/2020\/03\/1DSC04015-300x200.jpg 300w, https:\/\/www.kubikgrup.com\/wp-content\/uploads\/2020\/03\/1DSC04015-768x512.jpg 768w, https:\/\/www.kubikgrup.com\/wp-content\/uploads\/2020\/03\/1DSC04015.jpg 1200w\" sizes=\"(max-width: 1024px) 100vw, 1024px\" \/><\/figure>\n\n\n\n<p class=\"has-text-color has-text-align-center has-vivid-cyan-blue-color\"><strong>1. Versammlung Recap Pr\u00e4sentation <\/strong>:<strong> <\/strong><a href=\"https:\/\/drive.google.com\/file\/d\/1HKcYHEG7gcwQ2GX1bp2isXH4ORdo0cPx\/view?usp=sharing\">https:\/\/drive.google.com\/file\/d\/1HKcYHEG7gcwQ2GX1bp2isXH4ORdo0cPx\/view?usp=sharing<\/a><\/p>\n\n\n\n<p>  <\/p>\n\n\n\n<h4 class=\"has-vivid-red-color has-text-color has-text-align-center wp-block-heading\"><strong>24 Oktober\u00a02018 Digital Women on Boards\u00a0\u00a02.Versammlung<\/strong><\/h4>\n\n\n\n<figure class=\"wp-block-image size-large\"><img decoding=\"async\" loading=\"lazy\" width=\"1024\" height=\"683\" src=\"https:\/\/kubikgrup.com\/wp-content\/uploads\/2020\/03\/1DSC07187-1024x683.jpg\" alt=\"\" class=\"wp-image-1235\" srcset=\"https:\/\/www.kubikgrup.com\/wp-content\/uploads\/2020\/03\/1DSC07187-1024x683.jpg 1024w, https:\/\/www.kubikgrup.com\/wp-content\/uploads\/2020\/03\/1DSC07187-300x200.jpg 300w, https:\/\/www.kubikgrup.com\/wp-content\/uploads\/2020\/03\/1DSC07187-768x512.jpg 768w, https:\/\/www.kubikgrup.com\/wp-content\/uploads\/2020\/03\/1DSC07187.jpg 1200w\" sizes=\"(max-width: 1024px) 100vw, 1024px\" \/><\/figure>\n\n\n\n<figure class=\"wp-block-image size-large\"><img decoding=\"async\" loading=\"lazy\" width=\"1024\" height=\"683\" src=\"https:\/\/kubikgrup.com\/wp-content\/uploads\/2020\/03\/1DSC07207-1024x683.jpg\" alt=\"\" class=\"wp-image-1234\" srcset=\"https:\/\/www.kubikgrup.com\/wp-content\/uploads\/2020\/03\/1DSC07207-1024x683.jpg 1024w, https:\/\/www.kubikgrup.com\/wp-content\/uploads\/2020\/03\/1DSC07207-300x200.jpg 300w, https:\/\/www.kubikgrup.com\/wp-content\/uploads\/2020\/03\/1DSC07207-768x512.jpg 768w, https:\/\/www.kubikgrup.com\/wp-content\/uploads\/2020\/03\/1DSC07207.jpg 1200w\" sizes=\"(max-width: 1024px) 100vw, 1024px\" \/><\/figure>\n\n\n\n<p class=\"has-text-color has-text-align-center has-vivid-cyan-blue-color\"><strong>2. Versammlung Whitepaper\u00a0\u00a0\u00a0\u00a0: <\/strong><a href=\"https:\/\/drive.google.com\/file\/d\/1s_Jm7DvgkQ7P9mMu0CXvpg2f4Nx1Y6mz\/view?usp=sharing\">https:\/\/drive.google.com\/file\/d\/1s_Jm7DvgkQ7P9mMu0CXvpg2f4Nx1Y6mz\/view?usp=sharing<\/a><\/p>\n\n\n\n<p>  <\/p>\n\n\n\n<h4 class=\"has-vivid-red-color has-text-color has-text-align-center wp-block-heading\"><strong>19 Dezember\u00a02018 Digital Women on Boards 3.Versammlung<\/strong><\/h4>\n\n\n\n<figure class=\"wp-block-image size-large\"><img decoding=\"async\" loading=\"lazy\" width=\"1024\" height=\"575\" src=\"https:\/\/kubikgrup.com\/wp-content\/uploads\/2020\/03\/1DNZ_3304-1024x575.jpg\" alt=\"\" class=\"wp-image-1238\" srcset=\"https:\/\/www.kubikgrup.com\/wp-content\/uploads\/2020\/03\/1DNZ_3304-1024x575.jpg 1024w, https:\/\/www.kubikgrup.com\/wp-content\/uploads\/2020\/03\/1DNZ_3304-300x169.jpg 300w, https:\/\/www.kubikgrup.com\/wp-content\/uploads\/2020\/03\/1DNZ_3304-768x431.jpg 768w, https:\/\/www.kubikgrup.com\/wp-content\/uploads\/2020\/03\/1DNZ_3304.jpg 1200w\" sizes=\"(max-width: 1024px) 100vw, 1024px\" \/><\/figure>\n\n\n\n<h4 class=\"has-vivid-red-color has-text-color has-text-align-center wp-block-heading\"><strong>CDO World Zeitschrifteninterviews<\/strong><\/h4>\n\n\n\n<figure class=\"wp-block-image size-large\"><img decoding=\"async\" loading=\"lazy\" width=\"749\" height=\"1024\" src=\"https:\/\/kubikgrup.com\/wp-content\/uploads\/2020\/03\/kolajdergiic-749x1024.jpg\" alt=\"\" class=\"wp-image-1360\" srcset=\"https:\/\/www.kubikgrup.com\/wp-content\/uploads\/2020\/03\/kolajdergiic-749x1024.jpg 749w, https:\/\/www.kubikgrup.com\/wp-content\/uploads\/2020\/03\/kolajdergiic-219x300.jpg 219w, https:\/\/www.kubikgrup.com\/wp-content\/uploads\/2020\/03\/kolajdergiic-768x1050.jpg 768w, https:\/\/www.kubikgrup.com\/wp-content\/uploads\/2020\/03\/kolajdergiic-790x1080.jpg 790w, https:\/\/www.kubikgrup.com\/wp-content\/uploads\/2020\/03\/kolajdergiic.jpg 1024w\" sizes=\"(max-width: 749px) 100vw, 749px\" \/><\/figure>\n\n\n\n<h4 class=\"has-vivid-red-color has-text-color has-text-align-center wp-block-heading\"><strong>Bereitstellung der Netzwerkumgebung\u00a0<\/strong><\/h4>\n\n\n\n<h4 class=\"has-vivid-red-color has-text-color has-text-align-center wp-block-heading\"><strong>Bereitstellung der Netzwerkumgebung in der Europ\u00e4ischen Union<\/strong><\/h4>\n\n\n\n<h4 class=\"has-vivid-red-color has-text-color has-text-align-center wp-block-heading\">   <strong>Die Akademiewelt und den Privatsektor zusammenbringen<\/strong>   <\/h4>\n\n\n\n<figure class=\"wp-block-image size-large is-resized\"><img decoding=\"async\" loading=\"lazy\" src=\"https:\/\/kubikgrup.com\/wp-content\/uploads\/2020\/03\/asdgfvd-1024x479.jpg\" alt=\"\" class=\"wp-image-1322\" width=\"762\" height=\"356\" srcset=\"https:\/\/www.kubikgrup.com\/wp-content\/uploads\/2020\/03\/asdgfvd-1024x479.jpg 1024w, https:\/\/www.kubikgrup.com\/wp-content\/uploads\/2020\/03\/asdgfvd-300x140.jpg 300w, https:\/\/www.kubikgrup.com\/wp-content\/uploads\/2020\/03\/asdgfvd-768x359.jpg 768w, https:\/\/www.kubikgrup.com\/wp-content\/uploads\/2020\/03\/asdgfvd-1536x718.jpg 1536w, https:\/\/www.kubikgrup.com\/wp-content\/uploads\/2020\/03\/asdgfvd-2048x958.jpg 2048w, https:\/\/www.kubikgrup.com\/wp-content\/uploads\/2020\/03\/asdgfvd-1920x898.jpg 1920w\" sizes=\"(max-width: 762px) 100vw, 762px\" \/><\/figure>\n","protected":false},"excerpt":{"rendered":"<p>UNSERE AKTIVIT\u00c4TEN Mit soziale Verantwortungprojekten wird auf wichtige Themen f\u00fcr unser Land aufmerksam gemacht, umwelt- und menschensensible Projekte entwickelt und Aktivit\u00e4ten im Lichte dieser Projekte organisiert. Digitale Videoarbeiten\u00a0 http:\/\/www.cdoturkey.com\/ http:\/\/www.cdoworld.com\/ http:\/\/dwoboards.com\/ http:\/\/www.cdoworld.com\/defaulttr.asp https:\/\/www.youtube.com\/channel\/UCIWTeSXT5_xSkOhCvAxkQ\/featured Er\u00f6ffnung des IT\u00dc \u2013 K\u00dcBIK MOBIL Cognitive Systeme LAB\u00a0 Rundtischversammlungen 12 APRIL 2018 Digital Women on Boards Er\u00f6ffnungsversammlung 1. Versammlung Recap Pr\u00e4sentation&hellip; <br \/> <a class=\"button small blue\" href=\"https:\/\/www.kubikgrup.com\/?page_id=1982\">Devam\u0131<\/a><\/p>\n","protected":false},"author":1,"featured_media":0,"parent":0,"menu_order":0,"comment_status":"closed","ping_status":"closed","template":"","meta":{"footnotes":""},"_links":{"self":[{"href":"https:\/\/www.kubikgrup.com\/index.php?rest_route=\/wp\/v2\/pages\/1982"}],"collection":[{"href":"https:\/\/www.kubikgrup.com\/index.php?rest_route=\/wp\/v2\/pages"}],"about":[{"href":"https:\/\/www.kubikgrup.com\/index.php?rest_route=\/wp\/v2\/types\/page"}],"author":[{"embeddable":true,"href":"https:\/\/www.kubikgrup.com\/index.php?rest_route=\/wp\/v2\/users\/1"}],"replies":[{"embeddable":true,"href":"https:\/\/www.kubikgrup.com\/index.php?rest_route=%2Fwp%2Fv2%2Fcomments&post=1982"}],"version-history":[{"count":2,"href":"https:\/\/www.kubikgrup.com\/index.php?rest_route=\/wp\/v2\/pages\/1982\/revisions"}],"predecessor-version":[{"id":1985,"href":"https:\/\/www.kubikgrup.com\/index.php?rest_route=\/wp\/v2\/pages\/1982\/revisions\/1985"}],"wp:attachment":[{"href":"https:\/\/www.kubikgrup.com\/index.php?rest_route=%2Fwp%2Fv2%2Fmedia&parent=1982"}],"curies":[{"name":"wp","href":"https:\/\/api.w.org\/{rel}","templated":true}]}}