{"id":981,"date":"2020-02-12T15:11:09","date_gmt":"2020-02-12T12:11:09","guid":{"rendered":"https:\/\/kubikgrup.com\/?page_id=981"},"modified":"2020-03-30T18:57:11","modified_gmt":"2020-03-30T15:57:11","slug":"kubik-drone-2","status":"publish","type":"page","link":"https:\/\/www.kubikgrup.com\/?page_id=981","title":{"rendered":"Sivil Savunma ve Askeri Drone Sistemleri"},"content":{"rendered":"\n<p><strong>Savunma sanayisinin ihtiya\u00e7lar\u0131na y\u00f6nelik \u00fcr\u00fcnleri geli\u015ftirmek i\u00e7in \u00e7\u00f6z\u00fcmler sunmakta olan K\u00fcbik Grup, deneyimli Ar-GE ekibi ile birlikte donan\u0131m ve yaz\u0131l\u0131m alanlar\u0131nda en yeni tasar\u0131mlar ve son teknoloji kullan\u0131larak \u00fcr\u00fcnler geli\u015ftirmek ve \u00e7\u00f6z\u00fcmler sunmaktad\u0131r.<\/strong><\/p>\n\n\n\n<figure class=\"wp-block-image size-large\"><img decoding=\"async\" loading=\"lazy\" width=\"1024\" height=\"637\" src=\"https:\/\/kubikgrup.com\/wp-content\/uploads\/2020\/03\/as1-1024x637.jpg\" alt=\"\" class=\"wp-image-1483\" srcset=\"https:\/\/www.kubikgrup.com\/wp-content\/uploads\/2020\/03\/as1-1024x637.jpg 1024w, https:\/\/www.kubikgrup.com\/wp-content\/uploads\/2020\/03\/as1-300x187.jpg 300w, https:\/\/www.kubikgrup.com\/wp-content\/uploads\/2020\/03\/as1-768x478.jpg 768w, https:\/\/www.kubikgrup.com\/wp-content\/uploads\/2020\/03\/as1-1536x956.jpg 1536w, https:\/\/www.kubikgrup.com\/wp-content\/uploads\/2020\/03\/as1-2048x1275.jpg 2048w, https:\/\/www.kubikgrup.com\/wp-content\/uploads\/2020\/03\/as1-1735x1080.jpg 1735w\" sizes=\"(max-width: 1024px) 100vw, 1024px\" \/><\/figure>\n","protected":false},"excerpt":{"rendered":"<p>Savunma sanayisinin ihtiya\u00e7lar\u0131na y\u00f6nelik \u00fcr\u00fcnleri geli\u015ftirmek i\u00e7in \u00e7\u00f6z\u00fcmler sunmakta olan K\u00fcbik Grup, deneyimli Ar-GE ekibi ile birlikte donan\u0131m ve yaz\u0131l\u0131m alanlar\u0131nda en yeni tasar\u0131mlar ve son teknoloji kullan\u0131larak \u00fcr\u00fcnler geli\u015ftirmek ve \u00e7\u00f6z\u00fcmler sunmaktad\u0131r.<\/p>\n","protected":false},"author":1,"featured_media":0,"parent":0,"menu_order":0,"comment_status":"closed","ping_status":"closed","template":"","meta":{"footnotes":""},"_links":{"self":[{"href":"https:\/\/www.kubikgrup.com\/index.php?rest_route=\/wp\/v2\/pages\/981"}],"collection":[{"href":"https:\/\/www.kubikgrup.com\/index.php?rest_route=\/wp\/v2\/pages"}],"about":[{"href":"https:\/\/www.kubikgrup.com\/index.php?rest_route=\/wp\/v2\/types\/page"}],"author":[{"embeddable":true,"href":"https:\/\/www.kubikgrup.com\/index.php?rest_route=\/wp\/v2\/users\/1"}],"replies":[{"embeddable":true,"href":"https:\/\/www.kubikgrup.com\/index.php?rest_route=%2Fwp%2Fv2%2Fcomments&post=981"}],"version-history":[{"count":8,"href":"https:\/\/www.kubikgrup.com\/index.php?rest_route=\/wp\/v2\/pages\/981\/revisions"}],"predecessor-version":[{"id":1484,"href":"https:\/\/www.kubikgrup.com\/index.php?rest_route=\/wp\/v2\/pages\/981\/revisions\/1484"}],"wp:attachment":[{"href":"https:\/\/www.kubikgrup.com\/index.php?rest_route=%2Fwp%2Fv2%2Fmedia&parent=981"}],"curies":[{"name":"wp","href":"https:\/\/api.w.org\/{rel}","templated":true}]}}